{"id":1316,"date":"2022-01-30T14:29:28","date_gmt":"2022-01-30T14:29:28","guid":{"rendered":"https:\/\/traduccionscontext.com\/?page_id=1316"},"modified":"2025-12-16T17:13:32","modified_gmt":"2025-12-16T17:13:32","slug":"inicio","status":"publish","type":"page","link":"https:\/\/traduccionscontext.com\/es\/","title":{"rendered":"Inicio"},"content":{"rendered":"<p>[vc_row][vc_column][vc_empty_space height=\u00bb50&#8243;][\/vc_column][\/vc_row][vc_row][vc_column width=\u00bb1\/2&#8243;]<div id=\"ultimate-heading-550669dac15edccb8\" class=\"uvc-heading ult-adjust-bottom-margin ultimate-heading-550669dac15edccb8 uvc-1253 \" data-hspacer=\"no_spacer\"  data-halign=\"center\" style=\"text-align:center\"><div class=\"uvc-heading-spacer no_spacer\" style=\"top\"><\/div><div class=\"uvc-main-heading ult-responsive\"  data-ultimate-target='.uvc-heading.ultimate-heading-550669dac15edccb8 h2'  data-responsive-json-new='{\"font-size\":\"desktop:20px;\",\"line-height\":\"\"}' ><h2 style=\"font-family:&#039;Belleza&#039;;--font-weight:theme;\">PRESENTACI\u00d3N<\/h2><\/div><\/div>[vc_empty_space height=\u00bb60px\u00bb][vc_column_text]<\/p>\n<p style=\"text-align: justify;\">Context Traduccions pone a vuestra disposici\u00f3n un s\u00f3lido equipo de traductores con m\u00e1s de veinte a\u00f1os de experiencia en el sector, conocedores de la idiosincrasia y del ordenamiento jur\u00eddico y administrativo del Principado de Andorra.<\/p>\n<p>&nbsp;<\/p>\n<p style=\"text-align: justify;\">Aplicamos un control de calidad estricto en cada una de nuestras traducciones, ofrecemos la mejor relaci\u00f3n calidad-precio y garantizamos las entregas en los plazos fijados.<\/p>\n<p>&nbsp;<\/p>\n<p style=\"text-align: justify;\">Si nos quer\u00e9is solicitar un presupuesto adaptado a vuestras necesidades, no dud\u00e9is en poneros en contacto con nosotras.<\/p>\n<p>&nbsp;<\/p>\n<p style=\"text-align: justify;\">Esperamos que nuestros servicios sean de vuestro inter\u00e9s y deseamos poder contaros muy pronto entre nuestros clientes.<\/p>\n<p>[\/vc_column_text][vc_empty_space height=\u00bb40px\u00bb][\/vc_column][vc_column width=\u00bb1\/2&#8243;][vc_single_image image=\u00bb1773&#8243; img_size=\u00bb500&#215;550&#8243;][\/vc_column][\/vc_row]<\/p>\n","protected":false},"excerpt":{"rendered":"<p>[vc_row][vc_column][vc_empty_space height=\u00bb50&#8243;][\/vc_column][\/vc_row][vc_row][vc_column width=\u00bb1\/2&#8243;][vc_empty_space height=\u00bb60px\u00bb][vc_column_text] Context Traduccions pone a vuestra disposici\u00f3n un s\u00f3lido equipo de traductores con m\u00e1s de veinte a\u00f1os de experiencia en el sector, conocedores de la idiosincrasia y del ordenamiento jur\u00eddico y administrativo del Principado de Andorra. &nbsp; Aplicamos un control de calidad estricto en cada una de nuestras traducciones, ofrecemos la mejor&hellip;<\/p>\n","protected":false},"author":1,"featured_media":0,"parent":0,"menu_order":0,"comment_status":"closed","ping_status":"closed","template":"","meta":{"footnotes":""},"class_list":["post-1316","page","type-page","status-publish","hentry","description-off"],"_links":{"self":[{"href":"https:\/\/traduccionscontext.com\/es\/wp-json\/wp\/v2\/pages\/1316","targetHints":{"allow":["GET"]}}],"collection":[{"href":"https:\/\/traduccionscontext.com\/es\/wp-json\/wp\/v2\/pages"}],"about":[{"href":"https:\/\/traduccionscontext.com\/es\/wp-json\/wp\/v2\/types\/page"}],"author":[{"embeddable":true,"href":"https:\/\/traduccionscontext.com\/es\/wp-json\/wp\/v2\/users\/1"}],"replies":[{"embeddable":true,"href":"https:\/\/traduccionscontext.com\/es\/wp-json\/wp\/v2\/comments?post=1316"}],"version-history":[{"count":6,"href":"https:\/\/traduccionscontext.com\/es\/wp-json\/wp\/v2\/pages\/1316\/revisions"}],"predecessor-version":[{"id":1850,"href":"https:\/\/traduccionscontext.com\/es\/wp-json\/wp\/v2\/pages\/1316\/revisions\/1850"}],"wp:attachment":[{"href":"https:\/\/traduccionscontext.com\/es\/wp-json\/wp\/v2\/media?parent=1316"}],"curies":[{"name":"wp","href":"https:\/\/api.w.org\/{rel}","templated":true}]}}