{"id":1336,"date":"2022-01-30T14:57:58","date_gmt":"2022-01-30T14:57:58","guid":{"rendered":"https:\/\/traduccionscontext.com\/?page_id=1336"},"modified":"2025-12-16T16:03:48","modified_gmt":"2025-12-16T16:03:48","slug":"servicios","status":"publish","type":"page","link":"https:\/\/traduccionscontext.com\/es\/servicios\/","title":{"rendered":"Servicios"},"content":{"rendered":"<p>[vc_row][vc_column][vc_empty_space height=\u00bb50px\u00bb][\/vc_column][\/vc_row][vc_row][vc_column]<div id=\"ultimate-heading-96606a0874298dc02\" class=\"uvc-heading ult-adjust-bottom-margin ultimate-heading-96606a0874298dc02 uvc-8340  uvc-heading-default-font-sizes\" data-hspacer=\"no_spacer\"  data-halign=\"center\" style=\"text-align:center\"><div class=\"uvc-heading-spacer no_spacer\" style=\"top\"><\/div><div class=\"uvc-main-heading ult-responsive\"  data-ultimate-target='.uvc-heading.ultimate-heading-96606a0874298dc02 h2'  data-responsive-json-new='{\"font-size\":\"\",\"line-height\":\"\"}' ><h2 style=\"font-family:&#039;Belleza&#039;;--font-weight:theme;\">SERVICIOS<\/h2><\/div><\/div>[vc_empty_space height=\u00bb40px\u00bb][\/vc_column][\/vc_row][vc_row][vc_column width=\u00bb1\/2&#8243;][vc_single_image image=\u00bb1784&#8243; img_size=\u00bb500&#215;600&#8243; alignment=\u00bbcenter\u00bb][\/vc_column][vc_column width=\u00bb1\/2&#8243;][vc_empty_space height=\u00bb45px\u00bb][vc_column_text]<\/p>\n<p style=\"text-align: justify;\">Context Traduccions es una agencia de traducci\u00f3n creada en el a\u00f1o 2012 con un equipo que suma m\u00e1s de veinte a\u00f1os de experiencia en el Principado de Andorra. Nuestros expertos ofrecen un trato personalizado adaptado a vuestras necesidades, y garantizan en todo momento la m\u00e1xima calidad en sus traducciones, transparencia, agilidad y plena confidencialidad.<\/p>\n<p>&nbsp;<\/p>\n<p style=\"text-align: justify;\">Damos una respuesta r\u00e1pida y profesional a todo tipo de encargos, especialmente en el sector jur\u00eddico, oficial, empresarial, t\u00e9cnico, inform\u00e1tico y de nuevas tecnolog\u00edas, entre otros.<\/p>\n<p>&nbsp;<\/p>\n<p style=\"text-align: justify;\">Entre nuestros servicios, se incluyen los siguientes: la legalizaci\u00f3n de las traducciones juradas oficiales (legitimaci\u00f3n notarial y apostilla o legalizaci\u00f3n) as\u00ed como la recogida y la entrega a domicilio de los documentos (Andorra la Vella y Escaldes-Engordany) o por v\u00eda telem\u00e1tica. Tambi\u00e9n os ofrecemos el servicio de correcci\u00f3n de textos (ortotipogr\u00e1fica, gramatical y de estilo) de vuestras producciones escritas.<\/p>\n<p>[\/vc_column_text][\/vc_column][\/vc_row][vc_row][vc_column][vc_empty_space height=\u00bb40px\u00bb][\/vc_column][\/vc_row][vc_row][vc_column width=\u00bb1\/3&#8243;]<div class=\"flip-box-wrap\" style=\"\"><div class=\"flip-box ifb-jq-height  horizontal_flip_left flip-ifb-jq-height\" data-animation=\"\" data-animation-delay=\"03\" style=\"\" ><div class=\"ifb-flip-box\" id=\"flip-box-wrap-6786\"><div class=\"ifb-face ifb-front \" style=\"color:#ffffff;color:#bfbfbf;background:#891b13; border-style: solid;border-width: 2px; border-color:#891b13; \">\n\t\t\t\t\t\t\t<div class=\"ifb-flip-box-section \">\n\t\t\t\t\t\t\t<div class=\"flip-box-icon\"><div class=\"ult-just-icon-wrapper  \"><div class=\"align-icon\" style=\"text-align:center;\">\n<div class=\"aio-icon none \"  style=\"color:#ffffff;font-size:32px;display:inline-block;\">\n\t<i class=\"icomoon-font-awesome-14x14-balance-scale\"><\/i>\n<\/div><\/div><\/div><\/div><h3 class=\"ult-responsive flipbox_heading\"  data-ultimate-target='#flip-box-wrap-6786 .ult-responsive.flipbox_heading'  data-responsive-json-new='{\"font-size\":\"\",\"line-height\":\"\"}'  style=\"color:#ffffff; font-family:&#039;Belleza&#039;;\">TRADUCCIONES JURADAS Y OFICIALES<\/h3><div class=\"ifb-flip-box-section-content ult-responsive\"  data-ultimate-target='#flip-box-wrap-6786 .ifb-flip-box-section-content.ult-responsive'  data-responsive-json-new='{\"font-size\":\"\",\"line-height\":\"\"}'  style=\"font-family:&#039;Belleza&#039;;color:#ffffff;color:#bfbfbf;\"><p>Traducciones realizadas, certificadas y firmadas por un traductor jurado acreditado por el Ministerio de Justicia e Interior de Andorra.<\/p><\/div><\/div><\/div><!-- END .front -->\n\t\t\t\t\t\t<div class=\"ifb-face ifb-back\" style=\"color:#333333;background:#efefef; border-style: solid;border-width: 2px; border-color:#a4a4a4; \">\n\t\t\t\t\t\t\t<div class=\"ifb-flip-box-section \"><div class=\"ifb-flip-box-section-content ult-responsive\"  data-ultimate-target='#flip-box-wrap-6786 .ifb-flip-box-section-content.ult-responsive'  data-responsive-json-new='{\"font-size\":\"\",\"line-height\":\"\"}'  style=\"font-family:&#039;Belleza&#039;;color:#333333;\"><p><b>TIPO DE DOCUMENTOS<\/b><\/p>\n<p>- Certificados de matrimonio<br \/>\n- Certificados de nacimiento<br \/>\n- Antecedentes penales<br \/>\n- Sentencias<br \/>\n- T\u00edtulos acad\u00e9micos<br \/>\n- Declaraciones<br \/>\n- Actas<br \/>\n- Otros<\/p><\/div><\/div><\/div><!-- END .back --><\/div> <!-- ifb-flip-box --><\/div> <!-- flip-box --><\/div><!-- End icon block -->[\/vc_column][vc_column width=\u00bb1\/3&#8243;]<div class=\"flip-box-wrap\" style=\"\"><div class=\"flip-box ifb-jq-height  horizontal_flip_left flip-ifb-jq-height\" data-animation=\"\" data-animation-delay=\"03\" style=\"\" ><div class=\"ifb-flip-box\" id=\"flip-box-wrap-5460\"><div class=\"ifb-face ifb-front \" style=\"color:#ffffff;color:#bfbfbf;background:#891b13; border-style: solid;border-width: 2px; border-color:#a4a4a4; \">\n\t\t\t\t\t\t\t<div class=\"ifb-flip-box-section \">\n\t\t\t\t\t\t\t<div class=\"flip-box-icon\"><div class=\"ult-just-icon-wrapper  \"><div class=\"align-icon\" style=\"text-align:center;\">\n<div class=\"aio-icon none \"  style=\"color:#ffffff;font-size:32px;display:inline-block;\">\n\t<i class=\"icomoon-font-awesome-14x14-briefcase\"><\/i>\n<\/div><\/div><\/div><\/div><h3 class=\"ult-responsive flipbox_heading\"  data-ultimate-target='#flip-box-wrap-5460 .ult-responsive.flipbox_heading'  data-responsive-json-new='{\"font-size\":\"\",\"line-height\":\"\"}'  style=\"color:#ffffff; font-family:&#039;Belleza&#039;;\">TRADUCCIONES PROFESIONALES<\/h3><div class=\"ifb-flip-box-section-content ult-responsive\"  data-ultimate-target='#flip-box-wrap-5460 .ifb-flip-box-section-content.ult-responsive'  data-responsive-json-new='{\"font-size\":\"\",\"line-height\":\"\"}'  style=\"font-family:&#039;Belleza&#039;;color:#ffffff;color:#bfbfbf;\"><p>Traducciones de textos generales y especializados realizadas por traductores profesionales y nativos con experiencia.<\/p><\/div><\/div><\/div><!-- END .front -->\n\t\t\t\t\t\t<div class=\"ifb-face ifb-back\" style=\"color:#333333;background:#efefef; border-style: solid;border-width: 2px; border-color:#a4a4a4; \">\n\t\t\t\t\t\t\t<div class=\"ifb-flip-box-section \"><div class=\"ifb-flip-box-section-content ult-responsive\"  data-ultimate-target='#flip-box-wrap-5460 .ifb-flip-box-section-content.ult-responsive'  data-responsive-json-new='{\"font-size\":\"\",\"line-height\":\"\"}'  style=\"font-family:&#039;Belleza&#039;;color:#333333;\"><p><b>\u00c1MBITOS<\/b><\/p>\n<p>- Cient\u00edfico y t\u00e9cnico<br \/>\n- Jur\u00eddico<br \/>\n- Econ\u00f3mico<br \/>\n- Comercial<br \/>\n- Publicitario y tur\u00edstico<br \/>\n- Literario<br \/>\n- Sitios web<br \/>\n- Otros<\/p><\/div><\/div><\/div><!-- END .back --><\/div> <!-- ifb-flip-box --><\/div> <!-- flip-box --><\/div><!-- End icon block -->[\/vc_column][vc_column width=\u00bb1\/3&#8243;]<div class=\"flip-box-wrap\" style=\"\"><div class=\"flip-box ifb-jq-height  horizontal_flip_left flip-ifb-jq-height\" data-animation=\"\" data-animation-delay=\"03\" style=\"\" ><div class=\"ifb-flip-box\" id=\"flip-box-wrap-7996\"><div class=\"ifb-face ifb-front \" style=\"color:#ffffff;color:#bfbfbf;background:#891b13; border-style: solid;border-width: 2px; border-color:#a4a4a4; \">\n\t\t\t\t\t\t\t<div class=\"ifb-flip-box-section \">\n\t\t\t\t\t\t\t<div class=\"flip-box-icon\"><div class=\"ult-just-icon-wrapper  \"><div class=\"align-icon\" style=\"text-align:center;\">\n<div class=\"aio-icon none \"  style=\"color:#ffffff;font-size:32px;display:inline-block;\">\n\t<i class=\"icomoon-font-awesome-14x14-pencil\"><\/i>\n<\/div><\/div><\/div><\/div><h3 class=\"ult-responsive flipbox_heading\"  data-ultimate-target='#flip-box-wrap-7996 .ult-responsive.flipbox_heading'  data-responsive-json-new='{\"font-size\":\"\",\"line-height\":\"\"}'  style=\"color:#ffffff; font-family:&#039;Belleza&#039;;\">CORRECCIONES Y REVISIONES<\/h3><div class=\"ifb-flip-box-section-content ult-responsive\"  data-ultimate-target='#flip-box-wrap-7996 .ifb-flip-box-section-content.ult-responsive'  data-responsive-json-new='{\"font-size\":\"\",\"line-height\":\"\"}'  style=\"font-family:&#039;Belleza&#039;;color:#ffffff;color:#bfbfbf;\"><p>Servicio de correcci\u00f3n y revisi\u00f3n de textos a cargo de correctores y traductores nativos especializados y con experiencia.<\/p><\/div><\/div><\/div><!-- END .front -->\n\t\t\t\t\t\t<div class=\"ifb-face ifb-back\" style=\"color:#333333;background:#efefef; border-style: solid;border-width: 2px; border-color:#a4a4a4; \">\n\t\t\t\t\t\t\t<div class=\"ifb-flip-box-section \"><div class=\"ifb-flip-box-section-content ult-responsive\"  data-ultimate-target='#flip-box-wrap-7996 .ifb-flip-box-section-content.ult-responsive'  data-responsive-json-new='{\"font-size\":\"\",\"line-height\":\"\"}'  style=\"font-family:&#039;Belleza&#039;;color:#333333;\"><p><b>\u00c1MBITOS<\/b><\/p>\n<p>- Cient\u00edfico y t\u00e9cnico<br \/>\n- Jur\u00eddico<br \/>\n- Econ\u00f3mico<br \/>\n- Comercial<br \/>\n- Publicitario y tur\u00edstico<br \/>\n- Literario<br \/>\n- Sitios web<br \/>\n- Otros<\/p><\/div><\/div><\/div><!-- END .back --><\/div> <!-- ifb-flip-box --><\/div> <!-- flip-box --><\/div><!-- End icon block -->[\/vc_column][\/vc_row][vc_row][vc_column width=\u00bb1\/3&#8243;]<div class=\"flip-box-wrap\" style=\"\"><div class=\"flip-box ifb-jq-height  horizontal_flip_left flip-ifb-jq-height\" data-animation=\"\" data-animation-delay=\"03\" style=\"\" ><div class=\"ifb-flip-box\" id=\"flip-box-wrap-7459\"><div class=\"ifb-face ifb-front \" style=\"color:#ffffff;color:#bfbfbf;background:#891b13; border-style: solid;border-width: 2px; border-color:#a4a4a4; \">\n\t\t\t\t\t\t\t<div class=\"ifb-flip-box-section \">\n\t\t\t\t\t\t\t<div class=\"flip-box-icon\"><div class=\"ult-just-icon-wrapper  \"><div class=\"align-icon\" style=\"text-align:center;\">\n<div class=\"aio-icon none \"  style=\"color:#ffffff;font-size:32px;display:inline-block;\">\n\t<i class=\"icomoon-font-awesome-14x14-comments\"><\/i>\n<\/div><\/div><\/div><\/div><h3 class=\"ult-responsive flipbox_heading\"  data-ultimate-target='#flip-box-wrap-7459 .ult-responsive.flipbox_heading'  data-responsive-json-new='{\"font-size\":\"\",\"line-height\":\"\"}'  style=\"color:#ffffff; font-family:&#039;Belleza&#039;;\">INTERPRETACIONES<\/h3><div class=\"ifb-flip-box-section-content ult-responsive\"  data-ultimate-target='#flip-box-wrap-7459 .ifb-flip-box-section-content.ult-responsive'  data-responsive-json-new='{\"font-size\":\"\",\"line-height\":\"\"}'  style=\"font-family:&#039;Belleza&#039;;color:#ffffff;color:#bfbfbf;\"><p>Servicio de interpretaci\u00f3n para cualquier tipo de evento. Ofrecemos buena presencia, discreci\u00f3n y la m\u00e1xima confidencialidad.<\/p><\/div><\/div><\/div><!-- END .front -->\n\t\t\t\t\t\t<div class=\"ifb-face ifb-back\" style=\"color:#333333;background:#efefef; border-style: solid;border-width: 2px; border-color:#a4a4a4; \">\n\t\t\t\t\t\t\t<div class=\"ifb-flip-box-section \"><div class=\"ifb-flip-box-section-content ult-responsive\"  data-ultimate-target='#flip-box-wrap-7459 .ifb-flip-box-section-content.ult-responsive'  data-responsive-json-new='{\"font-size\":\"\",\"line-height\":\"\"}'  style=\"font-family:&#039;Belleza&#039;;color:#333333;\"><p><b>SERVICIOS<\/b><\/p>\n<p>- Interpretaci\u00f3n consecutiva<br \/>\n- Interpretaci\u00f3n simult\u00e1nea<br \/>\n- Interpretaci\u00f3n susurrada (chuchotage)<\/p><\/div><\/div><\/div><!-- END .back --><\/div> <!-- ifb-flip-box --><\/div> <!-- flip-box --><\/div><!-- End icon block -->[\/vc_column][vc_column width=\u00bb1\/3&#8243;]<div class=\"flip-box-wrap\" style=\"\"><div class=\"flip-box ifb-jq-height  horizontal_flip_left flip-ifb-jq-height\" data-animation=\"\" data-animation-delay=\"03\" style=\"\" ><div class=\"ifb-flip-box\" id=\"flip-box-wrap-6912\"><div class=\"ifb-face ifb-front \" style=\"color:#ffffff;color:#bfbfbf;background:#891b13; border-style: solid;border-width: 2px; border-color:#a4a4a4; \">\n\t\t\t\t\t\t\t<div class=\"ifb-flip-box-section \">\n\t\t\t\t\t\t\t<div class=\"flip-box-icon\"><div class=\"ult-just-icon-wrapper  \"><div class=\"align-icon\" style=\"text-align:center;\">\n<div class=\"aio-icon none \"  style=\"color:#ffffff;font-size:32px;display:inline-block;\">\n\t<i class=\"icomoon-font-awesome-14x14-copyright\"><\/i>\n<\/div><\/div><\/div><\/div><h3 class=\"ult-responsive flipbox_heading\"  data-ultimate-target='#flip-box-wrap-6912 .ult-responsive.flipbox_heading'  data-responsive-json-new='{\"font-size\":\"\",\"line-height\":\"\"}'  style=\"color:#ffffff; font-family:&#039;Belleza&#039;;\">TRANSCRIPCI\u00d3N Y SUBTITULACI\u00d3N<\/h3><div class=\"ifb-flip-box-section-content ult-responsive\"  data-ultimate-target='#flip-box-wrap-6912 .ifb-flip-box-section-content.ult-responsive'  data-responsive-json-new='{\"font-size\":\"\",\"line-height\":\"\"}'  style=\"font-family:&#039;Belleza&#039;;color:#ffffff;color:#bfbfbf;\"><p>Servicio de transcripci\u00f3n y subtitulaci\u00f3n audiovisual de cualquier tem\u00e1tica y para todo tipo de contenido.<\/p><\/div><\/div><\/div><!-- END .front -->\n\t\t\t\t\t\t<div class=\"ifb-face ifb-back\" style=\"color:#333333;background:#efefef; border-style: solid;border-width: 2px; border-color:#a4a4a4; \">\n\t\t\t\t\t\t\t<div class=\"ifb-flip-box-section \"><div class=\"ifb-flip-box-section-content ult-responsive\"  data-ultimate-target='#flip-box-wrap-6912 .ifb-flip-box-section-content.ult-responsive'  data-responsive-json-new='{\"font-size\":\"\",\"line-height\":\"\"}'  style=\"font-family:&#039;Belleza&#039;;color:#333333;\"><p>&lt;b&gt;FORMATOS&lt;\/b&gt;<\/p>\n<p>- V\u00eddeos<br \/>\n- Audios<br \/>\n- Libros electr\u00f3nicos (e-books)<br \/>\n- Publicitad<br \/>\n- Presentaciones<br \/>\n- Otros<\/p><\/div><\/div><\/div><!-- END .back --><\/div> <!-- ifb-flip-box --><\/div> <!-- flip-box --><\/div><!-- End icon block -->[\/vc_column][vc_column width=\u00bb1\/3&#8243;]<div class=\"flip-box-wrap\" style=\"\"><div class=\"flip-box ifb-jq-height  horizontal_flip_left flip-ifb-jq-height\" data-animation=\"\" data-animation-delay=\"03\" style=\"\" ><div class=\"ifb-flip-box\" id=\"flip-box-wrap-4960\"><div class=\"ifb-face ifb-front \" style=\"color:#ffffff;color:#bfbfbf;background:#891b13; border-style: solid;border-width: 2px; border-color:#a4a4a4; \">\n\t\t\t\t\t\t\t<div class=\"ifb-flip-box-section \">\n\t\t\t\t\t\t\t<div class=\"flip-box-icon\"><div class=\"ult-just-icon-wrapper  \"><div class=\"align-icon\" style=\"text-align:center;\">\n<div class=\"aio-icon none \"  style=\"color:#ffffff;font-size:32px;display:inline-block;\">\n\t<i class=\"icomoon-font-awesome-14x14-file-text\"><\/i>\n<\/div><\/div><\/div><\/div><h3 class=\"ult-responsive flipbox_heading\"  data-ultimate-target='#flip-box-wrap-4960 .ult-responsive.flipbox_heading'  data-responsive-json-new='{\"font-size\":\"\",\"line-height\":\"\"}'  style=\"color:#ffffff; font-family:&#039;Belleza&#039;;\">MAQUETACI\u00d3N<\/h3><div class=\"ifb-flip-box-section-content ult-responsive\"  data-ultimate-target='#flip-box-wrap-4960 .ifb-flip-box-section-content.ult-responsive'  data-responsive-json-new='{\"font-size\":\"\",\"line-height\":\"\"}'  style=\"font-family:&#039;Belleza&#039;;color:#ffffff;color:#bfbfbf;\"><p>Servicio adicional para textos que requieren un cierto grado de maquetaci\u00f3n, adaptado a cada formato.<\/p><\/div><\/div><\/div><!-- END .front -->\n\t\t\t\t\t\t<div class=\"ifb-face ifb-back\" style=\"color:#333333;background:#efefef; border-style: solid;border-width: 2px; border-color:#a4a4a4; \">\n\t\t\t\t\t\t\t<div class=\"ifb-flip-box-section \"><div class=\"ifb-flip-box-section-content ult-responsive\"  data-ultimate-target='#flip-box-wrap-4960 .ifb-flip-box-section-content.ult-responsive'  data-responsive-json-new='{\"font-size\":\"\",\"line-height\":\"\"}'  style=\"font-family:&#039;Belleza&#039;;color:#333333;\"><p>&lt;b&gt;FORMATOS&lt;\/b&gt;<\/p>\n<p>- Informes<br \/>\n- Presentaciones<br \/>\n- Etiquetas<br \/>\n- Archivos PDF<br \/>\n- Manuales<br \/>\n- Textos publicitarios i tur\u00edsticos<br \/>\n- Documentos literarios<br \/>\n- Otros<\/p><\/div><\/div><\/div><!-- END .back --><\/div> <!-- ifb-flip-box --><\/div> <!-- flip-box --><\/div><!-- End icon block -->[\/vc_column][\/vc_row][vc_row][vc_column][vc_empty_space height=\u00bb40px\u00bb][\/vc_column][\/vc_row][vc_row][vc_column]<div id=\"ultimate-heading-82306a0874298e8c7\" class=\"uvc-heading ult-adjust-bottom-margin ultimate-heading-82306a0874298e8c7 uvc-523  uvc-heading-default-font-sizes\" data-hspacer=\"no_spacer\"  data-halign=\"center\" style=\"text-align:center\"><div class=\"uvc-heading-spacer no_spacer\" style=\"top\"><\/div><div class=\"uvc-main-heading ult-responsive\"  data-ultimate-target='.uvc-heading.ultimate-heading-82306a0874298e8c7 h2'  data-responsive-json-new='{\"font-size\":\"\",\"line-height\":\"\"}' ><h2 style=\"font-family:&#039;Belleza&#039;;--font-weight:theme;\">IDIOMAS DE TRADUCCI\u00d3N<\/h2><\/div><\/div>[vc_empty_space height=\u00bb40px\u00bb][\/vc_column][\/vc_row][vc_row][vc_column width=\u00bb1\/6&#8243;]<div id=\"ultimate-heading-16526a0874298e94a\" class=\"uvc-heading ult-adjust-bottom-margin ultimate-heading-16526a0874298e94a uvc-671 \" data-hspacer=\"no_spacer\"  data-halign=\"center\" style=\"text-align:center\"><div class=\"uvc-heading-spacer no_spacer\" style=\"top\"><\/div><div class=\"uvc-main-heading ult-responsive\"  data-ultimate-target='.uvc-heading.ultimate-heading-16526a0874298e94a h2'  data-responsive-json-new='{\"font-size\":\"desktop:20px;\",\"line-height\":\"\"}' ><h2 style=\"font-family:&#039;Belleza&#039;;--font-weight:theme;\">Catalan<\/h2><\/div><\/div>[vc_empty_space height=\u00bb20px\u00bb][vc_single_image image=\u00bb830&#8243; img_size=\u00bb200&#215;150&#8243; style=\u00bbvc_box_circle_2&#8243;][\/vc_column][vc_column width=\u00bb1\/6&#8243;]<div id=\"ultimate-heading-93906a0874298e9ce\" class=\"uvc-heading ult-adjust-bottom-margin ultimate-heading-93906a0874298e9ce uvc-2760 \" data-hspacer=\"no_spacer\"  data-halign=\"center\" style=\"text-align:center\"><div class=\"uvc-heading-spacer no_spacer\" style=\"top\"><\/div><div class=\"uvc-main-heading ult-responsive\"  data-ultimate-target='.uvc-heading.ultimate-heading-93906a0874298e9ce h2'  data-responsive-json-new='{\"font-size\":\"desktop:20px;\",\"line-height\":\"\"}' ><h2 style=\"font-family:&#039;Belleza&#039;;--font-weight:theme;\">Castellano<\/h2><\/div><\/div>[vc_empty_space height=\u00bb20px\u00bb][vc_single_image image=\u00bb832&#8243; img_size=\u00bb200&#215;150&#8243; style=\u00bbvc_box_circle_2&#8243;][\/vc_column][vc_column width=\u00bb1\/6&#8243;]<div id=\"ultimate-heading-11896a0874298ea46\" class=\"uvc-heading ult-adjust-bottom-margin ultimate-heading-11896a0874298ea46 uvc-9545 \" data-hspacer=\"no_spacer\"  data-halign=\"center\" style=\"text-align:center\"><div class=\"uvc-heading-spacer no_spacer\" style=\"top\"><\/div><div class=\"uvc-main-heading ult-responsive\"  data-ultimate-target='.uvc-heading.ultimate-heading-11896a0874298ea46 h2'  data-responsive-json-new='{\"font-size\":\"desktop:20px;\",\"line-height\":\"\"}' ><h2 style=\"font-family:&#039;Belleza&#039;;--font-weight:theme;\">Franc\u00e9s<\/h2><\/div><\/div>[vc_empty_space height=\u00bb20px\u00bb][vc_single_image image=\u00bb833&#8243; img_size=\u00bb200&#215;150&#8243; style=\u00bbvc_box_circle_2&#8243;][\/vc_column][vc_column width=\u00bb1\/6&#8243;]<div id=\"ultimate-heading-29616a0874298eaa7\" class=\"uvc-heading ult-adjust-bottom-margin ultimate-heading-29616a0874298eaa7 uvc-7984 \" data-hspacer=\"no_spacer\"  data-halign=\"center\" style=\"text-align:center\"><div class=\"uvc-heading-spacer no_spacer\" style=\"top\"><\/div><div class=\"uvc-main-heading ult-responsive\"  data-ultimate-target='.uvc-heading.ultimate-heading-29616a0874298eaa7 h2'  data-responsive-json-new='{\"font-size\":\"desktop:20px;\",\"line-height\":\"\"}' ><h2 style=\"font-family:&#039;Belleza&#039;;--font-weight:theme;\">Portugu\u00e9s<\/h2><\/div><\/div>[vc_empty_space height=\u00bb20px\u00bb][vc_single_image image=\u00bb834&#8243; img_size=\u00bb200&#215;150&#8243; style=\u00bbvc_box_circle_2&#8243;][\/vc_column][vc_column width=\u00bb1\/6&#8243;]<div id=\"ultimate-heading-91116a0874298eaf2\" class=\"uvc-heading ult-adjust-bottom-margin ultimate-heading-91116a0874298eaf2 uvc-6412 \" data-hspacer=\"no_spacer\"  data-halign=\"center\" style=\"text-align:center\"><div class=\"uvc-heading-spacer no_spacer\" style=\"top\"><\/div><div class=\"uvc-main-heading ult-responsive\"  data-ultimate-target='.uvc-heading.ultimate-heading-91116a0874298eaf2 h2'  data-responsive-json-new='{\"font-size\":\"desktop:20px;\",\"line-height\":\"\"}' ><h2 style=\"font-family:&#039;Belleza&#039;;--font-weight:theme;\">Ingl\u00e9s<\/h2><\/div><\/div>[vc_empty_space height=\u00bb20px\u00bb][vc_single_image image=\u00bb835&#8243; img_size=\u00bb200&#215;150&#8243; style=\u00bbvc_box_circle_2&#8243;][\/vc_column][vc_column width=\u00bb1\/6&#8243;]<div id=\"ultimate-heading-63196a0874298eb3c\" class=\"uvc-heading ult-adjust-bottom-margin ultimate-heading-63196a0874298eb3c uvc-3359 \" data-hspacer=\"no_spacer\"  data-halign=\"center\" style=\"text-align:center\"><div class=\"uvc-heading-spacer no_spacer\" style=\"top\"><\/div><div class=\"uvc-main-heading ult-responsive\"  data-ultimate-target='.uvc-heading.ultimate-heading-63196a0874298eb3c h2'  data-responsive-json-new='{\"font-size\":\"desktop:20px;\",\"line-height\":\"\"}' ><h2 style=\"font-family:&#039;Belleza&#039;;--font-weight:theme;\">Italiano<\/h2><\/div><\/div>[vc_empty_space height=\u00bb20px\u00bb][vc_single_image image=\u00bb836&#8243; img_size=\u00bb200&#215;150&#8243; style=\u00bbvc_box_circle_2&#8243;][\/vc_column][\/vc_row]<\/p>\n","protected":false},"excerpt":{"rendered":"<p>[vc_row][vc_column][vc_empty_space height=\u00bb50px\u00bb][\/vc_column][\/vc_row][vc_row][vc_column][vc_empty_space height=\u00bb40px\u00bb][\/vc_column][\/vc_row][vc_row][vc_column width=\u00bb1\/2&#8243;][vc_single_image image=\u00bb1784&#8243; img_size=\u00bb500&#215;600&#8243; alignment=\u00bbcenter\u00bb][\/vc_column][vc_column width=\u00bb1\/2&#8243;][vc_empty_space height=\u00bb45px\u00bb][vc_column_text] Context Traduccions es una agencia de traducci\u00f3n creada en el a\u00f1o 2012 con un equipo que suma m\u00e1s de veinte a\u00f1os de experiencia en el Principado de Andorra. Nuestros expertos ofrecen un trato personalizado adaptado a vuestras necesidades, y garantizan en todo momento la m\u00e1xima calidad&hellip;<\/p>\n","protected":false},"author":1,"featured_media":0,"parent":0,"menu_order":0,"comment_status":"closed","ping_status":"closed","template":"","meta":{"footnotes":""},"class_list":["post-1336","page","type-page","status-publish","hentry","description-off"],"_links":{"self":[{"href":"https:\/\/traduccionscontext.com\/es\/wp-json\/wp\/v2\/pages\/1336","targetHints":{"allow":["GET"]}}],"collection":[{"href":"https:\/\/traduccionscontext.com\/es\/wp-json\/wp\/v2\/pages"}],"about":[{"href":"https:\/\/traduccionscontext.com\/es\/wp-json\/wp\/v2\/types\/page"}],"author":[{"embeddable":true,"href":"https:\/\/traduccionscontext.com\/es\/wp-json\/wp\/v2\/users\/1"}],"replies":[{"embeddable":true,"href":"https:\/\/traduccionscontext.com\/es\/wp-json\/wp\/v2\/comments?post=1336"}],"version-history":[{"count":20,"href":"https:\/\/traduccionscontext.com\/es\/wp-json\/wp\/v2\/pages\/1336\/revisions"}],"predecessor-version":[{"id":1829,"href":"https:\/\/traduccionscontext.com\/es\/wp-json\/wp\/v2\/pages\/1336\/revisions\/1829"}],"wp:attachment":[{"href":"https:\/\/traduccionscontext.com\/es\/wp-json\/wp\/v2\/media?parent=1336"}],"curies":[{"name":"wp","href":"https:\/\/api.w.org\/{rel}","templated":true}]}}