{"id":1474,"date":"2022-05-17T06:17:01","date_gmt":"2022-05-17T06:17:01","guid":{"rendered":"https:\/\/traduccionscontext.com\/?page_id=1474"},"modified":"2022-05-23T12:44:25","modified_gmt":"2022-05-23T12:44:25","slug":"aviso-legal","status":"publish","type":"page","link":"https:\/\/traduccionscontext.com\/es\/aviso-legal\/","title":{"rendered":"Aviso Legal"},"content":{"rendered":"<p>[vc_row][vc_column]<div id=\"ultimate-heading-546069ede23393f16\" class=\"uvc-heading ult-adjust-bottom-margin ultimate-heading-546069ede23393f16 uvc-4891  uvc-heading-default-font-sizes\" data-hspacer=\"no_spacer\"  data-halign=\"center\" style=\"text-align:center\"><div class=\"uvc-heading-spacer no_spacer\" style=\"top\"><\/div><div class=\"uvc-main-heading ult-responsive\"  data-ultimate-target='.uvc-heading.ultimate-heading-546069ede23393f16 h2'  data-responsive-json-new='{\"font-size\":\"\",\"line-height\":\"\"}' ><h2 style=\"font-family:&#039;Belleza&#039;;--font-weight:theme;\">AVISO LEGAL<\/h2><\/div><\/div>[\/vc_column][\/vc_row][vc_row][vc_column][vc_empty_space height=\u00bb50px\u00bb][\/vc_column][\/vc_row][vc_row][vc_column][vc_column_text]Este aviso legal recoge las condiciones generales que regulan el acceso y uso de la p\u00e1gina web https:\/\/traduccionscontext.com, en adelante \u201cla WEB\u201d, del que es titular y propietaria Context Traduccions en av. Meritxell, 9 4\u00ba 5\u00aa AD500 Andorra la Vieja Principado de Andorra, Principado de Andorra, en adelante \u201cContext Traduccions\u201d. El acceso a la WEB es gratuito y su visualizaci\u00f3n no requiere ning\u00fan registro ni suscripci\u00f3n previa.<\/p>\n<p>&nbsp;<\/p>\n<h3><strong>LIMITACI\u00d3N DE RESPONSABILIDAD<\/strong><\/h3>\n<p>Contexto Traduccions no se responsabiliza de los da\u00f1os y perjuicios producidos o que se puedan producir, de ninguna naturaleza, que se deriven del uso de la informaci\u00f3n, del contenido de la WEB y de los programas que incorpora, y que pudieran ocasionar, a t\u00edtulo enunciativo y no limitativo: errores u omisiones en los contenidos, falta de disponibilidad de la WEB o transmisi\u00f3n de virus o programas maliciosos o lesivos en los contenidos, a pesar de haber adoptado todas las medidas tecnol\u00f3gicas necesarias para evitarlo.<\/p>\n<p>La informaci\u00f3n contenida en la WEB es la vigente en la fecha de la \u00faltima actualizaci\u00f3n, y Context Traduccions no garantiza la ausencia de errores en el acceso a la WEB ni en el contenido, sin embargo, adoptar\u00e1 las medidas pertinentes para evitarlo corregirlos y\/o actualizarlos tan pronto como se detecten.<\/p>\n<p>Context Traduccions se reserva el derecho de modificar y actualizar la informaci\u00f3n de la WEB, su presentaci\u00f3n y configuraci\u00f3n y las condiciones de acceso sin necesidad de previo aviso y en cualquier momento. Asimismo, Context Traduccions se reserva el derecho de modificar y\/u omitir total o parcialmente los contenidos de la WEB y restringir su acceso. En caso de que deban realizarse operaciones de mantenimiento, reparaci\u00f3n, actualizaci\u00f3n o mejora de los servicios, Context Traduccions se reserva el derecho de suspender temporalmente y sin necesidad de previo aviso el acceso a la WEB, as\u00ed como el derecho de prestaci\u00f3n o cancelaci\u00f3n ci\u00f3n de los servicios, sin perjuicio de procurar ponerlo en conocimiento de los usuarios, siempre que las circunstancias lo permitan. El uso de esta WEB y la informaci\u00f3n que se facilita es responsabilidad del usuario. Ning\u00fan tercero podr\u00e1 establecer una relaci\u00f3n de framing entre sus p\u00e1ginas web y la WEB. Asimismo, Context Traduccions no se responsabiliza del contenido de terceros al que se pueda acceder mediante los enlaces contenidos en la WEB.<\/p>\n<p>&nbsp;<\/p>\n<h3>SERVICIOS Y PRODUCTOS DE LA WEB<\/h3>\n<p>La WEB puede contener enlaces a p\u00e1ginas web ajenas a la misma los cuales se ponen a disposici\u00f3n del usuario con el \u00fanico fin de facilitarle el acceso a los contenidos o servicios que pudieran ser de su inter\u00e9s y que Context Traduccions no gestiona ni controla en ning\u00fan momento.<\/p>\n<p>La inclusi\u00f3n de los enlaces a portales de terceros no implica en ning\u00fan caso una vinculaci\u00f3n entre Context Traduccions y los titulares de los portales enlazados. Context Traduccions no asume ning\u00fan tipo de responsabilidad directa o indirecta en relaci\u00f3n con la licitud, veracidad, utilidad, calidad o fiabilidad de los servicios y contenidos propiedad de terceros, o que \u00e9stos gestionen o controlen, aunque se pueda acceder a trav\u00e9s de la misma WEB.<\/p>\n<p>A todos los efectos legales, se entiende que cualquier relaci\u00f3n contractual o extracontractual que el usuario realice con terceros contactados mediante la WEB se realiza \u00fanica y exclusivamente entre el usuario y los terceros.<\/p>\n<p>El usuario acepta que Context Traduccions no tenga ninguna responsabilidad sobre los da\u00f1os o perjuicios de cualquier naturaleza ocasionados con motivo de las negociaciones, conversaciones o relaciones contractuales o extracontractuales entre el usuario y terceros contactados a trav\u00e9s de la WEB.<\/p>\n<p>El usuario deber\u00e1 tomar conocimiento de las indicaciones, avisos o advertencias legales que los portales de terceros puedan establecer para su uso.<\/p>\n<p>&nbsp;<\/p>\n<h3>RESPONSABILIDAD DEL USUARIO<\/h3>\n<p>El usuario es responsable del cumplimiento de las leyes y reglamentos en vigor y de las reglas aplicables al uso que se realice de la informaci\u00f3n y aplicaciones. Sin embargo, se proh\u00edbe el uso de la WEB contrario a la buena fe, en particular y de forma no exhaustiva: la utilizaci\u00f3n contraria a la normativa andorrana o que infrinja los derechos de terceros; la publicaci\u00f3n o transmisi\u00f3n de cualquier contenido que resulte violento, obsceno, abusivo, ilegal, racial, xen\u00f3fobo o difamatorio; alterar o intervenir por medios fraudulentos p\u00e1ginas web personales o correos electr\u00f3nicos o sistemas de otros usuarios o terceros sin su autorizaci\u00f3n; los cracks, n\u00fameros de serie de programas o cualquier otro contenido que vulnere los derechos de la propiedad intelectual de terceros; la recogida y\/o la utilizaci\u00f3n de datos personales de otros usuarios sin su consentimiento expreso o que contravenga las disposiciones de la Ley Calificada 29\/2021 de protecci\u00f3n de datos personales; la utilizaci\u00f3n del servidor de correo, el dominio y las direcciones de correo electr\u00f3nico con fines de correo no deseado, bombardeo de correo, suplantaci\u00f3n de identidad, fraude bajo custodia de terceros, Scam 419, pharming, difusi\u00f3n de virus (troyanos, etc.). ) o cualquier otro tipo de actividad realizada con \u00e1nimo fraudulento o delictivo.<\/p>\n<p>Queda expresamente prohibido acceder, modificar, visualizar la configuraci\u00f3n, estructura y archivos de los servidores de la WEB. Ante cualquier problema que pudiera producirse en los servidores y sistemas de seguridad de la WEB como consecuencia directa de una actuaci\u00f3n negligente del usuario, \u00e9ste responder\u00e1 por la responsabilidad civil y penal que corresponda. El usuario respetar\u00e1 los est\u00e1ndares t\u00e9cnicos dispuestos por la WEB en la administraci\u00f3n y desarrollo de los productos utilizados de forma que no se produzca un uso abusivo que retrase los servidores y perjudique la prestaci\u00f3n de los productos o derechos de otros usuarios.<\/p>\n<p>&nbsp;<\/p>\n<h3>PROTECCI\u00d3N DATOS PERSONALES Y COOKIES<\/h3>\n<p>En cumplimiento de lo que requiere la Ley 29\/2021, de 28 de octubre, calificada de Protecci\u00f3n de Datos Personales (en adelante, \u201cLQDP\u201d), y con los reglamentos que la desarrollan, se informa a los usuarios de este sitio web que cualquier dato personal facilitado en Context Traduccions ser\u00e1 tratado por el mismo con las finalidades y condiciones definidas en sus Registros de Actividades de Tratamiento (los encontrar\u00e1 en nuestra pol\u00edtica de privacidad).<\/p>\n<p>El responsable de los ficheros es Context Traduccions en calidad de responsable del tratamiento, con domicilio en av. Meritxell, 9 4\u00ba 5\u00aa AD500 Andorra la Vella Principado de Andorra, Principado de Andorra.<\/p>\n<p>Los datos aqu\u00ed recogidos se tratar\u00e1n por las finalidades de gesti\u00f3n de p\u00e1gina web, gesti\u00f3n de usuarios registrados, gesti\u00f3n de notificaciones y gesti\u00f3n de consultas y comunicaciones.<\/p>\n<p>En cumplimiento de la LQPD, y sus reglamentos de desarrollo, Context Traduccions le informa que dispone de los derechos de acceso, rectificaci\u00f3n, supresi\u00f3n, oposici\u00f3n, portabilidad y limitaci\u00f3n de tratamiento reconocidos en la citada normativa.<\/p>\n<p>Le informamos que esta p\u00e1gina web recoge cookies. Encontrar\u00e1 una explicaci\u00f3n exhaustiva de \u00e9stas en el siguiente enlace.<\/p>\n<p>Para m\u00e1s informaci\u00f3n sobre c\u00f3mo trataremos los datos personales consulte el siguiente <span class=\"tagnamecolor\"><span class=\"tagcolor\">&lt;<\/span>a<span class=\"attributecolor\">href<span class=\"attributevaluecolor\">=\u00bbhttps:\/\/traduccionscontext.com\/?page_id=1406&#8243;<\/span><\/span><span class=\"tagcolor\">&gt;<\/span><\/span><i>enlla\u00e7<\/i><span class=\"tagnamecolor\"><span class=\"tagcolor\">&lt;<\/span>\/a<\/span><\/p>\n<h3><\/h3>\n<p>&nbsp;<\/p>\n<h3>PROPIEDAD INTELECTUAL SOBRE LOS CONTENIDOS<\/h3>\n<p>Todos los elementos que aparecen en la WEB, sin limitaci\u00f3n (fotograf\u00edas, m\u00fasica, sonidos, animaciones, software, textos, nombre de dominio, marcas, informaci\u00f3n y contenido recopilado de toda la web, etc), as\u00ed como la estructura, el dise\u00f1o gr\u00e1fico y el c\u00f3digo fuente son propiedad de Context Traduccions, o en su caso, de terceros que le han cedido los correspondientes derechos de uso, y que el usuario de este sitio web debe respetar, y que por tanto est\u00e1n protegidos por la normativa de propiedad intelectual. No se podr\u00e1n realizar actos totales o parciales de reproducci\u00f3n, publicaci\u00f3n, tratamiento inform\u00e1tico, distribuci\u00f3n, difusi\u00f3n, transformaci\u00f3n, compilaci\u00f3n, modificaci\u00f3n, distribuci\u00f3n o comunicaci\u00f3n p\u00fablica de la WEB sin el previo consentimiento y por escrito de Context Traduccions. El acceso por parte del usuario a los contenidos y servicios de la WEB no implica ning\u00fan derecho en cuanto a su transmisi\u00f3n, cesi\u00f3n, utilizaci\u00f3n, alteraci\u00f3n, explotaci\u00f3n, reproducci\u00f3n, distribuci\u00f3n o comunicaci\u00f3n p\u00fablica, objeto de propiedad intelectual , sin la previa y expresa autorizaci\u00f3n espec\u00edficamente otorgada al efecto por parte de Context Traduccions o del tercer titular de los derechos, en su caso.<\/p>\n<p>Los usuarios de la WEB s\u00f3lo podr\u00e1n realizar un uso privado y personal de sus contenidos, es decir, s\u00f3lo tendr\u00e1n derecho a visualizar y realizar copias de los contenidos para su uso personal y exclusivo y tendr\u00e1n que aplicar estos derechos sobre la base de los principios de buena fe y la normativa aplicable. Queda absolutamente prohibido el uso de la WEB o de cualquiera de sus elementos con fines comerciales o il\u00edcitos. La utilizaci\u00f3n no autorizada de la informaci\u00f3n contenida en este Portal, as\u00ed como los perjuicios ocasionados en los derechos de propiedad intelectual, pueden dar lugar al ejercicio de las acciones legales pertinentes y, en su caso, a las responsabilidades derivadas de este ejercicio.<\/p>\n<p>&nbsp;<\/p>\n<p>&nbsp;<\/p>\n<h3>COMPROMISOS<\/h3>\n<p>Contexto Traduccions se compromete a no realizar publicidad enga\u00f1osa. En este sentido, no se considerar\u00e1n publicidad enga\u00f1osa los errores formales o num\u00e9ricos que se puedan encontrar en el contenido de las diferentes secciones de la WEB a causa del mantenimiento y\/o de la actualizaci\u00f3n incompleta o defectuosa de la informaci\u00f3n contenida en estas secciones de la WEB como consecuencia de lo mencionado en este apartado, Context Traduccions se compromete a corregir esta situaci\u00f3n tan pronto como tenga constancia de dichos errores.<\/p>\n<p>&nbsp;<\/p>\n<p>&nbsp;<\/p>\n<h3>ACEPTACI\u00d3N<\/h3>\n<p>El uso de la WEB implica la expresa y plena aceptaci\u00f3n de estas condiciones generales y de todas y cada una de las disposiciones incluidas en este aviso legal en la versi\u00f3n publicada en el momento en que el usuario accede a este aviso (excepto la pol\u00edtica de privacidad y la pol\u00edtica de cookies, que ser\u00e1 necesario aceptarlas expresa y separadamente). En consecuencia, se recomienda que el usuario lea este aviso legal cada vez que acceda a la WEB, dado que se pueden producir modificaciones en las condiciones generales, sin perjuicio de las condiciones particulares que puedan aplicarse a determinados servicios concretos de la WEB.<\/p>\n<h2><\/h2>\n<p>&nbsp;<\/p>\n<h3>LEGISLACI\u00d3N Y JURISDICCI\u00d3N APLICABLE<\/h3>\n<p>Las presentes condiciones de acceso y uso quedan sujetas a la legislaci\u00f3n andorrana ya la competencia de sus tribunales.[\/vc_column_text][\/vc_column][\/vc_row]<\/p>\n","protected":false},"excerpt":{"rendered":"<p>[vc_row][vc_column][\/vc_column][\/vc_row][vc_row][vc_column][vc_empty_space height=\u00bb50px\u00bb][\/vc_column][\/vc_row][vc_row][vc_column][vc_column_text]Este aviso legal recoge las condiciones generales que regulan el acceso y uso de la p\u00e1gina web https:\/\/traduccionscontext.com, en adelante \u201cla WEB\u201d, del que es titular y propietaria Context Traduccions en av. Meritxell, 9 4\u00ba 5\u00aa AD500 Andorra la Vieja Principado de Andorra, Principado de Andorra, en adelante \u201cContext Traduccions\u201d. El acceso a la&hellip;<\/p>\n","protected":false},"author":1,"featured_media":0,"parent":0,"menu_order":0,"comment_status":"closed","ping_status":"closed","template":"","meta":{"footnotes":""},"class_list":["post-1474","page","type-page","status-publish","hentry","description-off"],"_links":{"self":[{"href":"https:\/\/traduccionscontext.com\/es\/wp-json\/wp\/v2\/pages\/1474","targetHints":{"allow":["GET"]}}],"collection":[{"href":"https:\/\/traduccionscontext.com\/es\/wp-json\/wp\/v2\/pages"}],"about":[{"href":"https:\/\/traduccionscontext.com\/es\/wp-json\/wp\/v2\/types\/page"}],"author":[{"embeddable":true,"href":"https:\/\/traduccionscontext.com\/es\/wp-json\/wp\/v2\/users\/1"}],"replies":[{"embeddable":true,"href":"https:\/\/traduccionscontext.com\/es\/wp-json\/wp\/v2\/comments?post=1474"}],"version-history":[{"count":2,"href":"https:\/\/traduccionscontext.com\/es\/wp-json\/wp\/v2\/pages\/1474\/revisions"}],"predecessor-version":[{"id":1478,"href":"https:\/\/traduccionscontext.com\/es\/wp-json\/wp\/v2\/pages\/1474\/revisions\/1478"}],"wp:attachment":[{"href":"https:\/\/traduccionscontext.com\/es\/wp-json\/wp\/v2\/media?parent=1474"}],"curies":[{"name":"wp","href":"https:\/\/api.w.org\/{rel}","templated":true}]}}