{"id":1679,"date":"2024-09-10T15:58:25","date_gmt":"2024-09-10T15:58:25","guid":{"rendered":"https:\/\/traduccionscontext.com\/opciones-de-entrega\/"},"modified":"2024-09-13T11:40:14","modified_gmt":"2024-09-13T11:40:14","slug":"opciones-de-entrega","status":"publish","type":"page","link":"https:\/\/traduccionscontext.com\/es\/opciones-de-entrega\/","title":{"rendered":"Opciones de entrega"},"content":{"rendered":"<p>[vc_row][vc_column][vc_empty_space height=\u00bb50px\u00bb][\/vc_column][\/vc_row][vc_row][vc_column]<div id=\"ultimate-heading-571569dad97e4d29c\" class=\"uvc-heading ult-adjust-bottom-margin ultimate-heading-571569dad97e4d29c uvc-9286 \" data-hspacer=\"no_spacer\"  data-halign=\"center\" style=\"text-align:center\"><div class=\"uvc-heading-spacer no_spacer\" style=\"top\"><\/div><div class=\"uvc-main-heading ult-responsive\"  data-ultimate-target='.uvc-heading.ultimate-heading-571569dad97e4d29c h2'  data-responsive-json-new='{\"font-size\":\"desktop:20px;\",\"line-height\":\"\"}' ><h2 style=\"font-family:&#039;Belleza&#039;;--font-weight:theme;\">OPCIONES DE ENTREGA<\/h2><\/div><\/div>[\/vc_column][\/vc_row][vc_row][vc_column][vc_empty_space height=\u00bb50px\u00bb][\/vc_column][\/vc_row][vc_row][vc_column][vc_column_text]<\/p>\n<p style=\"text-align: center;\">Te ofrecemos diferentes opciones para que puedas recibir tus traducciones juradas de la manera que mejor se adapte a tus necesidades:<\/p>\n<p>[\/vc_column_text][\/vc_column][\/vc_row][vc_row][vc_column][vc_empty_space height=\u00bb50px\u00bb][\/vc_column][\/vc_row][vc_row][vc_column width=\u00bb1\/4&#8243;][vc_empty_space height=\u00bb20px\u00bb][vc_icon icon_fontawesome=\u00bbfas fa-tv\u00bb color=\u00bbcustom\u00bb size=\u00bbxl\u00bb align=\u00bbcenter\u00bb custom_color=\u00bb#891b13&#8243;][\/vc_column][vc_column width=\u00bb3\/4&#8243;][vc_column_text]<\/p>\n<h4 style=\"text-align: left;\"><strong>Por v\u00eda digital:<\/strong><\/h4>\n<p style=\"text-align: justify;\">Recibe tu traducci\u00f3n con la firma digital del traductor directamente por correo electr\u00f3nico. Es la opci\u00f3n m\u00e1s r\u00e1pida y pr\u00e1ctica, ideal para env\u00edos urgentes o para obtener un formato digital de manera r\u00e1pida y segura.<\/p>\n<p>[\/vc_column_text][\/vc_column][\/vc_row][vc_row][vc_column][vc_empty_space height=\u00bb50px\u00bb][\/vc_column][\/vc_row][vc_row][vc_column width=\u00bb1\/4&#8243;][vc_empty_space height=\u00bb20px\u00bb][vc_icon icon_fontawesome=\u00bbfas fa-user\u00bb color=\u00bbcustom\u00bb size=\u00bbxl\u00bb align=\u00bbcenter\u00bb custom_color=\u00bb#891b13&#8243;][\/vc_column][vc_column width=\u00bb3\/4&#8243;][vc_column_text]<\/p>\n<h4 style=\"text-align: left;\"><strong>Presencial:<\/strong><\/h4>\n<p style=\"text-align: justify;\">Si prefieres recoger tu traducci\u00f3n en mano, puedes visitar nuestras oficinas. Aseg\u00farate de que te hemos confirmado que el documento estar\u00e1 listo para su entrega.<\/p>\n<p>[\/vc_column_text][\/vc_column][\/vc_row][vc_row][vc_column][vc_empty_space height=\u00bb50px\u00bb][\/vc_column][\/vc_row][vc_row][vc_column width=\u00bb1\/4&#8243;][vc_empty_space height=\u00bb20px\u00bb][vc_icon icon_fontawesome=\u00bbfas fa-envelope\u00bb color=\u00bbcustom\u00bb size=\u00bbxl\u00bb align=\u00bbcenter\u00bb custom_color=\u00bb#891b13&#8243;][\/vc_column][vc_column width=\u00bb3\/4&#8243;][vc_column_text]<\/p>\n<h4 style=\"text-align: left;\"><strong>Por mensajer\u00eda:<\/strong><\/h4>\n<p style=\"text-align: justify;\">Si necesitas la traducci\u00f3n en papel, te ofrecemos un servicio de env\u00edo por mensajer\u00eda con entrega en la direcci\u00f3n de tu confianza.<\/p>\n<p>[\/vc_column_text][\/vc_column][\/vc_row]<\/p>\n","protected":false},"excerpt":{"rendered":"<p>[vc_row][vc_column][vc_empty_space height=\u00bb50px\u00bb][\/vc_column][\/vc_row][vc_row][vc_column][\/vc_column][\/vc_row][vc_row][vc_column][vc_empty_space height=\u00bb50px\u00bb][\/vc_column][\/vc_row][vc_row][vc_column][vc_column_text] Te ofrecemos diferentes opciones para que puedas recibir tus traducciones juradas de la manera que mejor se adapte a tus necesidades: [\/vc_column_text][\/vc_column][\/vc_row][vc_row][vc_column][vc_empty_space height=\u00bb50px\u00bb][\/vc_column][\/vc_row][vc_row][vc_column width=\u00bb1\/4&#8243;][vc_empty_space height=\u00bb20px\u00bb][vc_icon icon_fontawesome=\u00bbfas fa-tv\u00bb color=\u00bbcustom\u00bb size=\u00bbxl\u00bb align=\u00bbcenter\u00bb custom_color=\u00bb#891b13&#8243;][\/vc_column][vc_column width=\u00bb3\/4&#8243;][vc_column_text] Por v\u00eda digital: Recibe tu traducci\u00f3n con la firma digital del traductor directamente por correo electr\u00f3nico. Es la opci\u00f3n m\u00e1s&hellip;<\/p>\n","protected":false},"author":1,"featured_media":0,"parent":0,"menu_order":0,"comment_status":"closed","ping_status":"closed","template":"","meta":{"footnotes":""},"class_list":["post-1679","page","type-page","status-publish","hentry","description-off"],"_links":{"self":[{"href":"https:\/\/traduccionscontext.com\/es\/wp-json\/wp\/v2\/pages\/1679","targetHints":{"allow":["GET"]}}],"collection":[{"href":"https:\/\/traduccionscontext.com\/es\/wp-json\/wp\/v2\/pages"}],"about":[{"href":"https:\/\/traduccionscontext.com\/es\/wp-json\/wp\/v2\/types\/page"}],"author":[{"embeddable":true,"href":"https:\/\/traduccionscontext.com\/es\/wp-json\/wp\/v2\/users\/1"}],"replies":[{"embeddable":true,"href":"https:\/\/traduccionscontext.com\/es\/wp-json\/wp\/v2\/comments?post=1679"}],"version-history":[{"count":9,"href":"https:\/\/traduccionscontext.com\/es\/wp-json\/wp\/v2\/pages\/1679\/revisions"}],"predecessor-version":[{"id":1753,"href":"https:\/\/traduccionscontext.com\/es\/wp-json\/wp\/v2\/pages\/1679\/revisions\/1753"}],"wp:attachment":[{"href":"https:\/\/traduccionscontext.com\/es\/wp-json\/wp\/v2\/media?parent=1679"}],"curies":[{"name":"wp","href":"https:\/\/api.w.org\/{rel}","templated":true}]}}