{"id":1328,"date":"2022-01-30T14:29:28","date_gmt":"2022-01-30T14:29:28","guid":{"rendered":"https:\/\/traduccionscontext.com\/?page_id=1328"},"modified":"2025-12-16T17:12:07","modified_gmt":"2025-12-16T17:12:07","slug":"home","status":"publish","type":"page","link":"https:\/\/traduccionscontext.com\/fr\/","title":{"rendered":"Home"},"content":{"rendered":"<p>[vc_row][vc_column][vc_empty_space height=\u00a0\u00bb50&Prime;][\/vc_column][\/vc_row][vc_row][vc_column width=\u00a0\u00bb1\/2&Prime;]<div id=\"ultimate-heading-155569d2d1bd111b6\" class=\"uvc-heading ult-adjust-bottom-margin ultimate-heading-155569d2d1bd111b6 uvc-7041 \" data-hspacer=\"no_spacer\"  data-halign=\"center\" style=\"text-align:center\"><div class=\"uvc-heading-spacer no_spacer\" style=\"top\"><\/div><div class=\"uvc-main-heading ult-responsive\"  data-ultimate-target='.uvc-heading.ultimate-heading-155569d2d1bd111b6 h2'  data-responsive-json-new='{\"font-size\":\"desktop:20px;\",\"line-height\":\"\"}' ><h2 style=\"font-family:&#039;Belleza&#039;;--font-weight:theme;\">PR\u00c9SENTATION<\/h2><\/div><\/div>[vc_empty_space height=\u00a0\u00bb60px\u00a0\u00bb][vc_column_text]<\/p>\n<p style=\"text-align: justify;\">Context Traduccions met \u00e0 votre disposition une solide \u00e9quipe de traducteurs ayant une exp\u00e9rience de plus de vingt ans dans le domaine de la traduction et parfaits connaisseurs aussi bien de la sp\u00e9cificit\u00e9 que du syst\u00e8me juridique et administratif de la Principaut\u00e9 d\u2019Andorre.<\/p>\n<p>&nbsp;<\/p>\n<p style=\"text-align: justify;\">Nous appliquons un contr\u00f4le de qualit\u00e9 stricte \u00e0 chacune de nos traductions, nous offrons le meilleur rapport qualit\u00e9\/prix et nous garantissons les d\u00e9lais de livraison.<\/p>\n<p>&nbsp;<\/p>\n<p style=\"text-align: justify;\">Si vous souhaitez nous demander un devis adapt\u00e9 \u00e0 vos besoins n\u2019h\u00e9sitez pas \u00e0 nous contacter.<\/p>\n<p>&nbsp;<\/p>\n<p style=\"text-align: justify;\">Nous esp\u00e9rons que nos services retiendront votre attention et nous souhaitons vous compter bient\u00f4t parmi nos clients.<\/p>\n<p>[\/vc_column_text][vc_empty_space height=\u00a0\u00bb40px\u00a0\u00bb][\/vc_column][vc_column width=\u00a0\u00bb1\/2&Prime;][vc_single_image image=\u00a0\u00bb1770&Prime; img_size=\u00a0\u00bb500&#215;550&Prime;][\/vc_column][\/vc_row]<\/p>\n","protected":false},"excerpt":{"rendered":"<p>[vc_row][vc_column][vc_empty_space height=\u00a0\u00bb50&Prime;][\/vc_column][\/vc_row][vc_row][vc_column width=\u00a0\u00bb1\/2&Prime;][vc_empty_space height=\u00a0\u00bb60px\u00a0\u00bb][vc_column_text] Context Traduccions met \u00e0 votre disposition une solide \u00e9quipe de traducteurs ayant une exp\u00e9rience de plus de vingt ans dans le domaine de la traduction et parfaits connaisseurs aussi bien de la sp\u00e9cificit\u00e9 que du syst\u00e8me juridique et administratif de la Principaut\u00e9 d\u2019Andorre. &nbsp; Nous appliquons un contr\u00f4le de qualit\u00e9 stricte&hellip;<\/p>\n","protected":false},"author":1,"featured_media":0,"parent":0,"menu_order":0,"comment_status":"closed","ping_status":"closed","template":"","meta":{"footnotes":""},"class_list":["post-1328","page","type-page","status-publish","hentry","description-off"],"_links":{"self":[{"href":"https:\/\/traduccionscontext.com\/fr\/wp-json\/wp\/v2\/pages\/1328","targetHints":{"allow":["GET"]}}],"collection":[{"href":"https:\/\/traduccionscontext.com\/fr\/wp-json\/wp\/v2\/pages"}],"about":[{"href":"https:\/\/traduccionscontext.com\/fr\/wp-json\/wp\/v2\/types\/page"}],"author":[{"embeddable":true,"href":"https:\/\/traduccionscontext.com\/fr\/wp-json\/wp\/v2\/users\/1"}],"replies":[{"embeddable":true,"href":"https:\/\/traduccionscontext.com\/fr\/wp-json\/wp\/v2\/comments?post=1328"}],"version-history":[{"count":7,"href":"https:\/\/traduccionscontext.com\/fr\/wp-json\/wp\/v2\/pages\/1328\/revisions"}],"predecessor-version":[{"id":1847,"href":"https:\/\/traduccionscontext.com\/fr\/wp-json\/wp\/v2\/pages\/1328\/revisions\/1847"}],"wp:attachment":[{"href":"https:\/\/traduccionscontext.com\/fr\/wp-json\/wp\/v2\/media?parent=1328"}],"curies":[{"name":"wp","href":"https:\/\/api.w.org\/{rel}","templated":true}]}}