{"id":1348,"date":"2022-01-30T14:57:58","date_gmt":"2022-01-30T14:57:58","guid":{"rendered":"https:\/\/traduccionscontext.com\/?page_id=1348"},"modified":"2025-12-16T16:09:21","modified_gmt":"2025-12-16T16:09:21","slug":"services","status":"publish","type":"page","link":"https:\/\/traduccionscontext.com\/fr\/services\/","title":{"rendered":"Services"},"content":{"rendered":"<p>[vc_row][vc_column][vc_empty_space height=\u00a0\u00bb50px\u00a0\u00bb][\/vc_column][\/vc_row][vc_row][vc_column]<div id=\"ultimate-heading-836569edf5a86a0e1\" class=\"uvc-heading ult-adjust-bottom-margin ultimate-heading-836569edf5a86a0e1 uvc-9068  uvc-heading-default-font-sizes\" data-hspacer=\"no_spacer\"  data-halign=\"center\" style=\"text-align:center\"><div class=\"uvc-heading-spacer no_spacer\" style=\"top\"><\/div><div class=\"uvc-main-heading ult-responsive\"  data-ultimate-target='.uvc-heading.ultimate-heading-836569edf5a86a0e1 h2'  data-responsive-json-new='{\"font-size\":\"\",\"line-height\":\"\"}' ><h2 style=\"font-family:&#039;Belleza&#039;;--font-weight:theme;\">SERVICES<\/h2><\/div><\/div>[vc_empty_space height=\u00a0\u00bb40px\u00a0\u00bb][\/vc_column][\/vc_row][vc_row][vc_column width=\u00a0\u00bb1\/2&Prime;][vc_single_image image=\u00a0\u00bb1787&Prime; img_size=\u00a0\u00bb500&#215;600&Prime; alignment=\u00a0\u00bbcenter\u00a0\u00bb][\/vc_column][vc_column width=\u00a0\u00bb1\/2&Prime;][vc_empty_space height=\u00a0\u00bb55px\u00a0\u00bb][vc_column_text]<\/p>\n<p style=\"text-align: justify;\">Cr\u00e9\u00e9e en 2012, Context Traduccions est une agence de traduction riche d\u2019une exp\u00e9rience de plus de vingt ans en Principaut\u00e9 d\u2019Andorre Nos experts offrent un traitement personnalis\u00e9 adapt\u00e9 \u00e0 vos besoins garantissant \u00e0 tout moment une qualit\u00e9 optimale de leurs traductions, transparence, agilit\u00e9 i totale confidentialit\u00e9.<\/p>\n<p>&nbsp;<\/p>\n<p style=\"text-align: justify;\">Nous donnons une r\u00e9ponse rapide et professionnelle aux demandes de toute nature, tout sp\u00e9cialement dans les domaines juridique, officiel, entrepreneurial, technique, informatique i des nouvelles technologies, entre autres.<\/p>\n<p>&nbsp;<\/p>\n<p style=\"text-align: justify;\">Nos services incluent : la l\u00e9galisation des traductions asserment\u00e9es officielles (authentification notariale et apostille ou l\u00e9galisation) ainsi que le ramassage et la remise \u00e0 domicile des documents (Andorra la Vella et Escaldes-Engordany) ou par voie t\u00e9l\u00e9matique. Nous vous proposons \u00e9galement un service de correction (orthotypographique, grammaticale et de style) des textes de vos productions \u00e9crites.<\/p>\n<p>[\/vc_column_text][\/vc_column][\/vc_row][vc_row][vc_column][vc_empty_space height=\u00a0\u00bb40px\u00a0\u00bb][\/vc_column][\/vc_row][vc_row][vc_column width=\u00a0\u00bb1\/3&Prime;]<div class=\"flip-box-wrap\" style=\"\"><div class=\"flip-box ifb-custom-height  horizontal_flip_left flip-box-custom-height flip-ifb-custom-height\" data-animation=\"\" data-animation-delay=\"03\" style=\"\"  data-min-height='300px'><div class=\"ifb-flip-box\" id=\"flip-box-wrap-1392\"><div class=\"ifb-face ifb-front \" style=\"color:#ffffff;color:#bfbfbf;background:#891b13; border-style: solid;border-width: 2px; border-color:#891b13; \">\n\t\t\t\t\t\t\t<div class=\"ifb-flip-box-section \">\n\t\t\t\t\t\t\t<div class=\"flip-box-icon\"><div class=\"ult-just-icon-wrapper  \"><div class=\"align-icon\" style=\"text-align:center;\">\n<div class=\"aio-icon none \"  style=\"color:#ffffff;font-size:32px;display:inline-block;\">\n\t<i class=\"icomoon-font-awesome-14x14-balance-scale\"><\/i>\n<\/div><\/div><\/div><\/div><h3 class=\"ult-responsive flipbox_heading\"  data-ultimate-target='#flip-box-wrap-1392 .ult-responsive.flipbox_heading'  data-responsive-json-new='{\"font-size\":\"\",\"line-height\":\"\"}'  style=\"color:#ffffff; font-family:&#039;Belleza&#039;;\">TRADUCTIONS ASSERMENT\u00c9ES OFFICIELLES<\/h3><div class=\"ifb-flip-box-section-content ult-responsive\"  data-ultimate-target='#flip-box-wrap-1392 .ifb-flip-box-section-content.ult-responsive'  data-responsive-json-new='{\"font-size\":\"\",\"line-height\":\"\"}'  style=\"font-family:&#039;Belleza&#039;;color:#ffffff;color:#bfbfbf;\"><p>Traductions faites, certifi\u00e9es et sign\u00e9es par un traducteur asserment\u00e9 agr\u00e9\u00e9 aupr\u00e8s du minist\u00e8re de la Justice et de l\u2019int\u00e9rieur.<\/p><\/div><\/div><\/div><!-- END .front -->\n\t\t\t\t\t\t<div class=\"ifb-face ifb-back\" style=\"color:#333333;background:#efefef; border-style: solid;border-width: 2px; border-color:#a4a4a4; \">\n\t\t\t\t\t\t\t<div class=\"ifb-flip-box-section \"><div class=\"ifb-flip-box-section-content ult-responsive\"  data-ultimate-target='#flip-box-wrap-1392 .ifb-flip-box-section-content.ult-responsive'  data-responsive-json-new='{\"font-size\":\"\",\"line-height\":\"\"}'  style=\"font-family:&#039;Belleza&#039;;color:#333333;\"><p><b>TYPES DE DOCUMENTS<\/b><\/p>\n<p>- Certificats de mariage<br \/>\n- Certificats de naissance<br \/>\n- Extrait de casier judiciaire<br \/>\n- Jugements et arr\u00eats<br \/>\n- Dipl\u00f4mes acad\u00e9miques<br \/>\n- D\u00e9clarations<br \/>\n- Proc\u00e8s-verbaux<br \/>\n- Autres<\/p><\/div><\/div><\/div><!-- END .back --><\/div> <!-- ifb-flip-box --><\/div> <!-- flip-box --><\/div><!-- End icon block -->[\/vc_column][vc_column width=\u00a0\u00bb1\/3&Prime;]<div class=\"flip-box-wrap\" style=\"\"><div class=\"flip-box ifb-custom-height  horizontal_flip_left flip-box-custom-height flip-ifb-custom-height\" data-animation=\"\" data-animation-delay=\"03\" style=\"\"  data-min-height='300px'><div class=\"ifb-flip-box\" id=\"flip-box-wrap-1998\"><div class=\"ifb-face ifb-front \" style=\"color:#ffffff;color:#bfbfbf;background:#891b13; border-style: solid;border-width: 2px; border-color:#a4a4a4; \">\n\t\t\t\t\t\t\t<div class=\"ifb-flip-box-section \">\n\t\t\t\t\t\t\t<div class=\"flip-box-icon\"><div class=\"ult-just-icon-wrapper  \"><div class=\"align-icon\" style=\"text-align:center;\">\n<div class=\"aio-icon none \"  style=\"color:#ffffff;font-size:32px;display:inline-block;\">\n\t<i class=\"icomoon-font-awesome-14x14-briefcase\"><\/i>\n<\/div><\/div><\/div><\/div><h3 class=\"ult-responsive flipbox_heading\"  data-ultimate-target='#flip-box-wrap-1998 .ult-responsive.flipbox_heading'  data-responsive-json-new='{\"font-size\":\"\",\"line-height\":\"\"}'  style=\"color:#ffffff; font-family:&#039;Belleza&#039;;\">TRADUCTIONS PROFESSIONNELLES<\/h3><div class=\"ifb-flip-box-section-content ult-responsive\"  data-ultimate-target='#flip-box-wrap-1998 .ifb-flip-box-section-content.ult-responsive'  data-responsive-json-new='{\"font-size\":\"\",\"line-height\":\"\"}'  style=\"font-family:&#039;Belleza&#039;;color:#ffffff;color:#bfbfbf;\"><p>Traduction de textes, aussi bien g\u00e9n\u00e9raux que sp\u00e9cialis\u00e9s, r\u00e9alis\u00e9es par des traducteurs professionnels et natifs exp\u00e9riment\u00e9s.<\/p><\/div><\/div><\/div><!-- END .front -->\n\t\t\t\t\t\t<div class=\"ifb-face ifb-back\" style=\"color:#333333;background:#efefef; border-style: solid;border-width: 2px; border-color:#a4a4a4; \">\n\t\t\t\t\t\t\t<div class=\"ifb-flip-box-section \"><div class=\"ifb-flip-box-section-content ult-responsive\"  data-ultimate-target='#flip-box-wrap-1998 .ifb-flip-box-section-content.ult-responsive'  data-responsive-json-new='{\"font-size\":\"\",\"line-height\":\"\"}'  style=\"font-family:&#039;Belleza&#039;;color:#333333;\"><p><b>DOMAINES<\/b><\/p>\n<p>- Scientifique et technique<br \/>\n- Juridique<br \/>\n- \u00c9conomique<br \/>\n- Commercial<br \/>\n- Publicitaire et touristique<br \/>\n- Litt\u00e9raire<br \/>\n- Sites Web<br \/>\n- Autres<\/p><\/div><\/div><\/div><!-- END .back --><\/div> <!-- ifb-flip-box --><\/div> <!-- flip-box --><\/div><!-- End icon block -->[\/vc_column][vc_column width=\u00a0\u00bb1\/3&Prime;]<div class=\"flip-box-wrap\" style=\"\"><div class=\"flip-box ifb-custom-height  horizontal_flip_left flip-box-custom-height flip-ifb-custom-height\" data-animation=\"\" data-animation-delay=\"03\" style=\"\"  data-min-height='300px'><div class=\"ifb-flip-box\" id=\"flip-box-wrap-4221\"><div class=\"ifb-face ifb-front \" style=\"color:#ffffff;color:#bfbfbf;background:#891b13; border-style: solid;border-width: 2px; border-color:#a4a4a4; \">\n\t\t\t\t\t\t\t<div class=\"ifb-flip-box-section \">\n\t\t\t\t\t\t\t<div class=\"flip-box-icon\"><div class=\"ult-just-icon-wrapper  \"><div class=\"align-icon\" style=\"text-align:center;\">\n<div class=\"aio-icon none \"  style=\"color:#ffffff;font-size:32px;display:inline-block;\">\n\t<i class=\"icomoon-font-awesome-14x14-pencil\"><\/i>\n<\/div><\/div><\/div><\/div><h3 class=\"ult-responsive flipbox_heading\"  data-ultimate-target='#flip-box-wrap-4221 .ult-responsive.flipbox_heading'  data-responsive-json-new='{\"font-size\":\"\",\"line-height\":\"\"}'  style=\"color:#ffffff; font-family:&#039;Belleza&#039;;\">CORRECTIONS ET R\u00c9VISIONS<\/h3><div class=\"ifb-flip-box-section-content ult-responsive\"  data-ultimate-target='#flip-box-wrap-4221 .ifb-flip-box-section-content.ult-responsive'  data-responsive-json-new='{\"font-size\":\"\",\"line-height\":\"\"}'  style=\"font-family:&#039;Belleza&#039;;color:#ffffff;color:#bfbfbf;\"><p>Service de correction et de r\u00e9vision de textes par des correcteurs et des traducteurs natifs, sp\u00e9cialis\u00e9s et exp\u00e9riment\u00e9s.<\/p><\/div><\/div><\/div><!-- END .front -->\n\t\t\t\t\t\t<div class=\"ifb-face ifb-back\" style=\"color:#333333;background:#efefef; border-style: solid;border-width: 2px; border-color:#a4a4a4; \">\n\t\t\t\t\t\t\t<div class=\"ifb-flip-box-section \"><div class=\"ifb-flip-box-section-content ult-responsive\"  data-ultimate-target='#flip-box-wrap-4221 .ifb-flip-box-section-content.ult-responsive'  data-responsive-json-new='{\"font-size\":\"\",\"line-height\":\"\"}'  style=\"font-family:&#039;Belleza&#039;;color:#333333;\"><p><b>DOMAINES<\/b><\/p>\n<p>- Scientifique et technique<br \/>\n- Juridique<br \/>\n- \u00c9conomique<br \/>\n- Commercial<br \/>\n- Publicitaire et touristique<br \/>\n- Litt\u00e9raire<br \/>\n- Sites Web<br \/>\n- Autres<\/p><\/div><\/div><\/div><!-- END .back --><\/div> <!-- ifb-flip-box --><\/div> <!-- flip-box --><\/div><!-- End icon block -->[\/vc_column][\/vc_row][vc_row][vc_column width=\u00a0\u00bb1\/3&Prime;]<div class=\"flip-box-wrap\" style=\"\"><div class=\"flip-box ifb-custom-height  horizontal_flip_left flip-box-custom-height flip-ifb-custom-height\" data-animation=\"\" data-animation-delay=\"03\" style=\"\"  data-min-height='300px'><div class=\"ifb-flip-box\" id=\"flip-box-wrap-9003\"><div class=\"ifb-face ifb-front \" style=\"color:#ffffff;color:#bfbfbf;background:#891b13; border-style: solid;border-width: 2px; border-color:#a4a4a4; \">\n\t\t\t\t\t\t\t<div class=\"ifb-flip-box-section \">\n\t\t\t\t\t\t\t<div class=\"flip-box-icon\"><div class=\"ult-just-icon-wrapper  \"><div class=\"align-icon\" style=\"text-align:center;\">\n<div class=\"aio-icon none \"  style=\"color:#ffffff;font-size:32px;display:inline-block;\">\n\t<i class=\"icomoon-font-awesome-14x14-comments\"><\/i>\n<\/div><\/div><\/div><\/div><h3 class=\"ult-responsive flipbox_heading\"  data-ultimate-target='#flip-box-wrap-9003 .ult-responsive.flipbox_heading'  data-responsive-json-new='{\"font-size\":\"\",\"line-height\":\"\"}'  style=\"color:#ffffff; font-family:&#039;Belleza&#039;;\">INTERPR\u00c9TATION<\/h3><div class=\"ifb-flip-box-section-content ult-responsive\"  data-ultimate-target='#flip-box-wrap-9003 .ifb-flip-box-section-content.ult-responsive'  data-responsive-json-new='{\"font-size\":\"\",\"line-height\":\"\"}'  style=\"font-family:&#039;Belleza&#039;;color:#ffffff;color:#bfbfbf;\"><p>Service d\u2019interpr\u00e9tariat pour \u00e9v\u00e9nements de toute nature. Nous proposons bonne pr\u00e9sence, discr\u00e9tion et un maximum de confidentialit\u00e9.<\/p><\/div><\/div><\/div><!-- END .front -->\n\t\t\t\t\t\t<div class=\"ifb-face ifb-back\" style=\"color:#333333;background:#efefef; border-style: solid;border-width: 2px; border-color:#a4a4a4; \">\n\t\t\t\t\t\t\t<div class=\"ifb-flip-box-section \"><div class=\"ifb-flip-box-section-content ult-responsive\"  data-ultimate-target='#flip-box-wrap-9003 .ifb-flip-box-section-content.ult-responsive'  data-responsive-json-new='{\"font-size\":\"\",\"line-height\":\"\"}'  style=\"font-family:&#039;Belleza&#039;;color:#333333;\"><p><b>SERVICES<\/b><\/p>\n<p>- Interpr\u00e9tation cons\u00e9cutive<br \/>\n- Interpr\u00e9tation simultan\u00e9e<br \/>\n- Interpr\u00e9tation chuchot\u00e9e (ou chuchotage)<\/p><\/div><\/div><\/div><!-- END .back --><\/div> <!-- ifb-flip-box --><\/div> <!-- flip-box --><\/div><!-- End icon block -->[\/vc_column][vc_column width=\u00a0\u00bb1\/3&Prime;]<div class=\"flip-box-wrap\" style=\"\"><div class=\"flip-box ifb-custom-height  horizontal_flip_left flip-box-custom-height flip-ifb-custom-height\" data-animation=\"\" data-animation-delay=\"03\" style=\"\"  data-min-height='300px'><div class=\"ifb-flip-box\" id=\"flip-box-wrap-7399\"><div class=\"ifb-face ifb-front \" style=\"color:#ffffff;color:#bfbfbf;background:#891b13; border-style: solid;border-width: 2px; border-color:#a4a4a4; \">\n\t\t\t\t\t\t\t<div class=\"ifb-flip-box-section \">\n\t\t\t\t\t\t\t<div class=\"flip-box-icon\"><div class=\"ult-just-icon-wrapper  \"><div class=\"align-icon\" style=\"text-align:center;\">\n<div class=\"aio-icon none \"  style=\"color:#ffffff;font-size:32px;display:inline-block;\">\n\t<i class=\"icomoon-font-awesome-14x14-copyright\"><\/i>\n<\/div><\/div><\/div><\/div><h3 class=\"ult-responsive flipbox_heading\"  data-ultimate-target='#flip-box-wrap-7399 .ult-responsive.flipbox_heading'  data-responsive-json-new='{\"font-size\":\"\",\"line-height\":\"\"}'  style=\"color:#ffffff; font-family:&#039;Belleza&#039;;\">TRANSCRIPTION ET SOUS-TITRAGE<\/h3><div class=\"ifb-flip-box-section-content ult-responsive\"  data-ultimate-target='#flip-box-wrap-7399 .ifb-flip-box-section-content.ult-responsive'  data-responsive-json-new='{\"font-size\":\"\",\"line-height\":\"\"}'  style=\"font-family:&#039;Belleza&#039;;color:#ffffff;color:#bfbfbf;\"><p>Service de transcription et de sous-titrage audiovisuel, tous th\u00e8mes et tous contenus.<\/p><\/div><\/div><\/div><!-- END .front -->\n\t\t\t\t\t\t<div class=\"ifb-face ifb-back\" style=\"color:#333333;background:#efefef; border-style: solid;border-width: 2px; border-color:#a4a4a4; \">\n\t\t\t\t\t\t\t<div class=\"ifb-flip-box-section \"><div class=\"ifb-flip-box-section-content ult-responsive\"  data-ultimate-target='#flip-box-wrap-7399 .ifb-flip-box-section-content.ult-responsive'  data-responsive-json-new='{\"font-size\":\"\",\"line-height\":\"\"}'  style=\"font-family:&#039;Belleza&#039;;color:#333333;\"><p><b>FORMATS<\/b><\/p>\n<p>- Vid\u00e9os<br \/>\n- Audio<br \/>\n- Livres \u00e9lectroniques (e-books)<br \/>\n- Publicit\u00e9<br \/>\n- Pr\u00e9sentations<br \/>\n- Autres<\/p><\/div><\/div><\/div><!-- END .back --><\/div> <!-- ifb-flip-box --><\/div> <!-- flip-box --><\/div><!-- End icon block -->[\/vc_column][vc_column width=\u00a0\u00bb1\/3&Prime;]<div class=\"flip-box-wrap\" style=\"\"><div class=\"flip-box ifb-custom-height  horizontal_flip_left flip-box-custom-height flip-ifb-custom-height\" data-animation=\"\" data-animation-delay=\"03\" style=\"\"  data-min-height='300px'><div class=\"ifb-flip-box\" id=\"flip-box-wrap-3979\"><div class=\"ifb-face ifb-front \" style=\"color:#ffffff;color:#bfbfbf;background:#891b13; border-style: solid;border-width: 2px; border-color:#a4a4a4; \">\n\t\t\t\t\t\t\t<div class=\"ifb-flip-box-section \">\n\t\t\t\t\t\t\t<div class=\"flip-box-icon\"><div class=\"ult-just-icon-wrapper  \"><div class=\"align-icon\" style=\"text-align:center;\">\n<div class=\"aio-icon none \"  style=\"color:#ffffff;font-size:32px;display:inline-block;\">\n\t<i class=\"icomoon-font-awesome-14x14-file-text\"><\/i>\n<\/div><\/div><\/div><\/div><h3 class=\"ult-responsive flipbox_heading\"  data-ultimate-target='#flip-box-wrap-3979 .ult-responsive.flipbox_heading'  data-responsive-json-new='{\"font-size\":\"\",\"line-height\":\"\"}'  style=\"color:#ffffff; font-family:&#039;Belleza&#039;;\">MISE EN PAGE<\/h3><div class=\"ifb-flip-box-section-content ult-responsive\"  data-ultimate-target='#flip-box-wrap-3979 .ifb-flip-box-section-content.ult-responsive'  data-responsive-json-new='{\"font-size\":\"\",\"line-height\":\"\"}'  style=\"font-family:&#039;Belleza&#039;;color:#ffffff;color:#bfbfbf;\"><p>Service additionnel pour les textes exigeant un certain degr\u00e9 de mise en page, adapt\u00e9 \u00e0 chaque format.<\/p><\/div><\/div><\/div><!-- END .front -->\n\t\t\t\t\t\t<div class=\"ifb-face ifb-back\" style=\"color:#333333;background:#efefef; border-style: solid;border-width: 2px; border-color:#a4a4a4; \">\n\t\t\t\t\t\t\t<div class=\"ifb-flip-box-section \"><div class=\"ifb-flip-box-section-content ult-responsive\"  data-ultimate-target='#flip-box-wrap-3979 .ifb-flip-box-section-content.ult-responsive'  data-responsive-json-new='{\"font-size\":\"\",\"line-height\":\"\"}'  style=\"font-family:&#039;Belleza&#039;;color:#333333;\"><p><b>FORMATS<\/b><\/p>\n<p>- Rapports<br \/>\n- Pr\u00e9sentations<br \/>\n- \u00c9tiquettes<br \/>\n- Dossiers PDF<br \/>\n- Manuels<br \/>\n- Textes publicitaires et touristiques<br \/>\n- Documents litt\u00e9raires<br \/>\n- Autres<\/p><\/div><\/div><\/div><!-- END .back --><\/div> <!-- ifb-flip-box --><\/div> <!-- flip-box --><\/div><!-- End icon block -->[\/vc_column][\/vc_row][vc_row][vc_column][vc_empty_space height=\u00a0\u00bb40px\u00a0\u00bb][\/vc_column][\/vc_row][vc_row][vc_column]<div id=\"ultimate-heading-486469edf5a86ada8\" class=\"uvc-heading ult-adjust-bottom-margin ultimate-heading-486469edf5a86ada8 uvc-1488  uvc-heading-default-font-sizes\" data-hspacer=\"no_spacer\"  data-halign=\"center\" style=\"text-align:center\"><div class=\"uvc-heading-spacer no_spacer\" style=\"top\"><\/div><div class=\"uvc-main-heading ult-responsive\"  data-ultimate-target='.uvc-heading.ultimate-heading-486469edf5a86ada8 h2'  data-responsive-json-new='{\"font-size\":\"\",\"line-height\":\"\"}' ><h2 style=\"font-family:&#039;Belleza&#039;;--font-weight:theme;\">LANGUES DE TRADUCTION<\/h2><\/div><\/div>[vc_empty_space height=\u00a0\u00bb40px\u00a0\u00bb][\/vc_column][\/vc_row][vc_row][vc_column width=\u00a0\u00bb1\/6&Prime;]<div id=\"ultimate-heading-250469edf5a86ae2c\" class=\"uvc-heading ult-adjust-bottom-margin ultimate-heading-250469edf5a86ae2c uvc-2230 \" data-hspacer=\"no_spacer\"  data-halign=\"center\" style=\"text-align:center\"><div class=\"uvc-heading-spacer no_spacer\" style=\"top\"><\/div><div class=\"uvc-main-heading ult-responsive\"  data-ultimate-target='.uvc-heading.ultimate-heading-250469edf5a86ae2c h2'  data-responsive-json-new='{\"font-size\":\"desktop:20px;\",\"line-height\":\"\"}' ><h2 style=\"font-family:&#039;Belleza&#039;;--font-weight:theme;\">Catalan<\/h2><\/div><\/div>[vc_empty_space height=\u00a0\u00bb20px\u00a0\u00bb][vc_single_image image=\u00a0\u00bb830&Prime; img_size=\u00a0\u00bb200&#215;150&Prime; style=\u00a0\u00bbvc_box_circle_2&Prime;][\/vc_column][vc_column width=\u00a0\u00bb1\/6&Prime;]<div id=\"ultimate-heading-749269edf5a86aea4\" class=\"uvc-heading ult-adjust-bottom-margin ultimate-heading-749269edf5a86aea4 uvc-9915 \" data-hspacer=\"no_spacer\"  data-halign=\"center\" style=\"text-align:center\"><div class=\"uvc-heading-spacer no_spacer\" style=\"top\"><\/div><div class=\"uvc-main-heading ult-responsive\"  data-ultimate-target='.uvc-heading.ultimate-heading-749269edf5a86aea4 h2'  data-responsive-json-new='{\"font-size\":\"desktop:20px;\",\"line-height\":\"\"}' ><h2 style=\"font-family:&#039;Belleza&#039;;--font-weight:theme;\">Espagnol<\/h2><\/div><\/div>[vc_empty_space height=\u00a0\u00bb20px\u00a0\u00bb][vc_single_image image=\u00a0\u00bb832&Prime; img_size=\u00a0\u00bb200&#215;150&Prime; style=\u00a0\u00bbvc_box_circle_2&Prime;][\/vc_column][vc_column width=\u00a0\u00bb1\/6&Prime;]<div id=\"ultimate-heading-462869edf5a86af56\" class=\"uvc-heading ult-adjust-bottom-margin ultimate-heading-462869edf5a86af56 uvc-2223 \" data-hspacer=\"no_spacer\"  data-halign=\"center\" style=\"text-align:center\"><div class=\"uvc-heading-spacer no_spacer\" style=\"top\"><\/div><div class=\"uvc-main-heading ult-responsive\"  data-ultimate-target='.uvc-heading.ultimate-heading-462869edf5a86af56 h2'  data-responsive-json-new='{\"font-size\":\"desktop:20px;\",\"line-height\":\"\"}' ><h2 style=\"font-family:&#039;Belleza&#039;;--font-weight:theme;\">Fran\u00e7ais<\/h2><\/div><\/div>[vc_empty_space height=\u00a0\u00bb20px\u00a0\u00bb][vc_single_image image=\u00a0\u00bb833&Prime; img_size=\u00a0\u00bb200&#215;150&Prime; style=\u00a0\u00bbvc_box_circle_2&Prime;][\/vc_column][vc_column width=\u00a0\u00bb1\/6&Prime;]<div id=\"ultimate-heading-12869edf5a86afcf\" class=\"uvc-heading ult-adjust-bottom-margin ultimate-heading-12869edf5a86afcf uvc-5854 \" data-hspacer=\"no_spacer\"  data-halign=\"center\" style=\"text-align:center\"><div class=\"uvc-heading-spacer no_spacer\" style=\"top\"><\/div><div class=\"uvc-main-heading ult-responsive\"  data-ultimate-target='.uvc-heading.ultimate-heading-12869edf5a86afcf h2'  data-responsive-json-new='{\"font-size\":\"desktop:20px;\",\"line-height\":\"\"}' ><h2 style=\"font-family:&#039;Belleza&#039;;--font-weight:theme;\">Portuguais<\/h2><\/div><\/div>[vc_empty_space height=\u00a0\u00bb20px\u00a0\u00bb][vc_single_image image=\u00a0\u00bb834&Prime; img_size=\u00a0\u00bb200&#215;150&Prime; style=\u00a0\u00bbvc_box_circle_2&Prime;][\/vc_column][vc_column width=\u00a0\u00bb1\/6&Prime;]<div id=\"ultimate-heading-611769edf5a86b039\" class=\"uvc-heading ult-adjust-bottom-margin ultimate-heading-611769edf5a86b039 uvc-9901 \" data-hspacer=\"no_spacer\"  data-halign=\"center\" style=\"text-align:center\"><div class=\"uvc-heading-spacer no_spacer\" style=\"top\"><\/div><div class=\"uvc-main-heading ult-responsive\"  data-ultimate-target='.uvc-heading.ultimate-heading-611769edf5a86b039 h2'  data-responsive-json-new='{\"font-size\":\"desktop:20px;\",\"line-height\":\"\"}' ><h2 style=\"font-family:&#039;Belleza&#039;;--font-weight:theme;\">Anglais<\/h2><\/div><\/div>[vc_empty_space height=\u00a0\u00bb20px\u00a0\u00bb][vc_single_image image=\u00a0\u00bb835&Prime; img_size=\u00a0\u00bb200&#215;150&Prime; style=\u00a0\u00bbvc_box_circle_2&Prime;][\/vc_column][vc_column width=\u00a0\u00bb1\/6&Prime;]<div id=\"ultimate-heading-363369edf5a86b096\" class=\"uvc-heading ult-adjust-bottom-margin ultimate-heading-363369edf5a86b096 uvc-6269 \" data-hspacer=\"no_spacer\"  data-halign=\"center\" style=\"text-align:center\"><div class=\"uvc-heading-spacer no_spacer\" style=\"top\"><\/div><div class=\"uvc-main-heading ult-responsive\"  data-ultimate-target='.uvc-heading.ultimate-heading-363369edf5a86b096 h2'  data-responsive-json-new='{\"font-size\":\"desktop:20px;\",\"line-height\":\"\"}' ><h2 style=\"font-family:&#039;Belleza&#039;;--font-weight:theme;\">Italien<\/h2><\/div><\/div>[vc_empty_space height=\u00a0\u00bb20px\u00a0\u00bb][vc_single_image image=\u00a0\u00bb836&Prime; img_size=\u00a0\u00bb200&#215;150&Prime; style=\u00a0\u00bbvc_box_circle_2&Prime;][\/vc_column][\/vc_row]<\/p>\n","protected":false},"excerpt":{"rendered":"<p>[vc_row][vc_column][vc_empty_space height=\u00a0\u00bb50px\u00a0\u00bb][\/vc_column][\/vc_row][vc_row][vc_column][vc_empty_space height=\u00a0\u00bb40px\u00a0\u00bb][\/vc_column][\/vc_row][vc_row][vc_column width=\u00a0\u00bb1\/2&Prime;][vc_single_image image=\u00a0\u00bb1787&Prime; img_size=\u00a0\u00bb500&#215;600&Prime; alignment=\u00a0\u00bbcenter\u00a0\u00bb][\/vc_column][vc_column width=\u00a0\u00bb1\/2&Prime;][vc_empty_space height=\u00a0\u00bb55px\u00a0\u00bb][vc_column_text] Cr\u00e9\u00e9e en 2012, Context Traduccions est une agence de traduction riche d\u2019une exp\u00e9rience de plus de vingt ans en Principaut\u00e9 d\u2019Andorre Nos experts offrent un traitement personnalis\u00e9 adapt\u00e9 \u00e0 vos besoins garantissant \u00e0 tout moment une qualit\u00e9 optimale de leurs traductions, transparence, agilit\u00e9 i totale confidentialit\u00e9.&hellip;<\/p>\n","protected":false},"author":1,"featured_media":0,"parent":0,"menu_order":0,"comment_status":"closed","ping_status":"closed","template":"","meta":{"footnotes":""},"class_list":["post-1348","page","type-page","status-publish","hentry","description-off"],"_links":{"self":[{"href":"https:\/\/traduccionscontext.com\/fr\/wp-json\/wp\/v2\/pages\/1348","targetHints":{"allow":["GET"]}}],"collection":[{"href":"https:\/\/traduccionscontext.com\/fr\/wp-json\/wp\/v2\/pages"}],"about":[{"href":"https:\/\/traduccionscontext.com\/fr\/wp-json\/wp\/v2\/types\/page"}],"author":[{"embeddable":true,"href":"https:\/\/traduccionscontext.com\/fr\/wp-json\/wp\/v2\/users\/1"}],"replies":[{"embeddable":true,"href":"https:\/\/traduccionscontext.com\/fr\/wp-json\/wp\/v2\/comments?post=1348"}],"version-history":[{"count":15,"href":"https:\/\/traduccionscontext.com\/fr\/wp-json\/wp\/v2\/pages\/1348\/revisions"}],"predecessor-version":[{"id":1802,"href":"https:\/\/traduccionscontext.com\/fr\/wp-json\/wp\/v2\/pages\/1348\/revisions\/1802"}],"wp:attachment":[{"href":"https:\/\/traduccionscontext.com\/fr\/wp-json\/wp\/v2\/media?parent=1348"}],"curies":[{"name":"wp","href":"https:\/\/api.w.org\/{rel}","templated":true}]}}