{"id":1459,"date":"2022-05-17T06:17:01","date_gmt":"2022-05-17T06:17:01","guid":{"rendered":"https:\/\/traduccionscontext.com\/?page_id=1459"},"modified":"2022-05-23T12:14:39","modified_gmt":"2022-05-23T12:14:39","slug":"avertissement-juridique","status":"publish","type":"page","link":"https:\/\/traduccionscontext.com\/fr\/avertissement-juridique\/","title":{"rendered":"Avertissement Juridique"},"content":{"rendered":"<p>[vc_row][vc_column]<div id=\"ultimate-heading-681569daedc8cde2e\" class=\"uvc-heading ult-adjust-bottom-margin ultimate-heading-681569daedc8cde2e uvc-5767  uvc-heading-default-font-sizes\" data-hspacer=\"no_spacer\"  data-halign=\"center\" style=\"text-align:center\"><div class=\"uvc-heading-spacer no_spacer\" style=\"top\"><\/div><div class=\"uvc-main-heading ult-responsive\"  data-ultimate-target='.uvc-heading.ultimate-heading-681569daedc8cde2e h2'  data-responsive-json-new='{\"font-size\":\"\",\"line-height\":\"\"}' ><h2 style=\"font-family:&#039;Belleza&#039;;--font-weight:theme;\">AVERTISSEMENT JURIDIQUE<\/h2><\/div><\/div>[\/vc_column][\/vc_row][vc_row][vc_column][vc_empty_space height=\u00a0\u00bb50px\u00a0\u00bb][\/vc_column][\/vc_row][vc_row][vc_column][vc_column_text]Les pr\u00e9sentes mentions l\u00e9gales d\u00e9finissent les conditions g\u00e9n\u00e9rales d&rsquo;acc\u00e8s et d&rsquo;utilisation du site https:\/\/traduccionscontext.com, ci-apr\u00e8s \u00ab\u00a0le WEB\u00a0\u00bb, qui appartient et appartient \u00e0 Context Traduccions situ\u00e9e a Av. Meritxell, 9 4e 5e AD500 Andorre-la-Vieille Principaut\u00e9 d&rsquo;Andorre, Principaut\u00e9 d&rsquo;Andorre, ci-apr\u00e8s \u00ab Context Traduccions \u00bb. L&rsquo;acc\u00e8s au WEB est gratuit et ne n\u00e9cessite aucune inscription ou abonnement pr\u00e9alable.<\/p>\n<p>&nbsp;<\/p>\n<h3><strong>LIMITATION DE RESPONSABILIT\u00c9<\/strong><\/h3>\n<p>Context Traduccions n&rsquo;est pas responsable des dommages caus\u00e9s ou pouvant survenir, de quelque nature que ce soit, pouvant d\u00e9couler de l&rsquo;utilisation des informations, du contenu du SITE WEB et des programmes qu&rsquo;il int\u00e8gre, et qui pourraient causer, \u00e0 titre d&rsquo;exemple. et sans limitation : erreurs ou omissions dans le contenu, manque de disponibilit\u00e9 du WEB ou transmission de virus ou de programmes malveillants ou nuisibles dans le contenu, malgr\u00e9 la prise de toutes les mesures technologiques n\u00e9cessaires pour l&#8217;emp\u00eacher.<\/p>\n<p>Les informations contenues sur le WEB sont valables \u00e0 la date de la derni\u00e8re mise \u00e0 jour, et Context Traduccions ne garantit pas l&rsquo;absence d&rsquo;erreurs dans l&rsquo;acc\u00e8s au WEB ou dans le contenu, cependant, il prendra les mesures pertinentes pour les \u00e9viter, corrigez-les et\/ou mettez-les \u00e0 jour d\u00e8s qu&rsquo;ils sont d\u00e9tect\u00e9s.<\/p>\n<p>Context Traduccions se r\u00e9serve le droit de modifier et de mettre \u00e0 jour les informations du SITE WEB, sa pr\u00e9sentation, sa configuration et les conditions d&rsquo;acc\u00e8s sans pr\u00e9avis et \u00e0 tout moment. Context Traduccions se r\u00e9serve \u00e9galement le droit de modifier et\/ou d&rsquo;omettre, en tout ou en partie, le contenu du SITE WEB et d&rsquo;en restreindre l&rsquo;acc\u00e8s. En cas de maintenance, de r\u00e9paration, de mise \u00e0 jour ou d&rsquo;am\u00e9lioration des services, Context Traduccions se r\u00e9serve le droit de suspendre temporairement, sans pr\u00e9avis, l&rsquo;acc\u00e8s au SITE WEB, ainsi que le droit de fournir ou d&rsquo;annuler les services, sans pr\u00e9judice de tenter d&rsquo;en informer les utilisateurs, chaque fois que les circonstances le permettent. L&rsquo;utilisation de ce SITE WEB et des informations fournies rel\u00e8ve de la responsabilit\u00e9 de l&rsquo;utilisateur. Aucun tiers ne peut \u00e9tablir une relation de cadrage entre ses pages web et le WEB. De m\u00eame, Context Traduccions n&rsquo;est pas responsable du contenu de tiers accessible via les liens contenus sur le WEB.<\/p>\n<p>&nbsp;<\/p>\n<h3>SERVICES ET PRODUITS WEB<\/h3>\n<p>Le SITE WEB peut contenir des liens vers des pages Web autres que celles qui sont mises \u00e0 la disposition de l&rsquo;utilisateur dans le seul but de faciliter l&rsquo;acc\u00e8s \u00e0 des contenus ou des services susceptibles de vous int\u00e9resser et que Context Traduccions ne g\u00e8re ni ne contr\u00f4le \u00e0 aucun moment.<\/p>\n<p>L&rsquo;inclusion de liens vers des portails tiers n&rsquo;implique en aucun cas un lien entre Context Traduccions et les propri\u00e9taires des portails li\u00e9s. Context Traduccions n&rsquo;assume aucune responsabilit\u00e9 directe ou indirecte quant \u00e0 la lic\u00e9it\u00e9, la v\u00e9racit\u00e9, l&rsquo;utilit\u00e9, la qualit\u00e9 ou la fiabilit\u00e9 des services et contenus appartenant \u00e0 des tiers, ou qu&rsquo;ils g\u00e8rent ou contr\u00f4lent, m\u00eame s&rsquo;ils sont accessibles via le WEB.<\/p>\n<p>\u00c0 toutes fins l\u00e9gales, il est entendu que toute relation contractuelle ou non contractuelle que l&rsquo;utilisateur conclut avec des tiers contact\u00e9s via le WEB se fait uniquement et exclusivement entre l&rsquo;utilisateur et des tiers.<\/p>\n<p>Vous acceptez que Context Traduccions n&rsquo;est pas responsable des dommages de toutes natures caus\u00e9es \u00e0 la suite de n\u00e9gociations, de conversations ou de relations contractuelles ou non contractuelles entre vous et des tiers contact\u00e9s via le WEB.<\/p>\n<p>L&rsquo;utilisateur doit \u00eatre conscient des indications, avertissements ou avertissements l\u00e9gaux que les portails tiers peuvent \u00e9tablir pour leur utilisation.<\/p>\n<p>&nbsp;<\/p>\n<h3>RESPONSABILIT\u00c9 DE L&rsquo;UTILISATEUR<\/h3>\n<p>Vous \u00eates responsable du respect des lois et r\u00e8glements applicables et des r\u00e8gles applicables \u00e0 votre utilisation des informations et des applications. Toutefois, l&rsquo;utilisation du SITE INTERNET contraire \u00e0 la bonne foi est interdite, notamment et de mani\u00e8re non exhaustive : utilisation contraire \u00e0 la r\u00e9glementation andorrane ou portant atteinte aux droits de tiers ; la publication ou la transmission de tout contenu violent, obsc\u00e8ne, injurieux, ill\u00e9gal, racial, x\u00e9nophobe ou diffamatoire ; modifier ou interf\u00e9rer avec les moyens frauduleux des pages Web personnelles ou des e-mails ou des syst\u00e8mes d&rsquo;autres utilisateurs ou de tiers sans leur permission ; cracks, num\u00e9ros de s\u00e9rie de programmes ou tout autre contenu qui enfreint les droits de propri\u00e9t\u00e9 intellectuelle d&rsquo;autrui ; la collecte et \/ ou l&rsquo;utilisation de donn\u00e9es personnelles d&rsquo;autres utilisateurs sans leur consentement expr\u00e8s ou en violation des dispositions de la loi qualifi\u00e9e 29\/2021 sur la protection des donn\u00e9es personnelles ; l&rsquo;utilisation du serveur de messagerie, du domaine et des adresses e-mail \u00e0 des fins de spam, mail bombing, usurpation d&rsquo;identit\u00e9, fraude \u00e0 la garde de tiers, Scam 419, pharming, propagation de virus (Trojans, etc.) ou tout autre type d&rsquo;activit\u00e9 exerc\u00e9e avec une intention frauduleuse ou criminelle.<\/p>\n<p>Il est express\u00e9ment interdit d&rsquo;acc\u00e9der, de modifier, de visualiser la configuration, la structure et les fichiers des serveurs WEB. En cas de probl\u00e8mes pouvant survenir dans les serveurs et les syst\u00e8mes de s\u00e9curit\u00e9 du WEB en cons\u00e9quence directe d&rsquo;une action n\u00e9gligente de l&rsquo;utilisateur, il sera responsable de la responsabilit\u00e9 civile et p\u00e9nale correspondante. L&rsquo;utilisateur respectera les normes techniques \u00e9tablies par le WEB dans l&rsquo;administration et le d\u00e9veloppement des produits utilis\u00e9s afin qu&rsquo;il n&rsquo;y ait pas d&rsquo;utilisation abusive qui retarde les serveurs et nuit \u00e0 la fourniture des produits ou aux droits des autres utilisateurs.<\/p>\n<p>&nbsp;<\/p>\n<h3>PROTECTION DES DONNEES PERSONNELLES ET COOKIES<\/h3>\n<p>Conform\u00e9ment aux exigences de la loi 29\/2021, du 28 octobre, qualifi\u00e9e de protection des donn\u00e9es personnelles (ci-apr\u00e8s, \u00ab\u00a0LQDP\u00a0\u00bb), et \u00e0 la r\u00e9glementation qui la d\u00e9veloppe, les utilisateurs de ce site sont inform\u00e9s que les donn\u00e9es personnelles fournies \u00e0 Context Traducciones seront trait\u00e9es par le m\u00eame aux fins et conditions d\u00e9finies dans ses registres des activit\u00e9s de traitement (vous les trouverez dans notre politique de confidentialit\u00e9).<\/p>\n<p>Le responsable des fichiers est Context Traduccions en tant que responsable du traitement, domicili\u00e9 Av. Meritxell, 9 4e 5e AD500 Andorre-la-Vieille Principaut\u00e9 d&rsquo;Andorre, Principaut\u00e9 d&rsquo;Andorre.<\/p>\n<p>Les donn\u00e9es collect\u00e9es ici seront trait\u00e9es \u00e0 des fins de gestion des pages Web, de gestion des utilisateurs enregistr\u00e9s, de gestion des notifications et de gestion des requ\u00eates et des communications.<\/p>\n<p>Conform\u00e9ment \u00e0 la LQPD, et \u00e0 son r\u00e8glement d&rsquo;application, Context Traduccions vous informe que vous disposez des droits d&rsquo;acc\u00e8s, de rectification, de suppression, d&rsquo;opposition, de portabilit\u00e9 et de limitation de traitement reconnus dans le r\u00e8glement pr\u00e9cit\u00e9.<\/p>\n<p>Nous vous informons que ce site collecte des cookies. Une explication compl\u00e8te de ceux-ci peut \u00eatre trouv\u00e9e sur le lien suivant.<\/p>\n<p>Pour plus d&rsquo;informations sur la mani\u00e8re dont nous traitons les donn\u00e9es personnelles, consultez<span class=\"tagnamecolor\"><span class=\"tagcolor\">&lt;<\/span>a<span class=\"attributecolor\">href<span class=\"attributevaluecolor\">=\u00a0\u00bbhttps:\/\/traduccionscontext.com\/?page_id=1406&Prime;<\/span><\/span><span class=\"tagcolor\">&gt;<\/span><\/span><i>enlla\u00e7<\/i><span class=\"tagnamecolor\"><span class=\"tagcolor\">&lt;<\/span>\/a<\/span><\/p>\n<h3><\/h3>\n<p>&nbsp;<\/p>\n<h3>PROPRI\u00c9T\u00c9 INTELLECTUELLE SUR LE CONTENU<\/h3>\n<p>Tous les \u00e9l\u00e9ments qui apparaissent sur le WEB, sans limitation (photographies, musique, sons, animations, logiciels, textes, nom de domaine, marques, informations et contenus collect\u00e9s sur l&rsquo;ensemble du web, etc.), ainsi que la structure, la conception graphique et le code source sont la propri\u00e9t\u00e9 de Context Traduccions, ou le cas \u00e9ch\u00e9ant, de tiers qui vous ont accord\u00e9 les droits d&rsquo;utilisation correspondants, que l&rsquo;utilisateur de ce site Web doit respecter, et qui sont donc prot\u00e9g\u00e9s par la r\u00e9glementation sur la propri\u00e9t\u00e9 intellectuelle. Les actes de reproduction totale ou partielle, publication, traitement informatique, distribution, diffusion, transformation, compilation, modification, distribution ou communication publique du SITE WEB ne peuvent \u00eatre effectu\u00e9s sans le consentement \u00e9crit pr\u00e9alable de Context Traduccions. L&rsquo;acc\u00e8s par l&rsquo;utilisateur aux contenus et services du WEB n&rsquo;implique aucun droit en ce qui concerne sa transmission, cession, utilisation, alt\u00e9ration, exploitation, reproduction, distribution ou communication publique, objet de propri\u00e9t\u00e9 intellectuelle, sans l&rsquo;autorisation pr\u00e9alable et expresse sp\u00e9cifiquement accord\u00e9es \u00e0 cet effet par Context Traduccions ou le tiers titulaire des droits, le cas \u00e9ch\u00e9ant.<\/p>\n<p>L&rsquo;utilisateur du SITE ne pourra faire qu&rsquo;un usage priv\u00e9 et personnel de son contenu, c&rsquo;est-\u00e0-dire qu&rsquo;il n&rsquo;aura le droit de visualiser et de copier le contenu que pour son usage personnel et exclusif et devra appliquer ces droits sur la base des principes bonne foi et la r\u00e9glementation applicable. L&rsquo;utilisation du WEB ou de l&rsquo;un de ses \u00e9l\u00e9ments \u00e0 des fins commerciales ou ill\u00e9gales est strictement interdite. L&rsquo;utilisation non autoris\u00e9e des informations contenues dans ce portail, ainsi que les dommages caus\u00e9s aux droits de propri\u00e9t\u00e9 intellectuelle, peuvent donner lieu \u00e0 l&rsquo;exercice des actions en justice pertinentes et, le cas \u00e9ch\u00e9ant, aux responsabilit\u00e9s d\u00e9coulant de cet exercice.<\/p>\n<p>&nbsp;<\/p>\n<p>&nbsp;<\/p>\n<h3>ENGAGEMENTS<\/h3>\n<p>Context Traduccions s&rsquo;engage \u00e0 ne pas faire de publicit\u00e9 mensong\u00e8re. En ce sens, les erreurs formelles ou num\u00e9riques pouvant se trouver dans le contenu des diff\u00e9rentes rubriques du SITE WEB du fait de la maintenance et\/ou de la mise \u00e0 jour incompl\u00e8te ou d\u00e9fectueuse des informations contenues dans ces rubriques de cette rubrique ne seront pas consid\u00e9r\u00e9es comme de la publicit\u00e9 trompeuse. Sur le WEB en cons\u00e9quence de ce qui est mentionn\u00e9 dans cette section, Context Traduccions s&rsquo;engage \u00e0 corriger cette situation d\u00e8s qu&rsquo;elle aura connaissance des erreurs susmentionn\u00e9es.<\/p>\n<p>&nbsp;<\/p>\n<p>&nbsp;<\/p>\n<h3>ACCEPTATION<\/h3>\n<p>L&rsquo;utilisation du SITE implique l&rsquo;acceptation expresse et pleine de ces conditions g\u00e9n\u00e9rales et de chacune des dispositions incluses dans la pr\u00e9sente notice l\u00e9gale dans la version publi\u00e9e au moment o\u00f9 l&rsquo;utilisateur acc\u00e8de \u00e0 cette notice (\u00e0 l&rsquo;exception de la politique de confidentialit\u00e9 et de la politique de cookies, qui doivent \u00eatre accept\u00e9es express\u00e9ment et s\u00e9par\u00e9ment). En cons\u00e9quence, il vous est recommand\u00e9 de lire la pr\u00e9sente notice l\u00e9gale \u00e0 chaque fois que vous acc\u00e9dez au WEB, car des modifications peuvent \u00eatre apport\u00e9es aux conditions g\u00e9n\u00e9rales, sans pr\u00e9judice des \u00e9ventuelles conditions particuli\u00e8res pouvant s&rsquo;appliquer \u00e0 certains services sp\u00e9cifiques sur le WEB.<\/p>\n<h2><\/h2>\n<p>&nbsp;<\/p>\n<h3>L\u00c9GISLATION APPLICABLE ET JURIDICTION<\/h3>\n<p>Les pr\u00e9sentes conditions d&rsquo;acc\u00e8s et d&rsquo;utilisation sont soumises au droit andorran et \u00e0 la comp\u00e9tence de ses tribunaux.[\/vc_column_text][\/vc_column][\/vc_row]<\/p>\n","protected":false},"excerpt":{"rendered":"<p>[vc_row][vc_column][\/vc_column][\/vc_row][vc_row][vc_column][vc_empty_space height=\u00a0\u00bb50px\u00a0\u00bb][\/vc_column][\/vc_row][vc_row][vc_column][vc_column_text]Les pr\u00e9sentes mentions l\u00e9gales d\u00e9finissent les conditions g\u00e9n\u00e9rales d&rsquo;acc\u00e8s et d&rsquo;utilisation du site https:\/\/traduccionscontext.com, ci-apr\u00e8s \u00ab\u00a0le WEB\u00a0\u00bb, qui appartient et appartient \u00e0 Context Traduccions situ\u00e9e a Av. Meritxell, 9 4e 5e AD500 Andorre-la-Vieille Principaut\u00e9 d&rsquo;Andorre, Principaut\u00e9 d&rsquo;Andorre, ci-apr\u00e8s \u00ab Context Traduccions \u00bb. L&rsquo;acc\u00e8s au WEB est gratuit et ne n\u00e9cessite aucune inscription ou abonnement&hellip;<\/p>\n","protected":false},"author":1,"featured_media":0,"parent":0,"menu_order":0,"comment_status":"closed","ping_status":"closed","template":"","meta":{"footnotes":""},"class_list":["post-1459","page","type-page","status-publish","hentry","description-off"],"_links":{"self":[{"href":"https:\/\/traduccionscontext.com\/fr\/wp-json\/wp\/v2\/pages\/1459","targetHints":{"allow":["GET"]}}],"collection":[{"href":"https:\/\/traduccionscontext.com\/fr\/wp-json\/wp\/v2\/pages"}],"about":[{"href":"https:\/\/traduccionscontext.com\/fr\/wp-json\/wp\/v2\/types\/page"}],"author":[{"embeddable":true,"href":"https:\/\/traduccionscontext.com\/fr\/wp-json\/wp\/v2\/users\/1"}],"replies":[{"embeddable":true,"href":"https:\/\/traduccionscontext.com\/fr\/wp-json\/wp\/v2\/comments?post=1459"}],"version-history":[{"count":2,"href":"https:\/\/traduccionscontext.com\/fr\/wp-json\/wp\/v2\/pages\/1459\/revisions"}],"predecessor-version":[{"id":1463,"href":"https:\/\/traduccionscontext.com\/fr\/wp-json\/wp\/v2\/pages\/1459\/revisions\/1463"}],"wp:attachment":[{"href":"https:\/\/traduccionscontext.com\/fr\/wp-json\/wp\/v2\/media?parent=1459"}],"curies":[{"name":"wp","href":"https:\/\/api.w.org\/{rel}","templated":true}]}}