{"id":1670,"date":"2024-09-10T15:58:25","date_gmt":"2024-09-10T15:58:25","guid":{"rendered":"https:\/\/traduccionscontext.com\/livraison\/"},"modified":"2024-09-13T11:41:20","modified_gmt":"2024-09-13T11:41:20","slug":"livraison","status":"publish","type":"page","link":"https:\/\/traduccionscontext.com\/fr\/livraison\/","title":{"rendered":"Livraison"},"content":{"rendered":"<p>[vc_row][vc_column][vc_empty_space height=\u00a0\u00bb50px\u00a0\u00bb][\/vc_column][\/vc_row][vc_row][vc_column]<div id=\"ultimate-heading-52369dad8abb8315\" class=\"uvc-heading ult-adjust-bottom-margin ultimate-heading-52369dad8abb8315 uvc-6801 \" data-hspacer=\"no_spacer\"  data-halign=\"center\" style=\"text-align:center\"><div class=\"uvc-heading-spacer no_spacer\" style=\"top\"><\/div><div class=\"uvc-main-heading ult-responsive\"  data-ultimate-target='.uvc-heading.ultimate-heading-52369dad8abb8315 h2'  data-responsive-json-new='{\"font-size\":\"desktop:20px;\",\"line-height\":\"\"}' ><h2 style=\"font-family:&#039;Belleza&#039;;--font-weight:theme;\">LIVRAISON<\/h2><\/div><\/div>[\/vc_column][\/vc_row][vc_row][vc_column][vc_empty_space height=\u00a0\u00bb50px\u00a0\u00bb][\/vc_column][\/vc_row][vc_row][vc_column][vc_column_text]<\/p>\n<p style=\"text-align: center;\">Nous vous proposons diff\u00e9rentes options afin de recevoir vos traductions asserment\u00e9es de la mani\u00e8re qui convient le mieux \u00e0 vos besoins:<\/p>\n<p>[\/vc_column_text][\/vc_column][\/vc_row][vc_row][vc_column][vc_empty_space height=\u00a0\u00bb50px\u00a0\u00bb][\/vc_column][\/vc_row][vc_row][vc_column width=\u00a0\u00bb1\/4&Prime;][vc_empty_space height=\u00a0\u00bb30px\u00a0\u00bb][vc_icon icon_fontawesome=\u00a0\u00bbfas fa-tv\u00a0\u00bb color=\u00a0\u00bbcustom\u00a0\u00bb size=\u00a0\u00bbxl\u00a0\u00bb align=\u00a0\u00bbcenter\u00a0\u00bb custom_color=\u00a0\u00bb#891b13&Prime;][\/vc_column][vc_column width=\u00a0\u00bb3\/4&Prime;][vc_column_text]<\/p>\n<h4 style=\"text-align: left;\"><strong>Par voie num\u00e9rique:<\/strong><\/h4>\n<p style=\"text-align: justify;\">Recevez votre traduction avec la signature num\u00e9rique du traducteur directement par e-mail. C\u2019est l\u2019option la plus rapide et pratique, id\u00e9ale pour les envois urgents ou pour obtenir un format num\u00e9rique rapidement et en toute s\u00e9curit\u00e9.<\/p>\n<p>[\/vc_column_text][\/vc_column][\/vc_row][vc_row][vc_column][vc_empty_space height=\u00a0\u00bb50px\u00a0\u00bb][\/vc_column][\/vc_row][vc_row][vc_column width=\u00a0\u00bb1\/4&Prime;][vc_empty_space height=\u00a0\u00bb20px\u00a0\u00bb][vc_icon icon_fontawesome=\u00a0\u00bbfas fa-user\u00a0\u00bb color=\u00a0\u00bbcustom\u00a0\u00bb size=\u00a0\u00bbxl\u00a0\u00bb align=\u00a0\u00bbcenter\u00a0\u00bb custom_color=\u00a0\u00bb#891b13&Prime;][\/vc_column][vc_column width=\u00a0\u00bb3\/4&Prime;][vc_column_text]<\/p>\n<h4 style=\"text-align: left;\"><strong>En pr\u00e9sentiel:<\/strong><\/h4>\n<p style=\"text-align: justify;\">Si vous pr\u00e9f\u00e9rez r\u00e9cup\u00e9rer votre traduction en personne, vous pouvez visiter nos bureaux. Assurez-vous que nous vous avons confirm\u00e9 que le document est pr\u00eat pour sa remise.<\/p>\n<p>[\/vc_column_text][\/vc_column][\/vc_row][vc_row][vc_column][vc_empty_space height=\u00a0\u00bb50px\u00a0\u00bb][\/vc_column][\/vc_row][vc_row][vc_column width=\u00a0\u00bb1\/4&Prime;][vc_empty_space height=\u00a0\u00bb20px\u00a0\u00bb][vc_icon icon_fontawesome=\u00a0\u00bbfas fa-envelope\u00a0\u00bb color=\u00a0\u00bbcustom\u00a0\u00bb size=\u00a0\u00bbxl\u00a0\u00bb align=\u00a0\u00bbcenter\u00a0\u00bb custom_color=\u00a0\u00bb#891b13&Prime;][\/vc_column][vc_column width=\u00a0\u00bb3\/4&Prime;][vc_column_text]<\/p>\n<h4 style=\"text-align: left;\"><strong>Par voie postale:<\/strong><\/h4>\n<p style=\"text-align: justify;\">Si vous avez besoin de la traduction en version papier, nous proposons un service de livraison par voie postale \u00e0 l\u2019adresse de votre choix.<\/p>\n<p>[\/vc_column_text][\/vc_column][\/vc_row]<\/p>\n","protected":false},"excerpt":{"rendered":"<p>[vc_row][vc_column][vc_empty_space height=\u00a0\u00bb50px\u00a0\u00bb][\/vc_column][\/vc_row][vc_row][vc_column][\/vc_column][\/vc_row][vc_row][vc_column][vc_empty_space height=\u00a0\u00bb50px\u00a0\u00bb][\/vc_column][\/vc_row][vc_row][vc_column][vc_column_text] Nous vous proposons diff\u00e9rentes options afin de recevoir vos traductions asserment\u00e9es de la mani\u00e8re qui convient le mieux \u00e0 vos besoins: [\/vc_column_text][\/vc_column][\/vc_row][vc_row][vc_column][vc_empty_space height=\u00a0\u00bb50px\u00a0\u00bb][\/vc_column][\/vc_row][vc_row][vc_column width=\u00a0\u00bb1\/4&Prime;][vc_empty_space height=\u00a0\u00bb30px\u00a0\u00bb][vc_icon icon_fontawesome=\u00a0\u00bbfas fa-tv\u00a0\u00bb color=\u00a0\u00bbcustom\u00a0\u00bb size=\u00a0\u00bbxl\u00a0\u00bb align=\u00a0\u00bbcenter\u00a0\u00bb custom_color=\u00a0\u00bb#891b13&Prime;][\/vc_column][vc_column width=\u00a0\u00bb3\/4&Prime;][vc_column_text] Par voie num\u00e9rique: Recevez votre traduction avec la signature num\u00e9rique du traducteur directement par e-mail. C\u2019est l\u2019option la plus rapide&hellip;<\/p>\n","protected":false},"author":1,"featured_media":0,"parent":0,"menu_order":0,"comment_status":"closed","ping_status":"closed","template":"","meta":{"footnotes":""},"class_list":["post-1670","page","type-page","status-publish","hentry","description-off"],"_links":{"self":[{"href":"https:\/\/traduccionscontext.com\/fr\/wp-json\/wp\/v2\/pages\/1670","targetHints":{"allow":["GET"]}}],"collection":[{"href":"https:\/\/traduccionscontext.com\/fr\/wp-json\/wp\/v2\/pages"}],"about":[{"href":"https:\/\/traduccionscontext.com\/fr\/wp-json\/wp\/v2\/types\/page"}],"author":[{"embeddable":true,"href":"https:\/\/traduccionscontext.com\/fr\/wp-json\/wp\/v2\/users\/1"}],"replies":[{"embeddable":true,"href":"https:\/\/traduccionscontext.com\/fr\/wp-json\/wp\/v2\/comments?post=1670"}],"version-history":[{"count":4,"href":"https:\/\/traduccionscontext.com\/fr\/wp-json\/wp\/v2\/pages\/1670\/revisions"}],"predecessor-version":[{"id":1756,"href":"https:\/\/traduccionscontext.com\/fr\/wp-json\/wp\/v2\/pages\/1670\/revisions\/1756"}],"wp:attachment":[{"href":"https:\/\/traduccionscontext.com\/fr\/wp-json\/wp\/v2\/media?parent=1670"}],"curies":[{"name":"wp","href":"https:\/\/api.w.org\/{rel}","templated":true}]}}