{"id":1437,"date":"2022-05-17T06:44:11","date_gmt":"2022-05-17T06:44:11","guid":{"rendered":"https:\/\/traduccionscontext.com\/?page_id=1437"},"modified":"2022-10-20T06:13:23","modified_gmt":"2022-10-20T06:13:23","slug":"politica-sulla-riservatezza","status":"publish","type":"page","link":"https:\/\/traduccionscontext.com\/it\/politica-sulla-riservatezza\/","title":{"rendered":"Politica sulla Riservatezza"},"content":{"rendered":"<p>[vc_row][vc_column]<div id=\"ultimate-heading-919469d54ce3b0343\" class=\"uvc-heading ult-adjust-bottom-margin ultimate-heading-919469d54ce3b0343 uvc-2853  uvc-heading-default-font-sizes\" data-hspacer=\"no_spacer\"  data-halign=\"center\" style=\"text-align:center\"><div class=\"uvc-heading-spacer no_spacer\" style=\"top\"><\/div><div class=\"uvc-main-heading ult-responsive\"  data-ultimate-target='.uvc-heading.ultimate-heading-919469d54ce3b0343 h2'  data-responsive-json-new='{\"font-size\":\"\",\"line-height\":\"\"}' ><h2 style=\"font-family:&#039;Belleza&#039;;--font-weight:theme;\">POLITICA SULLA RISERVATEZZA<\/h2><\/div><\/div>[\/vc_column][\/vc_row][vc_row][vc_column][vc_empty_space height=&#8221;50px&#8221;][\/vc_column][\/vc_row][vc_row][vc_column][vc_column_text]Context Traduccions si impegna a proteggere la tua privacy e la tecnologia di sviluppo fornendoti la pi\u00f9 sicura esperienza web.<\/p>\n<p>La presente informativa privacy \u00e8 valida per il sito web <a href=\"https:\/\/traduccionscontext.com\/?lang=it\">https:\/\/traduccionscontext.com<\/a> e regola la raccolta e l&#8217;utilizzo dei dati.<\/p>\n<p>Accettando le politiche sulla privacy, acconsenti alle pratiche descritte in questa informativa.<\/p>\n<p>&nbsp;<\/p>\n<h3><strong>Chi \u00e8 responsabile dei dati?<\/strong><\/h3>\n<p>La informiamo che i dati personali da Lei forniti attraverso questo sito saranno trattati da Context Traduccions in qualit\u00e0 di titolare del trattamento. Context Traduccions \u00e8 il proprietario di questo sito web, una societ\u00e0 domiciliata in Av. Meritxell, 9 4\u00b0 5\u00b0 &#8211; AD500 Andorra la Vella Principato di Andorra e iscritta al Registro delle Imprese del Principato di Andorra con codice fiscale F-165800-D, di seguito Context Traduccions.<\/p>\n<p>&nbsp;<\/p>\n<h3><strong>Quali dati raccogliamo?<\/strong><\/h3>\n<p>In ottemperanza alle prescrizioni della Legge 29\/2021, del 28 ottobre, qualificata come Protezione dei Dati Personali (di seguito, \u201cLQDP\u201d), e alla normativa che la sviluppa, si informano gli utenti di questo sito web che <a href=\"https:\/\/traduccionscontext.com\/?lang=it\">https:\/\/traduccionescontext.com<\/a> raccoglier\u00e0 solo i dati personali strettamente necessari per ottemperare alle finalit\u00e0 di seguito descritte e che saranno trattati nel massimo rispetto dei principi stabiliti dalla normativa sulla protezione dei dati.<\/p>\n<p>&nbsp;<\/p>\n<h3><strong>Raccogliamo i cookie?<\/strong><\/h3>\n<p>Si informa che questo sito raccoglie solo cookie di manutenzione necessari al corretto funzionamento del sito. Per l&#8217;utilizzo di altri cookie \u00e8 necessario il tuo esplicito consenso alla loro raccolta. Puoi scoprire di pi\u00f9 su cosa sono i cookie e come li utilizziamo consultando la nostra Cookie Policy.<\/p>\n<p>&nbsp;<\/p>\n<h3><strong>Per quale scopo trattiamo i tuoi dati?<\/strong><\/h3>\n<p>Context Traduccions raccoglier\u00e0 e tratter\u00e0 i tuoi dati personali al fine di poter gestire la tua richiesta di traduzione, correzione o interpretazione, nonch\u00e9 per espletare tutte le pratiche e\/o procedure necessarie per evadere tale richiesta.<\/p>\n<p>&nbsp;<\/p>\n<h3><strong>Per quanto tempo verranno conservati i miei dati?<\/strong><\/h3>\n<p>Context Traduccions conserver\u00e0 i tuoi dati personali per il tempo necessario alle finalit\u00e0 sopra descritte. Nel caso in cui la normativa obblighi Context Traduccions a conservare i tuoi dati personali, quest&#8217;ultima conserver\u00e0 i tuoi dati personali per questo ulteriore periodo ma questi saranno bloccati e saranno trattati solo per garantirne la conservazione. Trascorso tale termine, i dati personali saranno cancellati.<\/p>\n<p>&nbsp;<\/p>\n<h3>A chi passeremo i tuoi dati?<\/h3>\n<p>Come regola generale, i tuoi dati non saranno ceduti a terzi a meno che non abbiamo il tuo esplicito consenso a farlo.<\/p>\n<p>Per il raggiungimento delle finalit\u00e0 sopra indicate, e solo quando necessario, i Suoi dati personali potranno essere comunicati a:<\/p>\n<ol>\n<li>Titolari del trattamento di Context Traduccions che devono trattare i tuoi dati personali in relazione alla finalit\u00e0 in oggetto, che eseguiranno secondo le istruzioni di questa entit\u00e0 e in conformit\u00e0 alla sua politica sulla privacy e alle eventuali misure di sicurezza e riservatezza appropriate per stabilire Context Traduccions.<\/li>\n<li>Pubbliche amministrazioni competenti, nei casi previsti dalla legge e per le finalit\u00e0 ivi definite.<\/li>\n<\/ol>\n<p>&nbsp;<\/p>\n<h3>Trasferiremo i tuoi dati in paesi al di fuori di Andorra?<\/h3>\n<p>Come regola generale, i tuoi dati qui raccolti non verranno trasferiti al di fuori di Andorra. Tuttavia, nei casi di cooperazione internazionale con altre autorit\u00e0 per la protezione dei dati, chiederemo il tuo consenso a tali trasferimenti quando la base legittima del trattamento \u00e8 il tuo consenso.<\/p>\n<p>&nbsp;<\/p>\n<h3>Che diritti hai?<\/h3>\n<p>In ottemperanza alla LQPD, e ai suoi regolamenti attuativi, Context Traducciones La informa che Lei ha i diritti di accesso, rettifica, limitazione, portabilit\u00e0, cancellazione e opposizione dei Suoi dati personali, riconosciuti dalla normativa sopra richiamata. Per esercitarli \u00e8 necessario inviare una e-mail a contexttraduccions@gmail.com, a cui allegare copia del passaporto o altro documento di identit\u00e0 nazionale.<\/p>\n<p>In caso di violazione dei tuoi diritti, soprattutto quando non hai ottenuto soddisfazione nel tuo esercizio, puoi presentare un reclamo all&#8217;Agenzia per la protezione dei dati di Andorra. Puoi anche saperne di pi\u00f9 sui loro diritti contattando questa organizzazione.<\/p>\n<p>&nbsp;<\/p>\n<h3>Posso revocare il mio consenso?<\/h3>\n<p>Qualsiasi trattamento basato sul consenso pu\u00f2 essere revocato in qualsiasi momento senza pregiudicare la liceit\u00e0 del trattamento basato sul consenso prima della revoca. In tali casi, Context Traduccions interromper\u00e0 il trattamento dei dati personali o, se necessario, interromper\u00e0 il trattamento degli stessi per questa specifica finalit\u00e0, salvo che per motivi legittimi impellenti o per l&#8217;esercizio o la difesa di eventuali pretese.<\/p>\n<p>&nbsp;<\/p>\n<h3>Quali misure di sicurezza utilizzeremo per proteggere i tuoi dati?<\/h3>\n<p>Context Traduccions garantisce che il trattamento dei tuoi dati personali \u00e8 soggetto al pi\u00f9 rigoroso obbligo di riservatezza e che sono state stabilite le misure necessarie, sia tecniche che organizzative, per garantire la sicurezza dei tuoi dati personali e prevenirne l&#8217;alterazione, l&#8217;uso improprio, la perdita , furto e trattamento e\/o accesso non autorizzati.<\/p>\n<p>&nbsp;<\/p>\n<h3>Possibili modifiche alla politica sulla privacy?<\/h3>\n<p>Questa politica sulla privacy \u00e8 soggetta a modifiche in qualsiasi momento in conformit\u00e0 con la legge applicabile. In ogni caso, qualsiasi modifica alla presente Privacy Policy ti sar\u00e0 debitamente notificata in modo che tu sia informato delle modifiche apportate e possa dare il tuo consenso espresso a tali modifiche.[\/vc_column_text][\/vc_column][\/vc_row]<\/p>\n","protected":false},"excerpt":{"rendered":"<p>[vc_row][vc_column][\/vc_column][\/vc_row][vc_row][vc_column][vc_empty_space height=&#8221;50px&#8221;][\/vc_column][\/vc_row][vc_row][vc_column][vc_column_text]Context Traduccions si impegna a proteggere la tua privacy e la tecnologia di sviluppo fornendoti la pi\u00f9 sicura esperienza web. La presente informativa privacy \u00e8 valida per il sito web https:\/\/traduccionscontext.com e regola la raccolta e l&#8217;utilizzo dei dati. Accettando le politiche sulla privacy, acconsenti alle pratiche descritte in questa informativa. &nbsp; Chi \u00e8&hellip;<\/p>\n","protected":false},"author":1,"featured_media":0,"parent":0,"menu_order":0,"comment_status":"closed","ping_status":"closed","template":"","meta":{"footnotes":""},"class_list":["post-1437","page","type-page","status-publish","hentry","description-off"],"_links":{"self":[{"href":"https:\/\/traduccionscontext.com\/it\/wp-json\/wp\/v2\/pages\/1437","targetHints":{"allow":["GET"]}}],"collection":[{"href":"https:\/\/traduccionscontext.com\/it\/wp-json\/wp\/v2\/pages"}],"about":[{"href":"https:\/\/traduccionscontext.com\/it\/wp-json\/wp\/v2\/types\/page"}],"author":[{"embeddable":true,"href":"https:\/\/traduccionscontext.com\/it\/wp-json\/wp\/v2\/users\/1"}],"replies":[{"embeddable":true,"href":"https:\/\/traduccionscontext.com\/it\/wp-json\/wp\/v2\/comments?post=1437"}],"version-history":[{"count":3,"href":"https:\/\/traduccionscontext.com\/it\/wp-json\/wp\/v2\/pages\/1437\/revisions"}],"predecessor-version":[{"id":1488,"href":"https:\/\/traduccionscontext.com\/it\/wp-json\/wp\/v2\/pages\/1437\/revisions\/1488"}],"wp:attachment":[{"href":"https:\/\/traduccionscontext.com\/it\/wp-json\/wp\/v2\/media?parent=1437"}],"curies":[{"name":"wp","href":"https:\/\/api.w.org\/{rel}","templated":true}]}}