{"id":1464,"date":"2022-05-17T06:17:01","date_gmt":"2022-05-17T06:17:01","guid":{"rendered":"https:\/\/traduccionscontext.com\/?page_id=1464"},"modified":"2022-05-23T12:24:34","modified_gmt":"2022-05-23T12:24:34","slug":"avviso-legale","status":"publish","type":"page","link":"https:\/\/traduccionscontext.com\/it\/avviso-legale\/","title":{"rendered":"Avviso Legale"},"content":{"rendered":"<p>[vc_row][vc_column]<div id=\"ultimate-heading-871069dada0c38887\" class=\"uvc-heading ult-adjust-bottom-margin ultimate-heading-871069dada0c38887 uvc-1898  uvc-heading-default-font-sizes\" data-hspacer=\"no_spacer\"  data-halign=\"center\" style=\"text-align:center\"><div class=\"uvc-heading-spacer no_spacer\" style=\"top\"><\/div><div class=\"uvc-main-heading ult-responsive\"  data-ultimate-target='.uvc-heading.ultimate-heading-871069dada0c38887 h2'  data-responsive-json-new='{\"font-size\":\"\",\"line-height\":\"\"}' ><h2 style=\"font-family:&#039;Belleza&#039;;--font-weight:theme;\">AVVISO LEGALE<\/h2><\/div><\/div>[\/vc_column][\/vc_row][vc_row][vc_column][vc_empty_space height=&#8221;50px&#8221;][\/vc_column][\/vc_row][vc_row][vc_column][vc_column_text]Il presente avviso legale stabilisce le condizioni generali che disciplinano l&#8217;accesso e l&#8217;utilizzo del sito web https:\/\/traduccionscontext.com, di seguito &#8220;il WEB&#8221;, che \u00e8 di propriet\u00e0 e di propriet\u00e0 di Context Traducciones in Av. Meritxell, 9 4\u00b0 5\u00b0 500 dC Andorra la Vella Principato di Andorra, Principato di Andorra, di seguito \u201cContext Traduccions\u201d. L&#8217;accesso al WEB \u00e8 gratuito e non richiede previa registrazione o abbonamento.<\/p>\n<p>&nbsp;<\/p>\n<h3><strong>LIMITAZIONE DI RESPONSABILIT\u00c0<\/strong><\/h3>\n<p>Context Traduccions non \u00e8 responsabile per eventuali danni causati o che potrebbero verificarsi, di qualsiasi natura, che potrebbero derivare dall&#8217;uso delle informazioni, del contenuto del SITO e dei programmi in esso incorporati e che potrebbero causare, a titolo esemplificativo. e non limitativo: errori o omissioni nel contenuto, mancanza di disponibilit\u00e0 del WEB o trasmissione di virus o programmi dannosi o dannosi nel contenuto, pur avendo adottato tutte le misure tecnologiche necessarie per prevenirlo.<\/p>\n<p>Le informazioni contenute nel WEB sono valide alla data dell&#8217;ultimo aggiornamento, e Context Traduccions non garantisce l&#8217;assenza di errori nell&#8217;accesso al WEB o nel contenuto, tuttavia, adotter\u00e0 le opportune misure per evitarli, correggerli e\/o aggiornarli non appena vengono rilevati.<\/p>\n<p>Context Traducciones si riserva il diritto di modificare e aggiornare le informazioni sul SITO WEB, la sua presentazione e configurazione e le condizioni di accesso senza preavviso e in qualsiasi momento. Context Traduccions si riserva inoltre il diritto di modificare e\/o omettere, in tutto o in parte, i contenuti del SITO WEB e di limitarne l&#8217;accesso. Nel caso in cui debbano essere effettuati interventi di manutenzione, riparazione, aggiornamento o miglioramento dei servizi, Context Traduccions si riserva il diritto di sospendere temporaneamente, senza preavviso, l&#8217;accesso al SITO, nonch\u00e9 il diritto di fornire o cancellare Dei servizi , fermo restando il tentativo di informare gli utenti, ogniqualvolta le circostanze lo consentano. L&#8217;uso di questo SITO WEB e delle informazioni fornite \u00e8 responsabilit\u00e0 dell&#8217;utente. Nessuna terza parte pu\u00f2 stabilire una relazione di framing tra le sue pagine web e il WEB. Allo stesso modo, Context Traducciones non \u00e8 responsabile del contenuto di terzi cui \u00e8 possibile accedere tramite i collegamenti contenuti nel WEB.<\/p>\n<p>&nbsp;<\/p>\n<h3>SERVIZI E PRODOTTI WEB<\/h3>\n<p>Il SITO WEB pu\u00f2 contenere collegamenti a pagine web diverse da quelle messe a disposizione dell&#8217;utente al solo scopo di facilitare l&#8217;accesso a contenuti o servizi che potrebbero interessarti e che Context Traduccions non gestisce n\u00e9 controlla in nessun momento.<\/p>\n<p>L&#8217;inclusione di collegamenti a portali di terzi non implica in alcun modo un collegamento tra Context Traduccions ei proprietari dei portali collegati. Context Traduccions non assume alcuna responsabilit\u00e0 diretta o indiretta in relazione alla liceit\u00e0, veridicit\u00e0, utilit\u00e0, qualit\u00e0 o affidabilit\u00e0 dei servizi e contenuti di propriet\u00e0 di terzi, o che questi gestiscono o controllano, anche se accessibili tramite il WEB.<\/p>\n<p>A tutti gli effetti di legge, resta inteso che qualsiasi rapporto contrattuale o extracontrattuale che l&#8217;utente instaura con i terzi contattati tramite il WEB \u00e8 instaurato solo ed esclusivamente tra l&#8217;utente e i terzi.<\/p>\n<p>Accetti che Context Traduccions non sar\u00e0 responsabile per eventuali danni di qualsiasi tipo causati a seguito di trattative, conversazioni o rapporti contrattuali o extracontrattuali tra te e terze parti contattate tramite il WEB.<\/p>\n<p>L&#8217;utente deve essere a conoscenza delle indicazioni, avvertenze o avvertenze legali che i portali di terze parti possono stabilire per il loro utilizzo.<\/p>\n<p>&nbsp;<\/p>\n<h3>RESPONSABILITA&#8217; DELL&#8217;UTENTE<\/h3>\n<p>L&#8217;utente \u00e8 responsabile del rispetto delle leggi e dei regolamenti applicabili e delle regole applicabili all&#8217;utilizzo delle informazioni e delle applicazioni. Tuttavia, \u00e8 vietato l&#8217;uso del SITO contrario alla buona fede, in particolare e in modo non esaustivo: uso contrario alla normativa andorrana o che viola i diritti di terzi; la pubblicazione o trasmissione di qualsiasi contenuto violento, osceno, offensivo, illegale, razziale, xenofobo o diffamatorio; alterare o interferire con i mezzi fraudolenti di pagine web personali o e-mail o sistemi di altri utenti o di terzi senza il loro permesso; crack, numeri di serie del programma o qualsiasi altro contenuto che violi i diritti di propriet\u00e0 intellettuale di altri; la raccolta e\/o l&#8217;utilizzo di dati personali di altri utenti senza il loro espresso consenso o in violazione di quanto previsto dalla Legge Qualificata 29\/2021 in materia di protezione dei dati personali; l&#8217;utilizzo del server di posta, degli indirizzi di dominio e di posta elettronica a fini di spam, mail bombing, furto d&#8217;identit\u00e0, frode in custodia di terzi, Scam 419, pharming, diffusione di virus (Trojan, ecc.) o qualsiasi altro tipo di attivit\u00e0 svolta con intento fraudolento o criminale.<\/p>\n<p>\u00c8 espressamente vietato accedere, modificare, visualizzare la configurazione, la struttura e i file dei server WEB. In caso di problemi che dovessero verificarsi nei server e nei sistemi di sicurezza del WEB come diretta conseguenza di atti negligenti dell&#8217;utente, sar\u00e0 responsabile della relativa responsabilit\u00e0 civile e penale. L&#8217;utente rispetter\u00e0 gli standard tecnici stabiliti dal WEB nell&#8217;amministrazione e nello sviluppo dei prodotti utilizzati in modo che non vi siano abusi che ritardino i server e danneggino la fornitura dei prodotti oi diritti di altri utenti.<\/p>\n<p>&nbsp;<\/p>\n<h3>PROTEZIONE DEI DATI PERSONALI E DEI COOKIE<\/h3>\n<p>In ottemperanza alle prescrizioni della Legge 29\/2021, del 28 ottobre, qualificata come Protezione dei Dati Personali (di seguito, \u201cLQDP\u201d), e alla normativa che la sviluppa, si informano gli utenti di questo sito che i dati personali eventualmente forniti a Context Traduccions saranno trattati dalla stessa per le finalit\u00e0 e le condizioni definite nei propri Registri delle Attivit\u00e0 di Trattamento (le troverete nella nostra privacy policy).<\/p>\n<p>Responsabile del trattamento \u00e8 Context Traduccions in qualit\u00e0 di responsabile del trattamento, con domicilio in Av. Meritxell, 9 4\u00b0 5\u00b0 500 dC Andorra la Vella Principato di Andorra, Principato di Andorra.<\/p>\n<p>I dati qui raccolti verranno trattati per le finalit\u00e0 di gestione della pagina web, gestione degli utenti registrati, gestione delle notifiche e gestione dei quesiti e delle comunicazioni.<\/p>\n<p>In ottemperanza alla LQPD, e ai suoi regolamenti attuativi, Context Traduccions La informa che Lei dispone dei diritti di accesso, rettifica, cancellazione, opposizione, portabilit\u00e0 e limitazione del trattamento riconosciuti dalla normativa sopra richiamata.<\/p>\n<p>Ti informiamo che questo sito raccoglie cookies. Una spiegazione completa di questi pu\u00f2 essere trovata al seguente link.<\/p>\n<p>Per ulteriori informazioni su come trattiamo i dati personali, vedere il seguente <span class=\"tagnamecolor\"><span class=\"tagcolor\">&lt;<\/span>a<span class=\"attributecolor\">href<span class=\"attributevaluecolor\">=&#8221;https:\/\/traduccionscontext.com\/?page_id=1406&#8243;<\/span><\/span><span class=\"tagcolor\">&gt;<\/span><\/span><i>enlla\u00e7<\/i><span class=\"tagnamecolor\"><span class=\"tagcolor\">&lt;<\/span>\/a<\/span><\/p>\n<h3><\/h3>\n<p>&nbsp;<\/p>\n<h3>PROPRIETA&#8217; INTELLETTUALE SUI CONTENUTI<\/h3>\n<p>Tutti gli elementi che compaiono sul WEB, senza limitazioni (fotografie, musica, suoni, animazioni, software, testi, nome a dominio, marchi, informazioni e contenuti raccolti dall&#8217;intero web, ecc.), nonch\u00e9 la struttura, il design grafico e il codice sorgente sono di propriet\u00e0 di Context Traduccions o, ove applicabile, di terzi che ti hanno concesso i corrispondenti diritti di utilizzo, e che l&#8217;utente di questo sito web deve rispettare, e che sono quindi protetti dalle normative sulla propriet\u00e0 intellettuale. Gli atti totali o parziali di riproduzione, pubblicazione, elaborazione informatica, distribuzione, diffusione, trasformazione, compilazione, modifica, distribuzione o comunicazione pubblica del SITO WEB non possono essere effettuati senza il preventivo consenso scritto di Context Traduccions. L&#8217;accesso da parte dell&#8217;utente ai contenuti e servizi del WEB non implica alcun diritto in merito alla sua trasmissione, cessione, utilizzo, alterazione, sfruttamento, riproduzione, distribuzione o comunicazione pubblica, oggetto di propriet\u00e0 intellettuale, senza la preventiva ed espressa autorizzazione espressamente concessi a tal fine da Context Traduccions o dal terzo titolare dei diritti, se applicabile.<\/p>\n<p>Gli utenti del SITO WEB possono fare solo uso privato e personale dei suoi contenuti, ovvero avranno il diritto di visualizzare e fare copie dei contenuti solo per loro uso personale ed esclusivo e dovranno applicare tali diritti sulla base dei principi di cui buona fede e le normative applicabili. L&#8217;uso del WEB o di qualsiasi suo elemento per scopi commerciali o illegali \u00e8 severamente vietato. L&#8217;uso non autorizzato delle informazioni contenute in questo Portale, nonch\u00e9 il danno arrecato ai diritti di propriet\u00e0 intellettuale, pu\u00f2 dar luogo all&#8217;esercizio delle relative azioni legali e, ove applicabili, alle responsabilit\u00e0 derivanti da &#8216;tale esercizio.<\/p>\n<p>&nbsp;<\/p>\n<p>&nbsp;<\/p>\n<h3>IMPEGNI<\/h3>\n<p>Context Traduccions si impegna a non fare pubblicit\u00e0 ingannevole. In tal senso, gli errori formali o numerici che dovessero riscontrarsi nel contenuto delle diverse sezioni del SITO a causa del mantenimento e\/o dell&#8217;incompleto o difettoso aggiornamento delle informazioni contenute in queste sezioni di questa sezione non saranno considerati pubblicit\u00e0 ingannevole .il WEB in conseguenza di quanto menzionato in questa sezione, Context Traduccions si impegna a correggere tale situazione non appena viene a conoscenza dei suddetti errori.<\/p>\n<p>&nbsp;<\/p>\n<p>&nbsp;<\/p>\n<h3>ACCETTAZIONE<\/h3>\n<p>L&#8217;utilizzo del SITO implica l&#8217;espressa e integrale accettazione delle presenti condizioni generali e di tutte le disposizioni contenute nel presente avviso legale nella versione pubblicata al momento dell&#8217;accesso dell&#8217;utente al presente avviso (ad eccezione della privacy policy e cookie policy, che devono essere accettati espressamente e separatamente). Di conseguenza, si raccomanda di leggere questa nota legale ogni volta che si accede al WEB, poich\u00e9 potrebbero essere apportate modifiche ai termini e condizioni generali, fatti salvi eventuali termini e condizioni particolari applicabili a determinati servizi specifici sul WEB.<\/p>\n<h2><\/h2>\n<p>&nbsp;<\/p>\n<h3>NORMATIVA APPLICABILE E FORO COMPETENTE<\/h3>\n<p>Queste condizioni di accesso e utilizzo sono soggette alla legge di Andorra e alla giurisdizione dei suoi tribunali.[\/vc_column_text][\/vc_column][\/vc_row]<\/p>\n","protected":false},"excerpt":{"rendered":"<p>[vc_row][vc_column][\/vc_column][\/vc_row][vc_row][vc_column][vc_empty_space height=&#8221;50px&#8221;][\/vc_column][\/vc_row][vc_row][vc_column][vc_column_text]Il presente avviso legale stabilisce le condizioni generali che disciplinano l&#8217;accesso e l&#8217;utilizzo del sito web https:\/\/traduccionscontext.com, di seguito &#8220;il WEB&#8221;, che \u00e8 di propriet\u00e0 e di propriet\u00e0 di Context Traducciones in Av. Meritxell, 9 4\u00b0 5\u00b0 500 dC Andorra la Vella Principato di Andorra, Principato di Andorra, di seguito \u201cContext Traduccions\u201d. L&#8217;accesso al&hellip;<\/p>\n","protected":false},"author":1,"featured_media":0,"parent":0,"menu_order":0,"comment_status":"closed","ping_status":"closed","template":"","meta":{"footnotes":""},"class_list":["post-1464","page","type-page","status-publish","hentry","description-off"],"_links":{"self":[{"href":"https:\/\/traduccionscontext.com\/it\/wp-json\/wp\/v2\/pages\/1464","targetHints":{"allow":["GET"]}}],"collection":[{"href":"https:\/\/traduccionscontext.com\/it\/wp-json\/wp\/v2\/pages"}],"about":[{"href":"https:\/\/traduccionscontext.com\/it\/wp-json\/wp\/v2\/types\/page"}],"author":[{"embeddable":true,"href":"https:\/\/traduccionscontext.com\/it\/wp-json\/wp\/v2\/users\/1"}],"replies":[{"embeddable":true,"href":"https:\/\/traduccionscontext.com\/it\/wp-json\/wp\/v2\/comments?post=1464"}],"version-history":[{"count":2,"href":"https:\/\/traduccionscontext.com\/it\/wp-json\/wp\/v2\/pages\/1464\/revisions"}],"predecessor-version":[{"id":1468,"href":"https:\/\/traduccionscontext.com\/it\/wp-json\/wp\/v2\/pages\/1464\/revisions\/1468"}],"wp:attachment":[{"href":"https:\/\/traduccionscontext.com\/it\/wp-json\/wp\/v2\/media?parent=1464"}],"curies":[{"name":"wp","href":"https:\/\/api.w.org\/{rel}","templated":true}]}}