{"id":1320,"date":"2022-01-30T14:29:28","date_gmt":"2022-01-30T14:29:28","guid":{"rendered":"https:\/\/traduccionscontext.com\/?page_id=1320"},"modified":"2025-12-16T17:13:02","modified_gmt":"2025-12-16T17:13:02","slug":"home","status":"publish","type":"page","link":"https:\/\/traduccionscontext.com\/pt-pt\/","title":{"rendered":"Home"},"content":{"rendered":"<p>[vc_row][vc_column][vc_empty_space height=&#8221;50&#8243;][\/vc_column][\/vc_row][vc_row][vc_column width=&#8221;1\/2&#8243;]<div id=\"ultimate-heading-232969dac1cf80bcb\" class=\"uvc-heading ult-adjust-bottom-margin ultimate-heading-232969dac1cf80bcb uvc-4877 \" data-hspacer=\"no_spacer\"  data-halign=\"center\" style=\"text-align:center\"><div class=\"uvc-heading-spacer no_spacer\" style=\"top\"><\/div><div class=\"uvc-main-heading ult-responsive\"  data-ultimate-target='.uvc-heading.ultimate-heading-232969dac1cf80bcb h2'  data-responsive-json-new='{\"font-size\":\"desktop:20px;\",\"line-height\":\"\"}' ><h2 style=\"font-family:&#039;Belleza&#039;;--font-weight:theme;\">APRESENTA\u00c7\u00c3O<\/h2><\/div><\/div>[vc_empty_space height=&#8221;60px&#8221;][vc_column_text]<\/p>\n<p style=\"text-align: justify;\">Context Traduccions p\u00f5e a sua disposi\u00e7\u00e3o uma s\u00f3lida equipa de tradutores com mais de vinte anos de experi\u00eancia no setor, experimentados conhecedores da idiossincrasia e do ordenamento jur\u00eddico e administrativo do Principado de Andorra.<\/p>\n<p>&nbsp;<\/p>\n<p style=\"text-align: justify;\">Aplicamos um controle de qualidade estrito em cada uma das nossas tradu\u00e7\u00f5es, oferecendo a melhor rela\u00e7\u00e3o qualidade-pre\u00e7o e garantir a entrega nos prazos estabelecidos.<\/p>\n<p>&nbsp;<\/p>\n<p style=\"text-align: justify;\">Caso desejar solicitar um or\u00e7amento adaptado \u00e0s suas necessidades, n\u00e3o duvide em nos contatar.<\/p>\n<p>&nbsp;<\/p>\n<p style=\"text-align: justify;\">Esperamos que os nossos servi\u00e7os sejam do seu interesse e esperamos contar com voc\u00eas como clientes em breve.<\/p>\n<p>[\/vc_column_text][vc_empty_space height=&#8221;40px&#8221;][\/vc_column][vc_column width=&#8221;1\/2&#8243;][vc_single_image image=&#8221;1772&#8243; img_size=&#8221;500&#215;550&#8243;][\/vc_column][\/vc_row]<\/p>\n","protected":false},"excerpt":{"rendered":"<p>[vc_row][vc_column][vc_empty_space height=&#8221;50&#8243;][\/vc_column][\/vc_row][vc_row][vc_column width=&#8221;1\/2&#8243;][vc_empty_space height=&#8221;60px&#8221;][vc_column_text] Context Traduccions p\u00f5e a sua disposi\u00e7\u00e3o uma s\u00f3lida equipa de tradutores com mais de vinte anos de experi\u00eancia no setor, experimentados conhecedores da idiossincrasia e do ordenamento jur\u00eddico e administrativo do Principado de Andorra. &nbsp; Aplicamos um controle de qualidade estrito em cada uma das nossas tradu\u00e7\u00f5es, oferecendo a melhor rela\u00e7\u00e3o&hellip;<\/p>\n","protected":false},"author":1,"featured_media":0,"parent":0,"menu_order":0,"comment_status":"closed","ping_status":"closed","template":"","meta":{"footnotes":""},"class_list":["post-1320","page","type-page","status-publish","hentry","description-off"],"_links":{"self":[{"href":"https:\/\/traduccionscontext.com\/pt-pt\/wp-json\/wp\/v2\/pages\/1320","targetHints":{"allow":["GET"]}}],"collection":[{"href":"https:\/\/traduccionscontext.com\/pt-pt\/wp-json\/wp\/v2\/pages"}],"about":[{"href":"https:\/\/traduccionscontext.com\/pt-pt\/wp-json\/wp\/v2\/types\/page"}],"author":[{"embeddable":true,"href":"https:\/\/traduccionscontext.com\/pt-pt\/wp-json\/wp\/v2\/users\/1"}],"replies":[{"embeddable":true,"href":"https:\/\/traduccionscontext.com\/pt-pt\/wp-json\/wp\/v2\/comments?post=1320"}],"version-history":[{"count":7,"href":"https:\/\/traduccionscontext.com\/pt-pt\/wp-json\/wp\/v2\/pages\/1320\/revisions"}],"predecessor-version":[{"id":1849,"href":"https:\/\/traduccionscontext.com\/pt-pt\/wp-json\/wp\/v2\/pages\/1320\/revisions\/1849"}],"wp:attachment":[{"href":"https:\/\/traduccionscontext.com\/pt-pt\/wp-json\/wp\/v2\/media?parent=1320"}],"curies":[{"name":"wp","href":"https:\/\/api.w.org\/{rel}","templated":true}]}}