{"id":1340,"date":"2022-01-30T14:57:58","date_gmt":"2022-01-30T14:57:58","guid":{"rendered":"https:\/\/traduccionscontext.com\/?page_id=1340"},"modified":"2025-12-16T15:32:29","modified_gmt":"2025-12-16T15:32:29","slug":"servicos","status":"publish","type":"page","link":"https:\/\/traduccionscontext.com\/pt-pt\/servicos\/","title":{"rendered":"Servi\u00e7os"},"content":{"rendered":"<p>[vc_row][vc_column][vc_empty_space height=&#8221;50px&#8221;][\/vc_column][\/vc_row][vc_row][vc_column]<div id=\"ultimate-heading-167769ede0aad348a\" class=\"uvc-heading ult-adjust-bottom-margin ultimate-heading-167769ede0aad348a uvc-1059  uvc-heading-default-font-sizes\" data-hspacer=\"no_spacer\"  data-halign=\"center\" style=\"text-align:center\"><div class=\"uvc-heading-spacer no_spacer\" style=\"top\"><\/div><div class=\"uvc-main-heading ult-responsive\"  data-ultimate-target='.uvc-heading.ultimate-heading-167769ede0aad348a h2'  data-responsive-json-new='{\"font-size\":\"\",\"line-height\":\"\"}' ><h2 style=\"font-family:&#039;Belleza&#039;;--font-weight:theme;\">SERVI\u00c7OS<\/h2><\/div><\/div>[vc_empty_space height=&#8221;40px&#8221;][\/vc_column][\/vc_row][vc_row][vc_column width=&#8221;1\/2&#8243;][vc_single_image image=&#8221;1789&#8243; img_size=&#8221;500&#215;500&#8243; alignment=&#8221;center&#8221;][\/vc_column][vc_column width=&#8221;1\/2&#8243;][vc_column_text]<\/p>\n<p style=\"text-align: justify;\">Context Traduccions \u00e9 uma ag\u00eancia de tradu\u00e7\u00e3o criada em 2012 com uma equipa com mais de vinte anos de experi\u00eancia no Principado de Andorra. Os nossos tradutores especializados oferecem um tratamento personalizado adaptado \u00e0s suas necessidades, e garantimos em todo momento a melhor qualidade nas nossas tradu\u00e7\u00f5es, transpar\u00eancia, agilidade e plena confidencialidade.<\/p>\n<p>&nbsp;<\/p>\n<p style=\"text-align: justify;\">Aportamos uma resposta r\u00e1pida e profissional a qualquer tipo de pedido, especialmente no setor jur\u00eddico, oficial, empresarial, t\u00e9cnico, inform\u00e1tico e de novas tecnologias, entre outras.<\/p>\n<p>&nbsp;<\/p>\n<p style=\"text-align: justify;\">Os nossos servi\u00e7os s\u00e3o os seguintes: a legaliza\u00e7\u00e3o das tradu\u00e7\u00f5es juramentadas oficiais (legitima\u00e7\u00e3o notarial e postilas ou legaliza\u00e7\u00f5es) inclusive a gest\u00e3o de recolher e a entrega \u00e0 domicilio os documentos (Andorra la Vella e Escaldes-Engordany) ou por via eletr\u00f4nica. Do mesmo modo, oferecemos-lhe um servi\u00e7o de corre\u00e7\u00e3o de textos (ortotipogr\u00e1fica, gramatical e de estilo) das suas produ\u00e7\u00f5es produ\u00e7\u00f5es.<\/p>\n<p>[\/vc_column_text][\/vc_column][\/vc_row][vc_row][vc_column][vc_empty_space height=&#8221;40px&#8221;][\/vc_column][\/vc_row][vc_row][vc_column width=&#8221;1\/3&#8243;]<div class=\"flip-box-wrap\" style=\"\"><div class=\"flip-box ifb-custom-height  horizontal_flip_left flip-box-custom-height flip-ifb-custom-height\" data-animation=\"\" data-animation-delay=\"03\" style=\"\"  data-min-height='300px'><div class=\"ifb-flip-box\" id=\"flip-box-wrap-2088\"><div class=\"ifb-face ifb-front \" style=\"color:#ffffff;color:#bfbfbf;background:#891b13; border-style: solid;border-width: 2px; border-color:#891b13; \">\n\t\t\t\t\t\t\t<div class=\"ifb-flip-box-section \">\n\t\t\t\t\t\t\t<div class=\"flip-box-icon\"><div class=\"ult-just-icon-wrapper  \"><div class=\"align-icon\" style=\"text-align:center;\">\n<div class=\"aio-icon none \"  style=\"color:#ffffff;font-size:32px;display:inline-block;\">\n\t<i class=\"icomoon-font-awesome-14x14-balance-scale\"><\/i>\n<\/div><\/div><\/div><\/div><h3 class=\"ult-responsive flipbox_heading\"  data-ultimate-target='#flip-box-wrap-2088 .ult-responsive.flipbox_heading'  data-responsive-json-new='{\"font-size\":\"\",\"line-height\":\"\"}'  style=\"color:#ffffff; font-family:&#039;Belleza&#039;;\">TRADU\u00c7\u00d5ES JURAMENTADAS Y OFICIAIS<\/h3><div class=\"ifb-flip-box-section-content ult-responsive\"  data-ultimate-target='#flip-box-wrap-2088 .ifb-flip-box-section-content.ult-responsive'  data-responsive-json-new='{\"font-size\":\"\",\"line-height\":\"\"}'  style=\"font-family:&#039;Belleza&#039;;color:#ffffff;color:#bfbfbf;\"><p>Tradu\u00e7\u00f5es realizadas, certificadas e assinadas por um tradutor juramentado acreditado pelo Minist\u00e9rio de Justi\u00e7a e Interior do Governo de Andorra.<\/p><\/div><\/div><\/div><!-- END .front -->\n\t\t\t\t\t\t<div class=\"ifb-face ifb-back\" style=\"color:#333333;background:#efefef; border-style: solid;border-width: 2px; border-color:#a4a4a4; \">\n\t\t\t\t\t\t\t<div class=\"ifb-flip-box-section \"><div class=\"ifb-flip-box-section-content ult-responsive\"  data-ultimate-target='#flip-box-wrap-2088 .ifb-flip-box-section-content.ult-responsive'  data-responsive-json-new='{\"font-size\":\"\",\"line-height\":\"\"}'  style=\"font-family:&#039;Belleza&#039;;color:#333333;\"><p><b>TIPOS DE DOCUMENTOS<\/b><\/p>\n<p>- Certid\u00f5es de casamento<br \/>\n- Certid\u00f5es de nascimento<br \/>\n- Registros Criminais<br \/>\n- Senten\u00e7as e Acord\u00f5es<br \/>\n- T\u00edtulos acad\u00eamicos<br \/>\n- Declara\u00e7\u00f5es<br \/>\n- Actas<br \/>\n- Outros<\/p><\/div><\/div><\/div><!-- END .back --><\/div> <!-- ifb-flip-box --><\/div> <!-- flip-box --><\/div><!-- End icon block -->[\/vc_column][vc_column width=&#8221;1\/3&#8243;]<div class=\"flip-box-wrap\" style=\"\"><div class=\"flip-box ifb-custom-height  horizontal_flip_left flip-box-custom-height flip-ifb-custom-height\" data-animation=\"\" data-animation-delay=\"03\" style=\"\"  data-min-height='300px'><div class=\"ifb-flip-box\" id=\"flip-box-wrap-5670\"><div class=\"ifb-face ifb-front \" style=\"color:#ffffff;color:#bfbfbf;background:#891b13; border-style: solid;border-width: 2px; border-color:#a4a4a4; \">\n\t\t\t\t\t\t\t<div class=\"ifb-flip-box-section \">\n\t\t\t\t\t\t\t<div class=\"flip-box-icon\"><div class=\"ult-just-icon-wrapper  \"><div class=\"align-icon\" style=\"text-align:center;\">\n<div class=\"aio-icon none \"  style=\"color:#ffffff;font-size:32px;display:inline-block;\">\n\t<i class=\"icomoon-font-awesome-14x14-briefcase\"><\/i>\n<\/div><\/div><\/div><\/div><h3 class=\"ult-responsive flipbox_heading\"  data-ultimate-target='#flip-box-wrap-5670 .ult-responsive.flipbox_heading'  data-responsive-json-new='{\"font-size\":\"\",\"line-height\":\"\"}'  style=\"color:#ffffff; font-family:&#039;Belleza&#039;;\">TRADU\u00c7\u00d5ES PROFISSIONAIS<\/h3><div class=\"ifb-flip-box-section-content ult-responsive\"  data-ultimate-target='#flip-box-wrap-5670 .ifb-flip-box-section-content.ult-responsive'  data-responsive-json-new='{\"font-size\":\"\",\"line-height\":\"\"}'  style=\"font-family:&#039;Belleza&#039;;color:#ffffff;color:#bfbfbf;\"><p>Tradu\u00e7\u00e3o de textos gerais e especializados realizados por tradutores profissionais e nativos com experi\u00eancia.<\/p><\/div><\/div><\/div><!-- END .front -->\n\t\t\t\t\t\t<div class=\"ifb-face ifb-back\" style=\"color:#333333;background:#efefef; border-style: solid;border-width: 2px; border-color:#a4a4a4; \">\n\t\t\t\t\t\t\t<div class=\"ifb-flip-box-section \"><div class=\"ifb-flip-box-section-content ult-responsive\"  data-ultimate-target='#flip-box-wrap-5670 .ifb-flip-box-section-content.ult-responsive'  data-responsive-json-new='{\"font-size\":\"\",\"line-height\":\"\"}'  style=\"font-family:&#039;Belleza&#039;;color:#333333;\"><p><b>\u00c2MBITOS<\/b><\/p>\n<p>- Cient\u00edfico e t\u00e9cnico<br \/>\n- Jur\u00eddico<br \/>\n- Econ\u00f3mico<br \/>\n- Comercial<br \/>\n- Publicit\u00e1rio e tur\u00edstico<br \/>\n- Liter\u00e1rio<br \/>\n- Sites<br \/>\n- Outros<\/p><\/div><\/div><\/div><!-- END .back --><\/div> <!-- ifb-flip-box --><\/div> <!-- flip-box --><\/div><!-- End icon block -->[\/vc_column][vc_column width=&#8221;1\/3&#8243;]<div class=\"flip-box-wrap\" style=\"\"><div class=\"flip-box ifb-custom-height  horizontal_flip_left flip-box-custom-height flip-ifb-custom-height\" data-animation=\"\" data-animation-delay=\"03\" style=\"\"  data-min-height='300px'><div class=\"ifb-flip-box\" id=\"flip-box-wrap-3765\"><div class=\"ifb-face ifb-front \" style=\"color:#ffffff;color:#bfbfbf;background:#891b13; border-style: solid;border-width: 2px; border-color:#a4a4a4; \">\n\t\t\t\t\t\t\t<div class=\"ifb-flip-box-section \">\n\t\t\t\t\t\t\t<div class=\"flip-box-icon\"><div class=\"ult-just-icon-wrapper  \"><div class=\"align-icon\" style=\"text-align:center;\">\n<div class=\"aio-icon none \"  style=\"color:#ffffff;font-size:32px;display:inline-block;\">\n\t<i class=\"icomoon-font-awesome-14x14-pencil\"><\/i>\n<\/div><\/div><\/div><\/div><h3 class=\"ult-responsive flipbox_heading\"  data-ultimate-target='#flip-box-wrap-3765 .ult-responsive.flipbox_heading'  data-responsive-json-new='{\"font-size\":\"\",\"line-height\":\"\"}'  style=\"color:#ffffff; font-family:&#039;Belleza&#039;;\">CORE\u00c7\u00d5ES E REVIS\u00d5ES<\/h3><div class=\"ifb-flip-box-section-content ult-responsive\"  data-ultimate-target='#flip-box-wrap-3765 .ifb-flip-box-section-content.ult-responsive'  data-responsive-json-new='{\"font-size\":\"\",\"line-height\":\"\"}'  style=\"font-family:&#039;Belleza&#039;;color:#ffffff;color:#bfbfbf;\"><p>Servi\u00e7o de corre\u00e7\u00e3o e revis\u00e3o de textos de corretores e tradutores nativos especializados e com experi\u00eancia.<\/p><\/div><\/div><\/div><!-- END .front -->\n\t\t\t\t\t\t<div class=\"ifb-face ifb-back\" style=\"color:#333333;background:#efefef; border-style: solid;border-width: 2px; border-color:#a4a4a4; \">\n\t\t\t\t\t\t\t<div class=\"ifb-flip-box-section \"><div class=\"ifb-flip-box-section-content ult-responsive\"  data-ultimate-target='#flip-box-wrap-3765 .ifb-flip-box-section-content.ult-responsive'  data-responsive-json-new='{\"font-size\":\"\",\"line-height\":\"\"}'  style=\"font-family:&#039;Belleza&#039;;color:#333333;\"><p><b>\u00c2MBITOS<\/b><\/p>\n<p>- Cient\u00edfico e t\u00e9cnico<br \/>\n- Jur\u00eddico<br \/>\n- Econ\u00f4mico<br \/>\n- Comercial<br \/>\n- Publicit\u00e1rio e tur\u00edstico<br \/>\n- Liter\u00e1rio<br \/>\n- Sites web<br \/>\n- Outros<\/p><\/div><\/div><\/div><!-- END .back --><\/div> <!-- ifb-flip-box --><\/div> <!-- flip-box --><\/div><!-- End icon block -->[\/vc_column][\/vc_row][vc_row][vc_column width=&#8221;1\/3&#8243;]<div class=\"flip-box-wrap\" style=\"\"><div class=\"flip-box ifb-custom-height  horizontal_flip_left flip-box-custom-height flip-ifb-custom-height\" data-animation=\"\" data-animation-delay=\"03\" style=\"\"  data-min-height='300px'><div class=\"ifb-flip-box\" id=\"flip-box-wrap-8125\"><div class=\"ifb-face ifb-front \" style=\"color:#ffffff;color:#bfbfbf;background:#891b13; border-style: solid;border-width: 2px; border-color:#a4a4a4; \">\n\t\t\t\t\t\t\t<div class=\"ifb-flip-box-section \">\n\t\t\t\t\t\t\t<div class=\"flip-box-icon\"><div class=\"ult-just-icon-wrapper  \"><div class=\"align-icon\" style=\"text-align:center;\">\n<div class=\"aio-icon none \"  style=\"color:#ffffff;font-size:32px;display:inline-block;\">\n\t<i class=\"icomoon-font-awesome-14x14-comments\"><\/i>\n<\/div><\/div><\/div><\/div><h3 class=\"ult-responsive flipbox_heading\"  data-ultimate-target='#flip-box-wrap-8125 .ult-responsive.flipbox_heading'  data-responsive-json-new='{\"font-size\":\"\",\"line-height\":\"\"}'  style=\"color:#ffffff; font-family:&#039;Belleza&#039;;\">INTERPRETA\u00c7\u00d5ES<\/h3><div class=\"ifb-flip-box-section-content ult-responsive\"  data-ultimate-target='#flip-box-wrap-8125 .ifb-flip-box-section-content.ult-responsive'  data-responsive-json-new='{\"font-size\":\"\",\"line-height\":\"\"}'  style=\"font-family:&#039;Belleza&#039;;color:#ffffff;color:#bfbfbf;\"><p>Servi\u00e7os de interpreta\u00e7\u00e3o para qualquer tipo de evento. Oferecemos uma boa presen\u00e7a, discri\u00e7\u00e3o e a m\u00e1xima confidencialidade.<\/p><\/div><\/div><\/div><!-- END .front -->\n\t\t\t\t\t\t<div class=\"ifb-face ifb-back\" style=\"color:#333333;background:#efefef; border-style: solid;border-width: 2px; border-color:#a4a4a4; \">\n\t\t\t\t\t\t\t<div class=\"ifb-flip-box-section \"><div class=\"ifb-flip-box-section-content ult-responsive\"  data-ultimate-target='#flip-box-wrap-8125 .ifb-flip-box-section-content.ult-responsive'  data-responsive-json-new='{\"font-size\":\"\",\"line-height\":\"\"}'  style=\"font-family:&#039;Belleza&#039;;color:#333333;\"><p><b>SERVI\u00c7OS<\/b><\/p>\n<p>- Interpreta\u00e7\u00e3o consecutiva<br \/>\n- Interpreta\u00e7\u00e3o simult\u00e2nea<br \/>\n- Interpreta\u00e7\u00e3o sussurrada (chuchotage)<\/p><\/div><\/div><\/div><!-- END .back --><\/div> <!-- ifb-flip-box --><\/div> <!-- flip-box --><\/div><!-- End icon block -->[\/vc_column][vc_column width=&#8221;1\/3&#8243;]<div class=\"flip-box-wrap\" style=\"\"><div class=\"flip-box ifb-custom-height  horizontal_flip_left flip-box-custom-height flip-ifb-custom-height\" data-animation=\"\" data-animation-delay=\"03\" style=\"\"  data-min-height='300px'><div class=\"ifb-flip-box\" id=\"flip-box-wrap-3421\"><div class=\"ifb-face ifb-front \" style=\"color:#ffffff;color:#bfbfbf;background:#891b13; border-style: solid;border-width: 2px; border-color:#a4a4a4; \">\n\t\t\t\t\t\t\t<div class=\"ifb-flip-box-section \">\n\t\t\t\t\t\t\t<div class=\"flip-box-icon\"><div class=\"ult-just-icon-wrapper  \"><div class=\"align-icon\" style=\"text-align:center;\">\n<div class=\"aio-icon none \"  style=\"color:#ffffff;font-size:32px;display:inline-block;\">\n\t<i class=\"icomoon-font-awesome-14x14-copyright\"><\/i>\n<\/div><\/div><\/div><\/div><h3 class=\"ult-responsive flipbox_heading\"  data-ultimate-target='#flip-box-wrap-3421 .ult-responsive.flipbox_heading'  data-responsive-json-new='{\"font-size\":\"\",\"line-height\":\"\"}'  style=\"color:#ffffff; font-family:&#039;Belleza&#039;;\">TRANSCRI\u00c7\u00c3O E LEGENDAGEM<\/h3><div class=\"ifb-flip-box-section-content ult-responsive\"  data-ultimate-target='#flip-box-wrap-3421 .ifb-flip-box-section-content.ult-responsive'  data-responsive-json-new='{\"font-size\":\"\",\"line-height\":\"\"}'  style=\"font-family:&#039;Belleza&#039;;color:#ffffff;color:#bfbfbf;\"><p>Servi\u00e7o de transcri\u00e7\u00e3o e legendagem audiovisual de qualquer tem\u00e1tica e para qualquer tipo de conte\u00fado.<\/p><\/div><\/div><\/div><!-- END .front -->\n\t\t\t\t\t\t<div class=\"ifb-face ifb-back\" style=\"color:#333333;background:#efefef; border-style: solid;border-width: 2px; border-color:#a4a4a4; \">\n\t\t\t\t\t\t\t<div class=\"ifb-flip-box-section \"><div class=\"ifb-flip-box-section-content ult-responsive\"  data-ultimate-target='#flip-box-wrap-3421 .ifb-flip-box-section-content.ult-responsive'  data-responsive-json-new='{\"font-size\":\"\",\"line-height\":\"\"}'  style=\"font-family:&#039;Belleza&#039;;color:#333333;\"><p><b>FORMATOS<\/b><\/p>\n<p>- V\u00eddeos<br \/>\n- \u00c0udios<br \/>\n- Livros eletr\u00f4nicos (e-books)<br \/>\n- Publicidade<br \/>\n- Apresenta\u00e7\u00f5es<br \/>\n- Outros<\/p><\/div><\/div><\/div><!-- END .back --><\/div> <!-- ifb-flip-box --><\/div> <!-- flip-box --><\/div><!-- End icon block -->[\/vc_column][vc_column width=&#8221;1\/3&#8243;]<div class=\"flip-box-wrap\" style=\"\"><div class=\"flip-box ifb-custom-height  horizontal_flip_left flip-box-custom-height flip-ifb-custom-height\" data-animation=\"\" data-animation-delay=\"03\" style=\"\"  data-min-height='300px'><div class=\"ifb-flip-box\" id=\"flip-box-wrap-8602\"><div class=\"ifb-face ifb-front \" style=\"color:#ffffff;color:#bfbfbf;background:#891b13; border-style: solid;border-width: 2px; border-color:#a4a4a4; \">\n\t\t\t\t\t\t\t<div class=\"ifb-flip-box-section \">\n\t\t\t\t\t\t\t<div class=\"flip-box-icon\"><div class=\"ult-just-icon-wrapper  \"><div class=\"align-icon\" style=\"text-align:center;\">\n<div class=\"aio-icon none \"  style=\"color:#ffffff;font-size:32px;display:inline-block;\">\n\t<i class=\"icomoon-font-awesome-14x14-file-text\"><\/i>\n<\/div><\/div><\/div><\/div><h3 class=\"ult-responsive flipbox_heading\"  data-ultimate-target='#flip-box-wrap-8602 .ult-responsive.flipbox_heading'  data-responsive-json-new='{\"font-size\":\"\",\"line-height\":\"\"}'  style=\"color:#ffffff; font-family:&#039;Belleza&#039;;\">MAQUETAC\u00c3O<\/h3><div class=\"ifb-flip-box-section-content ult-responsive\"  data-ultimate-target='#flip-box-wrap-8602 .ifb-flip-box-section-content.ult-responsive'  data-responsive-json-new='{\"font-size\":\"\",\"line-height\":\"\"}'  style=\"font-family:&#039;Belleza&#039;;color:#ffffff;color:#bfbfbf;\"><p>Servi\u00e7os adicional em textos que requerem um certo formato de maqueta\u00e7\u00e3o, adaptado a cada formato.<\/p><\/div><\/div><\/div><!-- END .front -->\n\t\t\t\t\t\t<div class=\"ifb-face ifb-back\" style=\"color:#333333;background:#efefef; border-style: solid;border-width: 2px; border-color:#a4a4a4; \">\n\t\t\t\t\t\t\t<div class=\"ifb-flip-box-section \"><div class=\"ifb-flip-box-section-content ult-responsive\"  data-ultimate-target='#flip-box-wrap-8602 .ifb-flip-box-section-content.ult-responsive'  data-responsive-json-new='{\"font-size\":\"\",\"line-height\":\"\"}'  style=\"font-family:&#039;Belleza&#039;;color:#333333;\"><p><b>FORMATOS<\/b><\/p>\n<p>- Relat\u00f3rios<br \/>\n- Apresenta\u00e7\u00f5es<br \/>\n- Etiquetas<br \/>\n- Arquivos PDF<br \/>\n- Manuais<br \/>\n- Textos publicit\u00e1rios e tur\u00edsticos<br \/>\n- Documentos liter\u00e1rios<br \/>\n- Outros<\/p><\/div><\/div><\/div><!-- END .back --><\/div> <!-- ifb-flip-box --><\/div> <!-- flip-box --><\/div><!-- End icon block -->[\/vc_column][\/vc_row][vc_row][vc_column][vc_empty_space height=&#8221;40px&#8221;][\/vc_column][\/vc_row][vc_row][vc_column]<div id=\"ultimate-heading-537469ede0aad3e2a\" class=\"uvc-heading ult-adjust-bottom-margin ultimate-heading-537469ede0aad3e2a uvc-518  uvc-heading-default-font-sizes\" data-hspacer=\"no_spacer\"  data-halign=\"center\" style=\"text-align:center\"><div class=\"uvc-heading-spacer no_spacer\" style=\"top\"><\/div><div class=\"uvc-main-heading ult-responsive\"  data-ultimate-target='.uvc-heading.ultimate-heading-537469ede0aad3e2a h2'  data-responsive-json-new='{\"font-size\":\"\",\"line-height\":\"\"}' ><h2 style=\"font-family:&#039;Belleza&#039;;--font-weight:theme;\">IDIOMAS DE TRADU\u00c7\u00c3O<\/h2><\/div><\/div>[vc_empty_space height=&#8221;40px&#8221;][\/vc_column][\/vc_row][vc_row][vc_column width=&#8221;1\/6&#8243;]<div id=\"ultimate-heading-542269ede0aad3e7f\" class=\"uvc-heading ult-adjust-bottom-margin ultimate-heading-542269ede0aad3e7f uvc-1316 \" data-hspacer=\"no_spacer\"  data-halign=\"center\" style=\"text-align:center\"><div class=\"uvc-heading-spacer no_spacer\" style=\"top\"><\/div><div class=\"uvc-main-heading ult-responsive\"  data-ultimate-target='.uvc-heading.ultimate-heading-542269ede0aad3e7f h2'  data-responsive-json-new='{\"font-size\":\"desktop:20px;\",\"line-height\":\"\"}' ><h2 style=\"font-family:&#039;Belleza&#039;;--font-weight:theme;\">Catal\u00e3o<\/h2><\/div><\/div>[vc_empty_space height=&#8221;20px&#8221;][vc_single_image image=&#8221;830&#8243; img_size=&#8221;200&#215;150&#8243; style=&#8221;vc_box_circle_2&#8243;][\/vc_column][vc_column width=&#8221;1\/6&#8243;]<div id=\"ultimate-heading-322269ede0aad3edf\" class=\"uvc-heading ult-adjust-bottom-margin ultimate-heading-322269ede0aad3edf uvc-1623 \" data-hspacer=\"no_spacer\"  data-halign=\"center\" style=\"text-align:center\"><div class=\"uvc-heading-spacer no_spacer\" style=\"top\"><\/div><div class=\"uvc-main-heading ult-responsive\"  data-ultimate-target='.uvc-heading.ultimate-heading-322269ede0aad3edf h2'  data-responsive-json-new='{\"font-size\":\"desktop:20px;\",\"line-height\":\"\"}' ><h2 style=\"font-family:&#039;Belleza&#039;;--font-weight:theme;\">Castelhano<\/h2><\/div><\/div>[vc_empty_space height=&#8221;20px&#8221;][vc_single_image image=&#8221;832&#8243; img_size=&#8221;200&#215;150&#8243; style=&#8221;vc_box_circle_2&#8243;][\/vc_column][vc_column width=&#8221;1\/6&#8243;]<div id=\"ultimate-heading-751869ede0aad3f2d\" class=\"uvc-heading ult-adjust-bottom-margin ultimate-heading-751869ede0aad3f2d uvc-7339 \" data-hspacer=\"no_spacer\"  data-halign=\"center\" style=\"text-align:center\"><div class=\"uvc-heading-spacer no_spacer\" style=\"top\"><\/div><div class=\"uvc-main-heading ult-responsive\"  data-ultimate-target='.uvc-heading.ultimate-heading-751869ede0aad3f2d h2'  data-responsive-json-new='{\"font-size\":\"desktop:20px;\",\"line-height\":\"\"}' ><h2 style=\"font-family:&#039;Belleza&#039;;--font-weight:theme;\">Franc\u00eas<\/h2><\/div><\/div>[vc_empty_space height=&#8221;20px&#8221;][vc_single_image image=&#8221;833&#8243; img_size=&#8221;200&#215;150&#8243; style=&#8221;vc_box_circle_2&#8243;][\/vc_column][vc_column width=&#8221;1\/6&#8243;]<div id=\"ultimate-heading-768769ede0aad3f79\" class=\"uvc-heading ult-adjust-bottom-margin ultimate-heading-768769ede0aad3f79 uvc-7113 \" data-hspacer=\"no_spacer\"  data-halign=\"center\" style=\"text-align:center\"><div class=\"uvc-heading-spacer no_spacer\" style=\"top\"><\/div><div class=\"uvc-main-heading ult-responsive\"  data-ultimate-target='.uvc-heading.ultimate-heading-768769ede0aad3f79 h2'  data-responsive-json-new='{\"font-size\":\"desktop:20px;\",\"line-height\":\"\"}' ><h2 style=\"font-family:&#039;Belleza&#039;;--font-weight:theme;\">Portugu\u00eas<\/h2><\/div><\/div>[vc_empty_space height=&#8221;20px&#8221;][vc_single_image image=&#8221;834&#8243; img_size=&#8221;200&#215;150&#8243; style=&#8221;vc_box_circle_2&#8243;][\/vc_column][vc_column width=&#8221;1\/6&#8243;]<div id=\"ultimate-heading-175469ede0aad3fca\" class=\"uvc-heading ult-adjust-bottom-margin ultimate-heading-175469ede0aad3fca uvc-2895 \" data-hspacer=\"no_spacer\"  data-halign=\"center\" style=\"text-align:center\"><div class=\"uvc-heading-spacer no_spacer\" style=\"top\"><\/div><div class=\"uvc-main-heading ult-responsive\"  data-ultimate-target='.uvc-heading.ultimate-heading-175469ede0aad3fca h2'  data-responsive-json-new='{\"font-size\":\"desktop:20px;\",\"line-height\":\"\"}' ><h2 style=\"font-family:&#039;Belleza&#039;;--font-weight:theme;\">Ingl\u00eas<\/h2><\/div><\/div>[vc_empty_space height=&#8221;20px&#8221;][vc_single_image image=&#8221;835&#8243; img_size=&#8221;200&#215;150&#8243; style=&#8221;vc_box_circle_2&#8243;][\/vc_column][vc_column width=&#8221;1\/6&#8243;]<div id=\"ultimate-heading-971669ede0aad4015\" class=\"uvc-heading ult-adjust-bottom-margin ultimate-heading-971669ede0aad4015 uvc-4738 \" data-hspacer=\"no_spacer\"  data-halign=\"center\" style=\"text-align:center\"><div class=\"uvc-heading-spacer no_spacer\" style=\"top\"><\/div><div class=\"uvc-main-heading ult-responsive\"  data-ultimate-target='.uvc-heading.ultimate-heading-971669ede0aad4015 h2'  data-responsive-json-new='{\"font-size\":\"desktop:20px;\",\"line-height\":\"\"}' ><h2 style=\"font-family:&#039;Belleza&#039;;--font-weight:theme;\">Italiano<\/h2><\/div><\/div>[vc_empty_space height=&#8221;20px&#8221;][vc_single_image image=&#8221;836&#8243; img_size=&#8221;200&#215;150&#8243; style=&#8221;vc_box_circle_2&#8243;][\/vc_column][\/vc_row]<\/p>\n","protected":false},"excerpt":{"rendered":"<p>[vc_row][vc_column][vc_empty_space height=&#8221;50px&#8221;][\/vc_column][\/vc_row][vc_row][vc_column][vc_empty_space height=&#8221;40px&#8221;][\/vc_column][\/vc_row][vc_row][vc_column width=&#8221;1\/2&#8243;][vc_single_image image=&#8221;1789&#8243; img_size=&#8221;500&#215;500&#8243; alignment=&#8221;center&#8221;][\/vc_column][vc_column width=&#8221;1\/2&#8243;][vc_column_text] Context Traduccions \u00e9 uma ag\u00eancia de tradu\u00e7\u00e3o criada em 2012 com uma equipa com mais de vinte anos de experi\u00eancia no Principado de Andorra. Os nossos tradutores especializados oferecem um tratamento personalizado adaptado \u00e0s suas necessidades, e garantimos em todo momento a melhor qualidade nas nossas tradu\u00e7\u00f5es,&hellip;<\/p>\n","protected":false},"author":1,"featured_media":0,"parent":0,"menu_order":0,"comment_status":"closed","ping_status":"closed","template":"","meta":{"footnotes":""},"class_list":["post-1340","page","type-page","status-publish","hentry","description-off"],"_links":{"self":[{"href":"https:\/\/traduccionscontext.com\/pt-pt\/wp-json\/wp\/v2\/pages\/1340","targetHints":{"allow":["GET"]}}],"collection":[{"href":"https:\/\/traduccionscontext.com\/pt-pt\/wp-json\/wp\/v2\/pages"}],"about":[{"href":"https:\/\/traduccionscontext.com\/pt-pt\/wp-json\/wp\/v2\/types\/page"}],"author":[{"embeddable":true,"href":"https:\/\/traduccionscontext.com\/pt-pt\/wp-json\/wp\/v2\/users\/1"}],"replies":[{"embeddable":true,"href":"https:\/\/traduccionscontext.com\/pt-pt\/wp-json\/wp\/v2\/comments?post=1340"}],"version-history":[{"count":12,"href":"https:\/\/traduccionscontext.com\/pt-pt\/wp-json\/wp\/v2\/pages\/1340\/revisions"}],"predecessor-version":[{"id":1815,"href":"https:\/\/traduccionscontext.com\/pt-pt\/wp-json\/wp\/v2\/pages\/1340\/revisions\/1815"}],"wp:attachment":[{"href":"https:\/\/traduccionscontext.com\/pt-pt\/wp-json\/wp\/v2\/media?parent=1340"}],"curies":[{"name":"wp","href":"https:\/\/api.w.org\/{rel}","templated":true}]}}