{"id":1441,"date":"2022-05-17T06:44:11","date_gmt":"2022-05-17T06:44:11","guid":{"rendered":"https:\/\/traduccionscontext.com\/?page_id=1441"},"modified":"2022-10-20T06:15:36","modified_gmt":"2022-10-20T06:15:36","slug":"politica-de-privacidade","status":"publish","type":"page","link":"https:\/\/traduccionscontext.com\/pt-pt\/politica-de-privacidade\/","title":{"rendered":"Pol\u00edtica de Privacidade"},"content":{"rendered":"<p>[vc_row][vc_column]<div id=\"ultimate-heading-486069de5b7ed1f30\" class=\"uvc-heading ult-adjust-bottom-margin ultimate-heading-486069de5b7ed1f30 uvc-4947  uvc-heading-default-font-sizes\" data-hspacer=\"no_spacer\"  data-halign=\"center\" style=\"text-align:center\"><div class=\"uvc-heading-spacer no_spacer\" style=\"top\"><\/div><div class=\"uvc-main-heading ult-responsive\"  data-ultimate-target='.uvc-heading.ultimate-heading-486069de5b7ed1f30 h2'  data-responsive-json-new='{\"font-size\":\"\",\"line-height\":\"\"}' ><h2 style=\"font-family:&#039;Belleza&#039;;--font-weight:theme;\">POL\u00cdTICA DE PRIVACIDADE<\/h2><\/div><\/div>[\/vc_column][\/vc_row][vc_row][vc_column][vc_empty_space height=&#8221;50px&#8221;][\/vc_column][\/vc_row][vc_row][vc_column][vc_column_text]A Context Traduccions est\u00e1 empenhada em proteger a sua privacidade e desenvolver tecnologia que lhe proporcione a experi\u00eancia web mais segura.<\/p>\n<p>Esta declara\u00e7\u00e3o de privacidade \u00e9 v\u00e1lida para o site <a href=\"https:\/\/traduccionscontext.com\/?lang=pt-pt\">https:\/\/traduccionscontext.com<\/a> e regula a coleta e uso de dados.<\/p>\n<p>Ao concordar com as pol\u00edticas de privacidade, voc\u00ea concorda com as pr\u00e1ticas descritas nesta declara\u00e7\u00e3o.<\/p>\n<p>&nbsp;<\/p>\n<h3><strong>Quem \u00e9 respons\u00e1vel pelos dados?<\/strong><\/h3>\n<p>Informamos que quaisquer dados pessoais que voc\u00ea forne\u00e7a atrav\u00e9s deste site ser\u00e3o processados pela Context Traduccions como controladora. Contexto Traducciones \u00e9 a propriet\u00e1ria deste site, empresa domiciliada na Av. Meritxell, 9 4th 5th &#8211; AD500 Andorra la Vella Principado de Andorra e inscrita no Registo Comercial do Principado de Andorra com o n\u00famero de registo fiscal F-165800-D, doravante Contexto Traduccions.<\/p>\n<p>&nbsp;<\/p>\n<h3><strong>Que dados recolhemos?<\/strong><\/h3>\n<p>Em conformidade com os requisitos da Lei 29\/2021, de 28 de outubro, qualificada como Prote\u00e7\u00e3o de Dados Pessoais (doravante, \u201cLQDP\u201d), e com os regulamentos que a desenvolvem, informa-se aos utilizadores deste site que <a href=\"https:\/\/traduccionscontext.com\/?lang=pt-pt\">https:\/\/traduccionescontext.com<\/a> apenas recolher\u00e1 os dados pessoais estritamente necess\u00e1rios para cumprir as finalidades descritas abaixo e que ser\u00e3o tratados com o m\u00e1ximo respeito pelos princ\u00edpios estabelecidos nos regulamentos de prote\u00e7\u00e3o de dados.<\/p>\n<p>&nbsp;<\/p>\n<h3><strong>Coletamos cookies?<\/strong><\/h3>\n<p>Informamos que este website apenas recolhe os cookies de manuten\u00e7\u00e3o necess\u00e1rios ao correto funcionamento do website. Per a l\u2019\u00fas d\u2019altres cookies, necessitarem del vostre consentiment expr\u00e9s per a llur recollida. Para a utiliza\u00e7\u00e3o de outros cookies, necessitamos do seu consentimento expresso para a sua recolha. Voc\u00ea pode saber mais sobre o que s\u00e3o cookies e como os usamos consultando nossa Pol\u00edtica de Cookies.<\/p>\n<p>&nbsp;<\/p>\n<h3><strong>Para que finalidade tratamos os seus dados?<\/strong><\/h3>\n<p>Context Traduccions recolher\u00e1 e tratar\u00e1 os seus dados pessoais de forma a poder gerir o seu pedido de tradu\u00e7\u00e3o, retifica\u00e7\u00e3o ou interpreta\u00e7\u00e3o, bem como realizar toda a documenta\u00e7\u00e3o e\/ou procedimentos necess\u00e1rios ao cumprimento deste pedido.<\/p>\n<p>&nbsp;<\/p>\n<h3><strong>Por quanto tempo meus dados ser\u00e3o mantidos?<\/strong><\/h3>\n<p>Context Traduccions reter\u00e1 seus dados pessoais pelo tempo necess\u00e1rio para os fins descritos acima. Caso a legisla\u00e7\u00e3o obrigue a Context Traduccions a conservar os seus dados pessoais, esta conservar\u00e1 os seus dados pessoais durante este per\u00edodo adicional, mas estes ser\u00e3o bloqueados e s\u00f3 ser\u00e3o tratados para garantir a sua preserva\u00e7\u00e3o. Ap\u00f3s estes prazos, os dados pessoais ser\u00e3o apagados.<\/p>\n<p>&nbsp;<\/p>\n<h3>A quem iremos transmitir os seus dados?<\/h3>\n<p>Como regra geral, seus dados n\u00e3o ser\u00e3o repassados a terceiros, a menos que tenhamos seu consentimento expresso para faz\u00ea-lo.<\/p>\n<p>Para atingir as finalidades acima mencionadas, e apenas quando necess\u00e1rio, os seus dados pessoais podem ser transmitidos para:<\/p>\n<ol>\n<li>Os respons\u00e1veis pelo tratamento de dados da Context Traduccions que devem tratar os seus dados pessoais em rela\u00e7\u00e3o \u00e0 finalidade em quest\u00e3o, que realizar\u00e3o de acordo com as instru\u00e7\u00f5es desta entidade e de acordo com a sua pol\u00edtica de privacidade e quaisquer medidas de seguran\u00e7a e confidencialidade adequadas para estabelecer a Context Traduccions.<\/li>\n<li>Administra\u00e7\u00f5es p\u00fablicas competentes, nos casos previstos na lei e para os fins nela definidos.<\/li>\n<\/ol>\n<p>&nbsp;<\/p>\n<h3>Transferiremos os seus dados para pa\u00edses fora de Andorra?<\/h3>\n<p>Como regra geral, seus dados coletados aqui n\u00e3o ser\u00e3o transferidos para fora de Andorra. No entanto, em casos de coopera\u00e7\u00e3o internacional com outras autoridades de prote\u00e7\u00e3o de dados, solicitaremos seu consentimento para tais transfer\u00eancias quando a base leg\u00edtima para o processamento for seu consentimento.<\/p>\n<p>&nbsp;<\/p>\n<h3>Que direitos voc\u00ea tem?<\/h3>\n<p>Em conformidade com a LQPD e seus regulamentos de implementa\u00e7\u00e3o, a Context Traduccions informa que voc\u00ea tem os direitos de acesso, retifica\u00e7\u00e3o, limita\u00e7\u00e3o, portabilidade, exclus\u00e3o e oposi\u00e7\u00e3o de seus dados pessoais, reconhecidos nos regulamentos mencionados. Para exerc\u00ea-los, deve enviar um e-mail para contexttraduccions@gmail.com, ao qual deve anexar uma c\u00f3pia do seu passaporte ou outro documento de identidade nacional.<\/p>\n<p>Em caso de viola\u00e7\u00e3o dos seus direitos, especialmente quando n\u00e3o obteve satisfa\u00e7\u00e3o no seu exerc\u00edcio, pode apresentar uma reclama\u00e7\u00e3o junto da Ag\u00eancia de Prote\u00e7\u00e3o de Dados de Andorra. Voc\u00ea tamb\u00e9m pode saber mais sobre seus direitos entrando em contato com esta organiza\u00e7\u00e3o.<\/p>\n<p>&nbsp;<\/p>\n<h3>Posso retirar o meu consentimento?<\/h3>\n<p>Qualquer tratamento baseado no seu consentimento pode ser retirado a qualquer momento sem preju\u00edzo da legalidade do tratamento baseado no consentimento anterior \u00e0 sua retirada. Nesses casos, a Context Traduccions deixar\u00e1 de processar os dados pessoais ou, se necess\u00e1rio, deixar\u00e1 de process\u00e1-los para esse fim espec\u00edfico, salvo por motivos leg\u00edtimos imperiosos, ou o exerc\u00edcio ou defesa de poss\u00edveis reclama\u00e7\u00f5es.<\/p>\n<p>&nbsp;<\/p>\n<h3>Quais medidas de seguran\u00e7a usaremos para proteger seus dados?<\/h3>\n<p>Contexto Traduccions garante que o tratamento dos seus dados pessoais est\u00e1 sujeito ao mais estrito dever de confidencialidade, e que foram estabelecidas as medidas necess\u00e1rias, tanto t\u00e9cnicas como organizativas, para garantir a seguran\u00e7a dos seus dados pessoais e evitar a sua altera\u00e7\u00e3o, uso indevido, perda , roubo e tratamento e\/ou acesso n\u00e3o autorizado.<\/p>\n<p>&nbsp;<\/p>\n<h3>Poss\u00edveis mudan\u00e7as na pol\u00edtica de privacidade?<\/h3>\n<p>Esta pol\u00edtica de privacidade est\u00e1 sujeita a altera\u00e7\u00f5es a qualquer momento de acordo com a lei aplic\u00e1vel. Em qualquer caso, quaisquer altera\u00e7\u00f5es a esta Pol\u00edtica de Privacidade ser\u00e3o devidamente notificadas para que voc\u00ea seja informado das altera\u00e7\u00f5es efetuadas e possa dar o seu consentimento expresso para tais altera\u00e7\u00f5es.[\/vc_column_text][\/vc_column][\/vc_row]<\/p>\n","protected":false},"excerpt":{"rendered":"<p>[vc_row][vc_column][\/vc_column][\/vc_row][vc_row][vc_column][vc_empty_space height=&#8221;50px&#8221;][\/vc_column][\/vc_row][vc_row][vc_column][vc_column_text]A Context Traduccions est\u00e1 empenhada em proteger a sua privacidade e desenvolver tecnologia que lhe proporcione a experi\u00eancia web mais segura. Esta declara\u00e7\u00e3o de privacidade \u00e9 v\u00e1lida para o site https:\/\/traduccionscontext.com e regula a coleta e uso de dados. Ao concordar com as pol\u00edticas de privacidade, voc\u00ea concorda com as pr\u00e1ticas descritas nesta declara\u00e7\u00e3o.&hellip;<\/p>\n","protected":false},"author":1,"featured_media":0,"parent":0,"menu_order":0,"comment_status":"closed","ping_status":"closed","template":"","meta":{"footnotes":""},"class_list":["post-1441","page","type-page","status-publish","hentry","description-off"],"_links":{"self":[{"href":"https:\/\/traduccionscontext.com\/pt-pt\/wp-json\/wp\/v2\/pages\/1441","targetHints":{"allow":["GET"]}}],"collection":[{"href":"https:\/\/traduccionscontext.com\/pt-pt\/wp-json\/wp\/v2\/pages"}],"about":[{"href":"https:\/\/traduccionscontext.com\/pt-pt\/wp-json\/wp\/v2\/types\/page"}],"author":[{"embeddable":true,"href":"https:\/\/traduccionscontext.com\/pt-pt\/wp-json\/wp\/v2\/users\/1"}],"replies":[{"embeddable":true,"href":"https:\/\/traduccionscontext.com\/pt-pt\/wp-json\/wp\/v2\/comments?post=1441"}],"version-history":[{"count":3,"href":"https:\/\/traduccionscontext.com\/pt-pt\/wp-json\/wp\/v2\/pages\/1441\/revisions"}],"predecessor-version":[{"id":1490,"href":"https:\/\/traduccionscontext.com\/pt-pt\/wp-json\/wp\/v2\/pages\/1441\/revisions\/1490"}],"wp:attachment":[{"href":"https:\/\/traduccionscontext.com\/pt-pt\/wp-json\/wp\/v2\/media?parent=1441"}],"curies":[{"name":"wp","href":"https:\/\/api.w.org\/{rel}","templated":true}]}}