{"id":1722,"date":"2024-09-10T15:58:25","date_gmt":"2024-09-10T15:58:25","guid":{"rendered":"https:\/\/traduccionscontext.com\/opcoes-de-entrega\/"},"modified":"2024-09-13T11:42:11","modified_gmt":"2024-09-13T11:42:11","slug":"opcoes-de-entrega","status":"publish","type":"page","link":"https:\/\/traduccionscontext.com\/pt-pt\/opcoes-de-entrega\/","title":{"rendered":"Op\u00e7\u00f5es de entrega"},"content":{"rendered":"<p>[vc_row][vc_column][vc_empty_space height=&#8221;50px&#8221;][\/vc_column][\/vc_row][vc_row][vc_column]<div id=\"ultimate-heading-839169ebbfebae657\" class=\"uvc-heading ult-adjust-bottom-margin ultimate-heading-839169ebbfebae657 uvc-447 \" data-hspacer=\"no_spacer\"  data-halign=\"center\" style=\"text-align:center\"><div class=\"uvc-heading-spacer no_spacer\" style=\"top\"><\/div><div class=\"uvc-main-heading ult-responsive\"  data-ultimate-target='.uvc-heading.ultimate-heading-839169ebbfebae657 h2'  data-responsive-json-new='{\"font-size\":\"desktop:20px;\",\"line-height\":\"\"}' ><h2 style=\"font-family:&#039;Belleza&#039;;--font-weight:theme;\">OP\u00c7\u00d5ES DE ENTREGA<\/h2><\/div><\/div>[\/vc_column][\/vc_row][vc_row][vc_column][vc_empty_space height=&#8221;50px&#8221;][\/vc_column][\/vc_row][vc_row][vc_column][vc_column_text]<\/p>\n<p style=\"text-align: center;\">Oferecemos diferentes op\u00e7\u00f5es para receber as suas tradu\u00e7\u00f5es juramentadas da forma que melhor se adaptar \u00e0s suas necessidades:<\/p>\n<p>[\/vc_column_text][\/vc_column][\/vc_row][vc_row][vc_column][vc_empty_space height=&#8221;50px&#8221;][\/vc_column][\/vc_row][vc_row][vc_column width=&#8221;1\/4&#8243;][vc_empty_space height=&#8221;20px&#8221;][vc_icon icon_fontawesome=&#8221;fas fa-tv&#8221; color=&#8221;custom&#8221; size=&#8221;xl&#8221; align=&#8221;center&#8221; custom_color=&#8221;#891b13&#8243;][\/vc_column][vc_column width=&#8221;3\/4&#8243;][vc_column_text]<\/p>\n<h4 style=\"text-align: left;\"><strong>Por via digital:<\/strong><\/h4>\n<p style=\"text-align: justify;\">Receba a sua tradu\u00e7\u00e3o com a assinatura digital do tradutor diretamente por e-mail. \u00c9 a op\u00e7\u00e3o mais r\u00e1pida e pr\u00e1tica, ideal para envios urgentes ou para obter um formato digital de forma r\u00e1pida e segura.<\/p>\n<p>[\/vc_column_text][\/vc_column][\/vc_row][vc_row][vc_column][vc_empty_space height=&#8221;50px&#8221;][\/vc_column][\/vc_row][vc_row][vc_column width=&#8221;1\/4&#8243;][vc_empty_space height=&#8221;20px&#8221;][vc_icon icon_fontawesome=&#8221;fas fa-user&#8221; color=&#8221;custom&#8221; size=&#8221;xl&#8221; align=&#8221;center&#8221; custom_color=&#8221;#891b13&#8243;][\/vc_column][vc_column width=&#8221;3\/4&#8243;][vc_column_text]<\/p>\n<h4 style=\"text-align: left;\"><strong>Presencial:<\/strong><\/h4>\n<p style=\"text-align: justify;\">Se preferir recolher a sua tradu\u00e7\u00e3o pessoalmente, pode visitar os nossos escrit\u00f3rios. Certifique-se de que lhe confirm\u00e1mos que o documento estar\u00e1 pronto para entregar.<\/p>\n<p>[\/vc_column_text][\/vc_column][\/vc_row][vc_row][vc_column][vc_empty_space height=&#8221;50px&#8221;][\/vc_column][\/vc_row][vc_row][vc_column width=&#8221;1\/4&#8243;][vc_empty_space height=&#8221;10px&#8221;][vc_icon icon_fontawesome=&#8221;fas fa-envelope&#8221; color=&#8221;custom&#8221; size=&#8221;xl&#8221; align=&#8221;center&#8221; custom_color=&#8221;#891b13&#8243;][\/vc_column][vc_column width=&#8221;3\/4&#8243;][vc_column_text]<\/p>\n<h4 style=\"text-align: left;\"><strong>Por servi\u00e7o de correio:<\/strong><\/h4>\n<p style=\"text-align: justify;\">Se precisar da tradu\u00e7\u00e3o em formato papel, oferecemos um servi\u00e7o de entrega por correio para o endere\u00e7o da sua escolha.<\/p>\n<p>[\/vc_column_text][\/vc_column][\/vc_row]<\/p>\n","protected":false},"excerpt":{"rendered":"<p>[vc_row][vc_column][vc_empty_space height=&#8221;50px&#8221;][\/vc_column][\/vc_row][vc_row][vc_column][\/vc_column][\/vc_row][vc_row][vc_column][vc_empty_space height=&#8221;50px&#8221;][\/vc_column][\/vc_row][vc_row][vc_column][vc_column_text] Oferecemos diferentes op\u00e7\u00f5es para receber as suas tradu\u00e7\u00f5es juramentadas da forma que melhor se adaptar \u00e0s suas necessidades: [\/vc_column_text][\/vc_column][\/vc_row][vc_row][vc_column][vc_empty_space height=&#8221;50px&#8221;][\/vc_column][\/vc_row][vc_row][vc_column width=&#8221;1\/4&#8243;][vc_empty_space height=&#8221;20px&#8221;][vc_icon icon_fontawesome=&#8221;fas fa-tv&#8221; color=&#8221;custom&#8221; size=&#8221;xl&#8221; align=&#8221;center&#8221; custom_color=&#8221;#891b13&#8243;][\/vc_column][vc_column width=&#8221;3\/4&#8243;][vc_column_text] Por via digital: Receba a sua tradu\u00e7\u00e3o com a assinatura digital do tradutor diretamente por e-mail. \u00c9 a op\u00e7\u00e3o mais r\u00e1pida e pr\u00e1tica,&hellip;<\/p>\n","protected":false},"author":1,"featured_media":0,"parent":0,"menu_order":0,"comment_status":"closed","ping_status":"closed","template":"","meta":{"footnotes":""},"class_list":["post-1722","page","type-page","status-publish","hentry","description-off"],"_links":{"self":[{"href":"https:\/\/traduccionscontext.com\/pt-pt\/wp-json\/wp\/v2\/pages\/1722","targetHints":{"allow":["GET"]}}],"collection":[{"href":"https:\/\/traduccionscontext.com\/pt-pt\/wp-json\/wp\/v2\/pages"}],"about":[{"href":"https:\/\/traduccionscontext.com\/pt-pt\/wp-json\/wp\/v2\/types\/page"}],"author":[{"embeddable":true,"href":"https:\/\/traduccionscontext.com\/pt-pt\/wp-json\/wp\/v2\/users\/1"}],"replies":[{"embeddable":true,"href":"https:\/\/traduccionscontext.com\/pt-pt\/wp-json\/wp\/v2\/comments?post=1722"}],"version-history":[{"count":6,"href":"https:\/\/traduccionscontext.com\/pt-pt\/wp-json\/wp\/v2\/pages\/1722\/revisions"}],"predecessor-version":[{"id":1758,"href":"https:\/\/traduccionscontext.com\/pt-pt\/wp-json\/wp\/v2\/pages\/1722\/revisions\/1758"}],"wp:attachment":[{"href":"https:\/\/traduccionscontext.com\/pt-pt\/wp-json\/wp\/v2\/media?parent=1722"}],"curies":[{"name":"wp","href":"https:\/\/api.w.org\/{rel}","templated":true}]}}